{"id":51385,"date":"2026-04-02T23:40:09","date_gmt":"2026-04-02T20:40:09","guid":{"rendered":"http:\/\/new.ceasuri.md\/shop\/uncategorized\/bulova-sutton-98r281\/"},"modified":"2026-04-07T04:38:12","modified_gmt":"2026-04-07T01:38:12","slug":"bulova-sutton-98r281","status":"publish","type":"product","link":"https:\/\/ceasuri.md\/ru\/shop\/branduri\/bulova\/bulova-sutton-98r281\/","title":{"rendered":"Ceas BULOVA SUTTON 98R281"},"content":{"rendered":"<p>Cadran alb din mam\u0103 de perl\u0103 alb\u0103 cu diamante.<\/p>\n<p>Carcasa rotund\u0103 este realizat\u0103 din o\u021bel inoxidabil par\u021bial acoperit cu IP, de culoare aur roz \u0219i decorat\u0103 cu diamante pe lunet\u0103.<\/p>\n<p>Diametrul carcasei este de 32 mm. Sticl\u0103 mineral\u0103 durabil\u0103 \u0219i rezistent\u0103 la deterior\u0103ri mecanice minore.<\/p>\n<p>Br\u0103\u021bar\u0103 din o\u021bel par\u021bial placat cu fermoar pliabil.<\/p>","protected":false},"excerpt":{"rendered":"<p>Cadran alb din mam\u0103 de perl\u0103 alb\u0103 cu diamante. Carcasa rotund\u0103 este realizat\u0103 din o\u021bel inoxidabil par\u021bial acoperit cu IP, de culoare aur roz \u0219i decorat\u0103 cu diamante pe lunet\u0103. Diametrul carcasei este de 32 mm. Sticl\u0103 mineral\u0103 durabil\u0103 \u0219i rezistent\u0103 la deterior\u0103ri mecanice minore. Br\u0103\u021bar\u0103 din o\u021bel par\u021bial placat cu fermoar pliabil.<\/p>","protected":false},"featured_media":51386,"comment_status":"closed","ping_status":"open","template":"","meta":{"_acf_changed":false},"product_brand":[],"product_cat":[624,25],"product_tag":[],"class_list":{"0":"post-51385","1":"product","2":"type-product","3":"status-publish","4":"has-post-thumbnail","6":"product_cat-bulova","7":"product_cat-ceasuri-dama","8":"pa_brand-bulova","9":"pa_braslet-otel-inoxidabil","10":"pa_corpus-32-mm","11":"pa_decor-diamante","12":"pa_forma-rotund","13":"pa_garatia-24-luni","14":"pa_korpus-argintiu","15":"pa_korpus-roz-gold","16":"pa_material-otel-inoxidabil","17":"pa_mehanizm-quartz","18":"pa_remeshok-bicolor","19":"pa_steklo-cristal-mineral","20":"pa_strana-sua","21":"pa_voda-3-atm","23":"first","24":"instock","25":"purchasable","26":"product-type-simple"},"acf":[],"_links":{"self":[{"href":"https:\/\/ceasuri.md\/ru\/wp-json\/wp\/v2\/product\/51385","targetHints":{"allow":["GET"]}}],"collection":[{"href":"https:\/\/ceasuri.md\/ru\/wp-json\/wp\/v2\/product"}],"about":[{"href":"https:\/\/ceasuri.md\/ru\/wp-json\/wp\/v2\/types\/product"}],"replies":[{"embeddable":true,"href":"https:\/\/ceasuri.md\/ru\/wp-json\/wp\/v2\/comments?post=51385"}],"wp:featuredmedia":[{"embeddable":true,"href":"https:\/\/ceasuri.md\/ru\/wp-json\/wp\/v2\/media\/51386"}],"wp:attachment":[{"href":"https:\/\/ceasuri.md\/ru\/wp-json\/wp\/v2\/media?parent=51385"}],"wp:term":[{"taxonomy":"product_brand","embeddable":true,"href":"https:\/\/ceasuri.md\/ru\/wp-json\/wp\/v2\/product_brand?post=51385"},{"taxonomy":"product_cat","embeddable":true,"href":"https:\/\/ceasuri.md\/ru\/wp-json\/wp\/v2\/product_cat?post=51385"},{"taxonomy":"product_tag","embeddable":true,"href":"https:\/\/ceasuri.md\/ru\/wp-json\/wp\/v2\/product_tag?post=51385"}],"curies":[{"name":"wp","href":"https:\/\/api.w.org\/{rel}","templated":true}]}}