{"id":51381,"date":"2026-04-02T23:40:09","date_gmt":"2026-04-02T20:40:09","guid":{"rendered":"http:\/\/new.ceasuri.md\/shop\/uncategorized\/bulova-exclusive-96l262\/"},"modified":"2026-04-07T04:38:11","modified_gmt":"2026-04-07T01:38:11","slug":"bulova-exclusive-96l262","status":"publish","type":"product","link":"https:\/\/ceasuri.md\/ru\/shop\/branduri\/bulova\/bulova-exclusive-96l262\/","title":{"rendered":"Ceas BULOVA EXCLUSIVE 96L262"},"content":{"rendered":"<p>Ceasul perfect pentru femei, cu un caracter elegant \u0219i stilat. Se potrive\u0219te at\u00e2t cu o \u021binut\u0103 strict\u0103, c\u00e2t \u0219i cu una casual.<\/p>\n<p>Datorit\u0103 mi\u0219c\u0103rii cu cuar\u021b, ceasul este caracterizat de precizie \u0219i fiabilitate.<\/p>\n<p>Carcasa alb\u0103 masiv\u0103 este fabricat\u0103 din o\u021bel inoxidabil. Br\u0103\u021bara realizat\u0103 din o\u021bel inoxidabil de \u00eenalt\u0103 calitate completeaz\u0103 perfect designul ceasului.<\/p>\n<p>Cadranul alb este protejat de \u0219ocuri \u0219i zg\u00e2rieturi prin sticl\u0103 mineral\u0103.<\/p>\n<p>Rezisten\u021ba la ap\u0103 a ceasului este de 3 ATM, ceea ce \u00eenseamn\u0103 c\u0103 ceasul este rezistent la stropi mici.<\/p>","protected":false},"excerpt":{"rendered":"<p>Ceasul perfect pentru femei, cu un caracter elegant \u0219i stilat. Se potrive\u0219te at\u00e2t cu o \u021binut\u0103 strict\u0103, c\u00e2t \u0219i cu una casual. Datorit\u0103 mi\u0219c\u0103rii cu cuar\u021b, ceasul este caracterizat de precizie \u0219i fiabilitate. Carcasa alb\u0103 masiv\u0103 este fabricat\u0103 din o\u021bel inoxidabil. Br\u0103\u021bara realizat\u0103 din o\u021bel inoxidabil de \u00eenalt\u0103 calitate completeaz\u0103 perfect designul ceasului. Cadranul alb [&hellip;]<\/p>\n","protected":false},"featured_media":51382,"comment_status":"closed","ping_status":"open","template":"","meta":{"_acf_changed":false},"product_brand":[],"product_cat":[624,25],"product_tag":[],"class_list":{"0":"post-51381","1":"product","2":"type-product","3":"status-publish","4":"has-post-thumbnail","6":"product_cat-bulova","7":"product_cat-ceasuri-dama","8":"pa_brand-bulova","9":"pa_braslet-otel-inoxidabil","10":"pa_corpus-34-mm","11":"pa_decor-cristale-swarowski","12":"pa_forma-rotund","13":"pa_garatia-24-luni","14":"pa_korpus-argintiu","15":"pa_material-otel-inoxidabil","16":"pa_mehanizm-quartz","17":"pa_remeshok-argintiu","18":"pa_steklo-cristal-mineral","19":"pa_strana-sua","20":"pa_voda-3-atm","22":"first","23":"instock","24":"purchasable","25":"product-type-simple"},"acf":[],"_links":{"self":[{"href":"https:\/\/ceasuri.md\/ru\/wp-json\/wp\/v2\/product\/51381","targetHints":{"allow":["GET"]}}],"collection":[{"href":"https:\/\/ceasuri.md\/ru\/wp-json\/wp\/v2\/product"}],"about":[{"href":"https:\/\/ceasuri.md\/ru\/wp-json\/wp\/v2\/types\/product"}],"replies":[{"embeddable":true,"href":"https:\/\/ceasuri.md\/ru\/wp-json\/wp\/v2\/comments?post=51381"}],"wp:featuredmedia":[{"embeddable":true,"href":"https:\/\/ceasuri.md\/ru\/wp-json\/wp\/v2\/media\/51382"}],"wp:attachment":[{"href":"https:\/\/ceasuri.md\/ru\/wp-json\/wp\/v2\/media?parent=51381"}],"wp:term":[{"taxonomy":"product_brand","embeddable":true,"href":"https:\/\/ceasuri.md\/ru\/wp-json\/wp\/v2\/product_brand?post=51381"},{"taxonomy":"product_cat","embeddable":true,"href":"https:\/\/ceasuri.md\/ru\/wp-json\/wp\/v2\/product_cat?post=51381"},{"taxonomy":"product_tag","embeddable":true,"href":"https:\/\/ceasuri.md\/ru\/wp-json\/wp\/v2\/product_tag?post=51381"}],"curies":[{"name":"wp","href":"https:\/\/api.w.org\/{rel}","templated":true}]}}