{"id":51379,"date":"2026-04-02T23:40:09","date_gmt":"2026-04-02T20:40:09","guid":{"rendered":"http:\/\/new.ceasuri.md\/shop\/uncategorized\/bulova-phantom-96l276\/"},"modified":"2026-04-07T04:38:11","modified_gmt":"2026-04-07T01:38:11","slug":"bulova-phantom-96l276","status":"publish","type":"product","link":"https:\/\/ceasuri.md\/ru\/shop\/branduri\/bulova\/bulova-phantom-96l276\/","title":{"rendered":"Ceas BULOVA PHANTOM 96L276"},"content":{"rendered":"<p>Cu designul s\u0103u complicat, ceasul Bulova Phantom Crystal pentru femei este un accesoriu de mod\u0103 frumos.<\/p>\n<p>Cadranul albastru viu, cu designul s\u0103u din sticl\u0103 texturat\u0103, este punctul central al acestui ceas superb. Cu indicatoare orare din cristal \u0219i m\u00e2ini argintii, acesta este \u00eenconjurat de o carcas\u0103 din o\u021bel inoxidabil pres\u0103rat\u0103 cu cristale.<\/p>\n<p>Br\u0103\u021bara metalic\u0103 elegant\u0103 este c\u0103ptu\u0219it\u0103 cu \u0219i mai multe cristale, complet\u00e2nd aspectul acestui ceas frumos.<\/p>","protected":false},"excerpt":{"rendered":"<p>Cu designul s\u0103u complicat, ceasul Bulova Phantom Crystal pentru femei este un accesoriu de mod\u0103 frumos. Cadranul albastru viu, cu designul s\u0103u din sticl\u0103 texturat\u0103, este punctul central al acestui ceas superb. Cu indicatoare orare din cristal \u0219i m\u00e2ini argintii, acesta este \u00eenconjurat de o carcas\u0103 din o\u021bel inoxidabil pres\u0103rat\u0103 cu cristale. Br\u0103\u021bara metalic\u0103 elegant\u0103 [&hellip;]<\/p>\n","protected":false},"featured_media":51380,"comment_status":"closed","ping_status":"open","template":"","meta":{"_acf_changed":false},"product_brand":[],"product_cat":[624,25],"product_tag":[],"class_list":{"0":"post-51379","1":"product","2":"type-product","3":"status-publish","4":"has-post-thumbnail","6":"product_cat-bulova","7":"product_cat-ceasuri-dama","8":"pa_brand-bulova","9":"pa_braslet-otel-inoxidabil","10":"pa_corpus-32-mm","11":"pa_decor-cristale-swarowski","12":"pa_forma-rotund","13":"pa_garatia-24-luni","14":"pa_korpus-argintiu","15":"pa_material-otel-inoxidabil","16":"pa_mehanizm-quartz","17":"pa_remeshok-argintiu","18":"pa_steklo-cristal-mineral","19":"pa_strana-sua","20":"pa_voda-3-atm","22":"first","23":"instock","24":"purchasable","25":"product-type-simple"},"acf":[],"_links":{"self":[{"href":"https:\/\/ceasuri.md\/ru\/wp-json\/wp\/v2\/product\/51379","targetHints":{"allow":["GET"]}}],"collection":[{"href":"https:\/\/ceasuri.md\/ru\/wp-json\/wp\/v2\/product"}],"about":[{"href":"https:\/\/ceasuri.md\/ru\/wp-json\/wp\/v2\/types\/product"}],"replies":[{"embeddable":true,"href":"https:\/\/ceasuri.md\/ru\/wp-json\/wp\/v2\/comments?post=51379"}],"wp:featuredmedia":[{"embeddable":true,"href":"https:\/\/ceasuri.md\/ru\/wp-json\/wp\/v2\/media\/51380"}],"wp:attachment":[{"href":"https:\/\/ceasuri.md\/ru\/wp-json\/wp\/v2\/media?parent=51379"}],"wp:term":[{"taxonomy":"product_brand","embeddable":true,"href":"https:\/\/ceasuri.md\/ru\/wp-json\/wp\/v2\/product_brand?post=51379"},{"taxonomy":"product_cat","embeddable":true,"href":"https:\/\/ceasuri.md\/ru\/wp-json\/wp\/v2\/product_cat?post=51379"},{"taxonomy":"product_tag","embeddable":true,"href":"https:\/\/ceasuri.md\/ru\/wp-json\/wp\/v2\/product_tag?post=51379"}],"curies":[{"name":"wp","href":"https:\/\/api.w.org\/{rel}","templated":true}]}}