{"id":51375,"date":"2026-04-02T23:40:09","date_gmt":"2026-04-02T20:40:09","guid":{"rendered":"http:\/\/new.ceasuri.md\/shop\/uncategorized\/bulova-phantom-96l291\/"},"modified":"2026-04-20T01:26:45","modified_gmt":"2026-04-19T22:26:45","slug":"bulova-phantom-96l291","status":"publish","type":"product","link":"https:\/\/ceasuri.md\/ru\/shop\/branduri\/bulova\/bulova-phantom-96l291\/","title":{"rendered":"Ceas BULOVA PHANTOM 96L291"},"content":{"rendered":"<p>Este o alegere excelent\u0103 pentru femeile care caut\u0103 un ceas elegant pentru purtarea zilnic\u0103 sau ca accesoriu potrivit pentru companie.<\/p>\n<p>Doamnele vor aprecia \u00een mod deosebit cadranul din mam\u0103-perl\u0103 \u0219i cristalele Swarovski, care fac din ceas o bijuterie \u0219i \u00eei subliniaz\u0103 farmecul.<\/p>\n<p>Carcasa \u0219i br\u0103\u021bara sunt realizate din o\u021bel inoxidabil.<\/p>\n<p>M\u00e2inile delicate \u0219i elegante \u0219i cristalele Swarovski de la pozi\u021biile principale ale orelor ies \u00een eviden\u021b\u0103 pe cadranul din mam\u0103 de perl\u0103. Cadranul este protejat de o sticl\u0103 mineral\u0103.<\/p>\n<p>Un total de 174 de cristale Swarovski sunt, de asemenea, montate pe lunet\u0103, pe picioarele carcasei \u0219i pe suprafe\u021bele centrale ale br\u0103\u021b\u0103rii.<\/p>\n<p>Rezisten\u021ba la ap\u0103 a acestui model este de 30 m, astfel \u00eenc\u00e2t ceasul poate rezista contactului accidental cu apa \u00een timpul sp\u0103l\u0103rii m\u00e2inilor \u0219i ploii.<\/p>","protected":false},"excerpt":{"rendered":"<p>Este o alegere excelent\u0103 pentru femeile care caut\u0103 un ceas elegant pentru purtarea zilnic\u0103 sau ca accesoriu potrivit pentru companie. Doamnele vor aprecia \u00een mod deosebit cadranul din mam\u0103-perl\u0103 \u0219i cristalele Swarovski, care fac din ceas o bijuterie \u0219i \u00eei subliniaz\u0103 farmecul. Carcasa \u0219i br\u0103\u021bara sunt realizate din o\u021bel inoxidabil. M\u00e2inile delicate \u0219i elegante \u0219i [&hellip;]<\/p>\n","protected":false},"featured_media":51376,"comment_status":"closed","ping_status":"open","template":"","meta":{"_acf_changed":false},"product_brand":[],"product_cat":[624,25],"product_tag":[],"class_list":{"0":"post-51375","1":"product","2":"type-product","3":"status-publish","4":"has-post-thumbnail","6":"product_cat-bulova","7":"product_cat-ceasuri-dama","8":"pa_brand-bulova","9":"pa_braslet-otel-inoxidabil","10":"pa_corpus-31-mm","11":"pa_decor-cristale-swarowski","12":"pa_forma-rotund","13":"pa_garatia-24-luni","14":"pa_korpus-argintiu","15":"pa_kvarc-quartz","16":"pa_material-otel-inoxidabil","17":"pa_mehanizm-quartz","18":"pa_remeshok-argintiu","19":"pa_steklo-cristal-mineral","20":"pa_strana-sua","21":"pa_voda-3-atm","23":"first","24":"instock","25":"purchasable","26":"product-type-simple"},"acf":[],"_links":{"self":[{"href":"https:\/\/ceasuri.md\/ru\/wp-json\/wp\/v2\/product\/51375","targetHints":{"allow":["GET"]}}],"collection":[{"href":"https:\/\/ceasuri.md\/ru\/wp-json\/wp\/v2\/product"}],"about":[{"href":"https:\/\/ceasuri.md\/ru\/wp-json\/wp\/v2\/types\/product"}],"replies":[{"embeddable":true,"href":"https:\/\/ceasuri.md\/ru\/wp-json\/wp\/v2\/comments?post=51375"}],"wp:featuredmedia":[{"embeddable":true,"href":"https:\/\/ceasuri.md\/ru\/wp-json\/wp\/v2\/media\/51376"}],"wp:attachment":[{"href":"https:\/\/ceasuri.md\/ru\/wp-json\/wp\/v2\/media?parent=51375"}],"wp:term":[{"taxonomy":"product_brand","embeddable":true,"href":"https:\/\/ceasuri.md\/ru\/wp-json\/wp\/v2\/product_brand?post=51375"},{"taxonomy":"product_cat","embeddable":true,"href":"https:\/\/ceasuri.md\/ru\/wp-json\/wp\/v2\/product_cat?post=51375"},{"taxonomy":"product_tag","embeddable":true,"href":"https:\/\/ceasuri.md\/ru\/wp-json\/wp\/v2\/product_tag?post=51375"}],"curies":[{"name":"wp","href":"https:\/\/api.w.org\/{rel}","templated":true}]}}