{"id":51366,"date":"2026-04-02T23:40:09","date_gmt":"2026-04-02T20:40:09","guid":{"rendered":"http:\/\/new.ceasuri.md\/shop\/uncategorized\/bulova-sutton-97a138\/"},"modified":"2026-04-20T01:26:47","modified_gmt":"2026-04-19T22:26:47","slug":"bulova-sutton-97a138","status":"publish","type":"product","link":"https:\/\/ceasuri.md\/ru\/shop\/branduri\/bulova\/bulova-sutton-97a138\/","title":{"rendered":"\u0427\u0430\u0441\u044b BULOVA SUTTON 97A138"},"content":{"rendered":"<p>Design sofisticat, cu cadran de expozi\u021bie complet\u0103 \u0219i fundul carcasei.<\/p>\n<p>Carcas\u0103 din o\u021bel inoxidabil de culoare aurie cu fundul \u00een\u0219urubat.<\/p>\n<p>Cadran alb-argintiu scheletizat cu trei m\u00e2ini care dezv\u0103luie mecanismele complicate ale mi\u0219c\u0103rii automate cu 21 de bijuterii.<\/p>\n<p>Cristal mineral, curea din piele maro cu cataram\u0103 cu buton de desf\u0103\u0219urare.<\/p>\n<p>Rezisten\u021b\u0103 la ap\u0103 p\u00e2n\u0103 la 30 de metri.<\/p>","protected":false},"excerpt":{"rendered":"<p>Design sofisticat, cu cadran de expozi\u021bie complet\u0103 \u0219i fundul carcasei. Carcas\u0103 din o\u021bel inoxidabil de culoare aurie cu fundul \u00een\u0219urubat. Cadran alb-argintiu scheletizat cu trei m\u00e2ini care dezv\u0103luie mecanismele complicate ale mi\u0219c\u0103rii automate cu 21 de bijuterii. Cristal mineral, curea din piele maro cu cataram\u0103 cu buton de desf\u0103\u0219urare. Rezisten\u021b\u0103 la ap\u0103 p\u00e2n\u0103 la 30 [&hellip;]<\/p>\n","protected":false},"featured_media":51367,"comment_status":"closed","ping_status":"open","template":"","meta":{"_acf_changed":false},"product_brand":[],"product_cat":[624,20],"product_tag":[],"class_list":{"0":"post-51366","1":"product","2":"type-product","3":"status-publish","4":"has-post-thumbnail","6":"product_cat-bulova","7":"product_cat-ceasuri-barbati","8":"pa_brand-bulova","9":"pa_braslet-piele","10":"pa_corpus-43-mm","11":"pa_forma-rotund","12":"pa_funcii-schelet","13":"pa_garatia-24-luni","14":"pa_korpus-auriu","15":"pa_material-otel-inoxidabil","16":"pa_mehanizm-mecanic","17":"pa_mehanizm-mecanism-automatic","18":"pa_remeshok-maro","19":"pa_steklo-cristal-mineral","20":"pa_strana-sua","21":"pa_voda-3-atm","23":"first","24":"instock","25":"purchasable","26":"product-type-simple"},"acf":[],"_links":{"self":[{"href":"https:\/\/ceasuri.md\/ru\/wp-json\/wp\/v2\/product\/51366","targetHints":{"allow":["GET"]}}],"collection":[{"href":"https:\/\/ceasuri.md\/ru\/wp-json\/wp\/v2\/product"}],"about":[{"href":"https:\/\/ceasuri.md\/ru\/wp-json\/wp\/v2\/types\/product"}],"replies":[{"embeddable":true,"href":"https:\/\/ceasuri.md\/ru\/wp-json\/wp\/v2\/comments?post=51366"}],"wp:featuredmedia":[{"embeddable":true,"href":"https:\/\/ceasuri.md\/ru\/wp-json\/wp\/v2\/media\/51367"}],"wp:attachment":[{"href":"https:\/\/ceasuri.md\/ru\/wp-json\/wp\/v2\/media?parent=51366"}],"wp:term":[{"taxonomy":"product_brand","embeddable":true,"href":"https:\/\/ceasuri.md\/ru\/wp-json\/wp\/v2\/product_brand?post=51366"},{"taxonomy":"product_cat","embeddable":true,"href":"https:\/\/ceasuri.md\/ru\/wp-json\/wp\/v2\/product_cat?post=51366"},{"taxonomy":"product_tag","embeddable":true,"href":"https:\/\/ceasuri.md\/ru\/wp-json\/wp\/v2\/product_tag?post=51366"}],"curies":[{"name":"wp","href":"https:\/\/api.w.org\/{rel}","templated":true}]}}