{"id":51359,"date":"2026-04-02T23:40:09","date_gmt":"2026-04-02T20:40:09","guid":{"rendered":"http:\/\/new.ceasuri.md\/shop\/uncategorized\/bulova-sutton-97a162\/"},"modified":"2026-04-20T01:26:48","modified_gmt":"2026-04-19T22:26:48","slug":"bulova-sutton-97a162","status":"publish","type":"product","link":"https:\/\/ceasuri.md\/ru\/shop\/branduri\/bulova\/bulova-sutton-97a162\/","title":{"rendered":"\u0427\u0430\u0441\u044b BULOVA SUTTON 97A162"},"content":{"rendered":"<p>Carcas\u0103 din o\u021bel inoxidabil placat cu aur, cu cadran auriu, mi\u0219care deschis\u0103 \u0219i m\u00e2ini \u0219i markeri placate cu aur.<\/p>\n<p>Spatele carcasei dezv\u0103luie o vedere a mi\u0219c\u0103rii automate scheletate cu 21 de bijuterii.<\/p>\n<p>Br\u0103\u021bara din o\u021bel inoxidabil de culoare aurie prezint\u0103 o \u00eenchidere pliant\u0103 cu \u00eemping\u0103toare.<\/p>\n<p>Ceasul este prev\u0103zut cu un cristal mineral plat \u0219i este rezistent la ap\u0103 p\u00e2n\u0103 la 100 de metri.<\/p>","protected":false},"excerpt":{"rendered":"<p>Carcas\u0103 din o\u021bel inoxidabil placat cu aur, cu cadran auriu, mi\u0219care deschis\u0103 \u0219i m\u00e2ini \u0219i markeri placate cu aur. Spatele carcasei dezv\u0103luie o vedere a mi\u0219c\u0103rii automate scheletate cu 21 de bijuterii. Br\u0103\u021bara din o\u021bel inoxidabil de culoare aurie prezint\u0103 o \u00eenchidere pliant\u0103 cu \u00eemping\u0103toare. Ceasul este prev\u0103zut cu un cristal mineral plat \u0219i este [&hellip;]<\/p>\n","protected":false},"featured_media":51360,"comment_status":"closed","ping_status":"open","template":"","meta":{"_acf_changed":false},"product_brand":[],"product_cat":[624,20],"product_tag":[],"class_list":{"0":"post-51359","1":"product","2":"type-product","3":"status-publish","4":"has-post-thumbnail","6":"product_cat-bulova","7":"product_cat-ceasuri-barbati","8":"pa_brand-bulova","9":"pa_braslet-otel-inoxidabil","10":"pa_corpus-43-mm","11":"pa_forma-rotund","12":"pa_funcii-schelet","13":"pa_garatia-24-luni","14":"pa_korpus-auriu","15":"pa_material-otel-inoxidabil","16":"pa_mehanizm-mecanic","17":"pa_mehanizm-mecanism-automatic","18":"pa_remeshok-auriu","19":"pa_steklo-cristal-mineral","20":"pa_strana-sua","21":"pa_voda-10-atm","23":"first","24":"instock","25":"purchasable","26":"product-type-simple"},"acf":[],"_links":{"self":[{"href":"https:\/\/ceasuri.md\/ru\/wp-json\/wp\/v2\/product\/51359","targetHints":{"allow":["GET"]}}],"collection":[{"href":"https:\/\/ceasuri.md\/ru\/wp-json\/wp\/v2\/product"}],"about":[{"href":"https:\/\/ceasuri.md\/ru\/wp-json\/wp\/v2\/types\/product"}],"replies":[{"embeddable":true,"href":"https:\/\/ceasuri.md\/ru\/wp-json\/wp\/v2\/comments?post=51359"}],"wp:featuredmedia":[{"embeddable":true,"href":"https:\/\/ceasuri.md\/ru\/wp-json\/wp\/v2\/media\/51360"}],"wp:attachment":[{"href":"https:\/\/ceasuri.md\/ru\/wp-json\/wp\/v2\/media?parent=51359"}],"wp:term":[{"taxonomy":"product_brand","embeddable":true,"href":"https:\/\/ceasuri.md\/ru\/wp-json\/wp\/v2\/product_brand?post=51359"},{"taxonomy":"product_cat","embeddable":true,"href":"https:\/\/ceasuri.md\/ru\/wp-json\/wp\/v2\/product_cat?post=51359"},{"taxonomy":"product_tag","embeddable":true,"href":"https:\/\/ceasuri.md\/ru\/wp-json\/wp\/v2\/product_tag?post=51359"}],"curies":[{"name":"wp","href":"https:\/\/api.w.org\/{rel}","templated":true}]}}