{"id":51355,"date":"2026-04-02T23:40:09","date_gmt":"2026-04-02T20:40:09","guid":{"rendered":"http:\/\/new.ceasuri.md\/shop\/uncategorized\/bulova-jet-star-97b214\/"},"modified":"2026-04-20T01:26:49","modified_gmt":"2026-04-19T22:26:49","slug":"bulova-jet-star-97b214","status":"publish","type":"product","link":"https:\/\/ceasuri.md\/ru\/shop\/branduri\/bulova\/bulova-jet-star-97b214\/","title":{"rendered":"Ceas BULOVA JET STAR 97B214"},"content":{"rendered":"<p>Direct din anii &#8217;70 vine Bulova Jet Star, un model iconic din istoria impresionant\u0103 a m\u0103rcii, echipat acum cu o mi\u0219care la fel de impresionant\u0103.<\/p>\n<p>\u00cemprumut\u00e2nd de la predecesorul s\u0103u istoric, carcasa din o\u021bel inoxidabil de culoare aurie are un design unghiular izbitor, cu fa\u021bete largi \u0219i un cristal de safir bombat.<\/p>\n<p>C\u0103ldura cadranului de culoare caramel este accentuat\u0103 de un inel capitular maro bogat, de indicatoare de ore aplicate de culoare maro \u0219i auriu \u0219i de m\u00e2ini de culoare aurie. O secundar\u0103 ro\u0219ie aduce un strop de culoare \u0219i m\u0103tur\u0103 lin \u00een jurul cadranului.<\/p>\n<p>Bulova Jet Star este asortat perfect cu o curea din piele maro.<\/p>\n<p>Str\u0103luce\u0219te \u00een stil legendar cu Bulova 1973 Jet Star de mare zbor, un design legendar recreat pentru cunosc\u0103torii moderni.<\/p>","protected":false},"excerpt":{"rendered":"<p>Direct din anii &#8217;70 vine Bulova Jet Star, un model iconic din istoria impresionant\u0103 a m\u0103rcii, echipat acum cu o mi\u0219care la fel de impresionant\u0103. \u00cemprumut\u00e2nd de la predecesorul s\u0103u istoric, carcasa din o\u021bel inoxidabil de culoare aurie are un design unghiular izbitor, cu fa\u021bete largi \u0219i un cristal de safir bombat. C\u0103ldura cadranului de [&hellip;]<\/p>\n","protected":false},"featured_media":51356,"comment_status":"closed","ping_status":"open","template":"","meta":{"_acf_changed":false},"product_brand":[],"product_cat":[624,20],"product_tag":[],"class_list":{"0":"post-51355","1":"product","2":"type-product","3":"status-publish","4":"has-post-thumbnail","6":"product_cat-bulova","7":"product_cat-ceasuri-barbati","8":"pa_brand-bulova","9":"pa_braslet-piele","10":"pa_corpus-40-mm","11":"pa_forma-rotund","12":"pa_funcii-data","13":"pa_garatia-24-luni","14":"pa_korpus-auriu","15":"pa_kvarc-quartz","16":"pa_material-otel-inoxidabil","17":"pa_mehanizm-quartz","18":"pa_remeshok-maro","19":"pa_steklo-cristal-safir","20":"pa_strana-sua","21":"pa_voda-5-atm","23":"first","24":"instock","25":"purchasable","26":"product-type-simple"},"acf":[],"_links":{"self":[{"href":"https:\/\/ceasuri.md\/ru\/wp-json\/wp\/v2\/product\/51355","targetHints":{"allow":["GET"]}}],"collection":[{"href":"https:\/\/ceasuri.md\/ru\/wp-json\/wp\/v2\/product"}],"about":[{"href":"https:\/\/ceasuri.md\/ru\/wp-json\/wp\/v2\/types\/product"}],"replies":[{"embeddable":true,"href":"https:\/\/ceasuri.md\/ru\/wp-json\/wp\/v2\/comments?post=51355"}],"wp:featuredmedia":[{"embeddable":true,"href":"https:\/\/ceasuri.md\/ru\/wp-json\/wp\/v2\/media\/51356"}],"wp:attachment":[{"href":"https:\/\/ceasuri.md\/ru\/wp-json\/wp\/v2\/media?parent=51355"}],"wp:term":[{"taxonomy":"product_brand","embeddable":true,"href":"https:\/\/ceasuri.md\/ru\/wp-json\/wp\/v2\/product_brand?post=51355"},{"taxonomy":"product_cat","embeddable":true,"href":"https:\/\/ceasuri.md\/ru\/wp-json\/wp\/v2\/product_cat?post=51355"},{"taxonomy":"product_tag","embeddable":true,"href":"https:\/\/ceasuri.md\/ru\/wp-json\/wp\/v2\/product_tag?post=51355"}],"curies":[{"name":"wp","href":"https:\/\/api.w.org\/{rel}","templated":true}]}}