{"id":51351,"date":"2026-04-02T23:40:09","date_gmt":"2026-04-02T20:40:09","guid":{"rendered":"http:\/\/new.ceasuri.md\/shop\/uncategorized\/bulova-icon-97b216\/"},"modified":"2026-04-20T01:26:49","modified_gmt":"2026-04-19T22:26:49","slug":"bulova-icon-97b216","status":"publish","type":"product","link":"https:\/\/ceasuri.md\/ru\/shop\/branduri\/bulova\/bulova-icon-97b216\/","title":{"rendered":"\u0427\u0430\u0441\u044b BULOVA ICON 97B216"},"content":{"rendered":"<p>Bulova introduce o nou\u0103 completare la colec\u021bia Icon pentru b\u0103rba\u021bi, care continu\u0103 angajamentul liniei de precizie excep\u021bional\u0103 \u0219i design remarcabil.<\/p>\n<p>Carcasa spectaculoas\u0103 de 40 mm de culoare aurie este realizat\u0103 din o\u021bel inoxidabil 316L pentru durabilitate \u0219i este prev\u0103zut\u0103 cu un cristal de safir curbat.<\/p>\n<p>Ceasul are un cadran negru cu mai multe niveluri, cu m\u00e2ini \u0219i indicatoare luminescente de culoare aurie \u0219i un afi\u0219aj al datei.<\/p>\n<p>Ceasurile din colec\u021bia Icon sunt ac\u021bionate de mi\u0219carea Bulova Precisionist, un mecanism revolu\u021bionar cu cuar\u021b cu 8 rubine care vibreaz\u0103 la o frecven\u021b\u0103 remarcabil\u0103 de 262 kHz, cu o precizie de 5 secunde pe lun\u0103, cu rezisten\u021b\u0103 sporit\u0103 la schimb\u0103rile de temperatur\u0103 \u0219i cu o m\u00e2n\u0103 a secundelor.<\/p>\n<p>Ceasul are o rezisten\u021b\u0103 la ap\u0103 de 100 m \u0219i este asortat cu o curea de lux din piele maro, \u00een stil de curse, care se \u00eent\u00e2lne\u0219te cu carcasa pentru o siluet\u0103 f\u0103r\u0103 cusur.<\/p>\n<p>\u00cendr\u0103zne\u021b \u00een mod neapologetic \u0219i de o precizie f\u0103r\u0103 rival, acest nou ceas pentru b\u0103rba\u021bi Bulova din colec\u021bia Icon este o modalitate perfect\u0103 de a face o declara\u021bie.<\/p>","protected":false},"excerpt":{"rendered":"<p>Bulova introduce o nou\u0103 completare la colec\u021bia Icon pentru b\u0103rba\u021bi, care continu\u0103 angajamentul liniei de precizie excep\u021bional\u0103 \u0219i design remarcabil. Carcasa spectaculoas\u0103 de 40 mm de culoare aurie este realizat\u0103 din o\u021bel inoxidabil 316L pentru durabilitate \u0219i este prev\u0103zut\u0103 cu un cristal de safir curbat. Ceasul are un cadran negru cu mai multe niveluri, cu [&hellip;]<\/p>\n","protected":false},"featured_media":51352,"comment_status":"closed","ping_status":"open","template":"","meta":{"_acf_changed":false},"product_brand":[],"product_cat":[624,20],"product_tag":[],"class_list":{"0":"post-51351","1":"product","2":"type-product","3":"status-publish","4":"has-post-thumbnail","6":"product_cat-bulova","7":"product_cat-ceasuri-barbati","8":"pa_brand-bulova","9":"pa_braslet-piele","10":"pa_corpus-40-mm","11":"pa_forma-rotund","12":"pa_funcii-data","13":"pa_garatia-24-luni","14":"pa_korpus-auriu","15":"pa_kvarc-quartz","16":"pa_material-otel-inoxidabil","17":"pa_mehanizm-quartz","18":"pa_remeshok-maro","19":"pa_steklo-cristal-safir","20":"pa_strana-sua","21":"pa_voda-10-atm","23":"first","24":"instock","25":"purchasable","26":"product-type-simple"},"acf":[],"_links":{"self":[{"href":"https:\/\/ceasuri.md\/ru\/wp-json\/wp\/v2\/product\/51351","targetHints":{"allow":["GET"]}}],"collection":[{"href":"https:\/\/ceasuri.md\/ru\/wp-json\/wp\/v2\/product"}],"about":[{"href":"https:\/\/ceasuri.md\/ru\/wp-json\/wp\/v2\/types\/product"}],"replies":[{"embeddable":true,"href":"https:\/\/ceasuri.md\/ru\/wp-json\/wp\/v2\/comments?post=51351"}],"wp:featuredmedia":[{"embeddable":true,"href":"https:\/\/ceasuri.md\/ru\/wp-json\/wp\/v2\/media\/51352"}],"wp:attachment":[{"href":"https:\/\/ceasuri.md\/ru\/wp-json\/wp\/v2\/media?parent=51351"}],"wp:term":[{"taxonomy":"product_brand","embeddable":true,"href":"https:\/\/ceasuri.md\/ru\/wp-json\/wp\/v2\/product_brand?post=51351"},{"taxonomy":"product_cat","embeddable":true,"href":"https:\/\/ceasuri.md\/ru\/wp-json\/wp\/v2\/product_cat?post=51351"},{"taxonomy":"product_tag","embeddable":true,"href":"https:\/\/ceasuri.md\/ru\/wp-json\/wp\/v2\/product_tag?post=51351"}],"curies":[{"name":"wp","href":"https:\/\/api.w.org\/{rel}","templated":true}]}}