{"id":51347,"date":"2026-04-02T23:40:09","date_gmt":"2026-04-02T20:40:09","guid":{"rendered":"http:\/\/new.ceasuri.md\/shop\/uncategorized\/bulova-surveyor-97c109\/"},"modified":"2026-04-15T20:28:20","modified_gmt":"2026-04-15T17:28:20","slug":"bulova-surveyor-97c109","status":"publish","type":"product","link":"https:\/\/ceasuri.md\/ru\/shop\/branduri\/bulova\/bulova-surveyor-97c109\/","title":{"rendered":"Ceas BULOVA SURVEYOR 97C109"},"content":{"rendered":"<p>Cronograf b\u0103rb\u0103tesc cu cuar\u021b de inspira\u021bie patrimonial\u0103 din colec\u021bia clasic\u0103 Bulova.<\/p>\n<p>Cu carcas\u0103 \u0219i br\u0103\u021bar\u0103 din o\u021bel inoxidabil auriu.<\/p>\n<p>Cadran alb argintiu cu \u0219ase m\u00e2ini, cu func\u021bie zi\/data.<\/p>\n<p>Cristal mineral bombat \u0219i rezisten\u021b\u0103 la ap\u0103 p\u00e2n\u0103 la 30 de metri.<\/p>","protected":false},"excerpt":{"rendered":"<p>Cronograf b\u0103rb\u0103tesc cu cuar\u021b de inspira\u021bie patrimonial\u0103 din colec\u021bia clasic\u0103 Bulova. Cu carcas\u0103 \u0219i br\u0103\u021bar\u0103 din o\u021bel inoxidabil auriu. Cadran alb argintiu cu \u0219ase m\u00e2ini, cu func\u021bie zi\/data. Cristal mineral bombat \u0219i rezisten\u021b\u0103 la ap\u0103 p\u00e2n\u0103 la 30 de metri.<\/p>","protected":false},"featured_media":51348,"comment_status":"closed","ping_status":"open","template":"","meta":{"_acf_changed":false},"product_brand":[],"product_cat":[624,20],"product_tag":[],"class_list":{"0":"post-51347","1":"product","2":"type-product","3":"status-publish","4":"has-post-thumbnail","6":"product_cat-bulova","7":"product_cat-ceasuri-barbati","8":"pa_brand-bulova","9":"pa_braslet-otel-inoxidabil","10":"pa_corpus-42-mm","11":"pa_forma-rotund","12":"pa_funcii-cronograf","13":"pa_funcii-data","14":"pa_funcii-ziua-saptamanii","15":"pa_garatia-24-luni","16":"pa_korpus-auriu","17":"pa_kvarc-quartz","18":"pa_material-otel-inoxidabil","19":"pa_mehanizm-quartz","20":"pa_remeshok-auriu","21":"pa_steklo-cristal-mineral","22":"pa_strana-sua","23":"pa_voda-3-atm","25":"first","26":"instock","27":"purchasable","28":"product-type-simple"},"acf":[],"_links":{"self":[{"href":"https:\/\/ceasuri.md\/ru\/wp-json\/wp\/v2\/product\/51347","targetHints":{"allow":["GET"]}}],"collection":[{"href":"https:\/\/ceasuri.md\/ru\/wp-json\/wp\/v2\/product"}],"about":[{"href":"https:\/\/ceasuri.md\/ru\/wp-json\/wp\/v2\/types\/product"}],"replies":[{"embeddable":true,"href":"https:\/\/ceasuri.md\/ru\/wp-json\/wp\/v2\/comments?post=51347"}],"wp:featuredmedia":[{"embeddable":true,"href":"https:\/\/ceasuri.md\/ru\/wp-json\/wp\/v2\/media\/51348"}],"wp:attachment":[{"href":"https:\/\/ceasuri.md\/ru\/wp-json\/wp\/v2\/media?parent=51347"}],"wp:term":[{"taxonomy":"product_brand","embeddable":true,"href":"https:\/\/ceasuri.md\/ru\/wp-json\/wp\/v2\/product_brand?post=51347"},{"taxonomy":"product_cat","embeddable":true,"href":"https:\/\/ceasuri.md\/ru\/wp-json\/wp\/v2\/product_cat?post=51347"},{"taxonomy":"product_tag","embeddable":true,"href":"https:\/\/ceasuri.md\/ru\/wp-json\/wp\/v2\/product_tag?post=51347"}],"curies":[{"name":"wp","href":"https:\/\/api.w.org\/{rel}","templated":true}]}}