{"id":51342,"date":"2026-04-02T23:40:09","date_gmt":"2026-04-02T20:40:09","guid":{"rendered":"http:\/\/new.ceasuri.md\/shop\/uncategorized\/bulova-sutton-98a165\/"},"modified":"2026-04-20T01:26:52","modified_gmt":"2026-04-19T22:26:52","slug":"bulova-sutton-98a165","status":"publish","type":"product","link":"https:\/\/ceasuri.md\/ru\/shop\/branduri\/bulova\/bulova-sutton-98a165\/","title":{"rendered":"\u0427\u0430\u0441\u044b BULOVA SUTTON 98A165"},"content":{"rendered":"<p>BULOVA CLASSIC din colec\u021bia Classic Automatic.<\/p>\n<p>Din o\u021bel inoxidabil cu carcas\u0103 de culoare maro \u0219i aur roz.<\/p>\n<p>Cadran scheletat maro \u0219i spate de expozi\u021bie.<\/p>\n<p>Mi\u0219care automat\u0103.<\/p>\n<p>Sticl\u0103 mineral\u0103 plat\u0103, curea din piele maro cu granula\u021bie de aligator cu \u00eenchidere cu cataram\u0103 din 3 piese.<\/p>","protected":false},"excerpt":{"rendered":"<p>BULOVA CLASSIC din colec\u021bia Classic Automatic. Din o\u021bel inoxidabil cu carcas\u0103 de culoare maro \u0219i aur roz. Cadran scheletat maro \u0219i spate de expozi\u021bie. Mi\u0219care automat\u0103. Sticl\u0103 mineral\u0103 plat\u0103, curea din piele maro cu granula\u021bie de aligator cu \u00eenchidere cu cataram\u0103 din 3 piese.<\/p>","protected":false},"featured_media":51343,"comment_status":"closed","ping_status":"open","template":"","meta":{"_acf_changed":false},"product_brand":[],"product_cat":[624,20],"product_tag":[],"class_list":{"0":"post-51342","1":"product","2":"type-product","3":"status-publish","4":"has-post-thumbnail","6":"product_cat-bulova","7":"product_cat-ceasuri-barbati","8":"pa_brand-bulova","9":"pa_braslet-piele","10":"pa_corpus-43-mm","11":"pa_forma-rotund","12":"pa_funcii-schelet","13":"pa_garatia-24-luni","14":"pa_korpus-maro","15":"pa_korpus-roz-gold","16":"pa_material-otel-inoxidabil","17":"pa_mehanizm-mecanic","18":"pa_mehanizm-mecanism-automatic","19":"pa_remeshok-maro","20":"pa_steklo-cristal-mineral","21":"pa_strana-sua","22":"pa_voda-10-atm","24":"first","25":"instock","26":"purchasable","27":"product-type-simple"},"acf":[],"_links":{"self":[{"href":"https:\/\/ceasuri.md\/ru\/wp-json\/wp\/v2\/product\/51342","targetHints":{"allow":["GET"]}}],"collection":[{"href":"https:\/\/ceasuri.md\/ru\/wp-json\/wp\/v2\/product"}],"about":[{"href":"https:\/\/ceasuri.md\/ru\/wp-json\/wp\/v2\/types\/product"}],"replies":[{"embeddable":true,"href":"https:\/\/ceasuri.md\/ru\/wp-json\/wp\/v2\/comments?post=51342"}],"wp:featuredmedia":[{"embeddable":true,"href":"https:\/\/ceasuri.md\/ru\/wp-json\/wp\/v2\/media\/51343"}],"wp:attachment":[{"href":"https:\/\/ceasuri.md\/ru\/wp-json\/wp\/v2\/media?parent=51342"}],"wp:term":[{"taxonomy":"product_brand","embeddable":true,"href":"https:\/\/ceasuri.md\/ru\/wp-json\/wp\/v2\/product_brand?post=51342"},{"taxonomy":"product_cat","embeddable":true,"href":"https:\/\/ceasuri.md\/ru\/wp-json\/wp\/v2\/product_cat?post=51342"},{"taxonomy":"product_tag","embeddable":true,"href":"https:\/\/ceasuri.md\/ru\/wp-json\/wp\/v2\/product_tag?post=51342"}],"curies":[{"name":"wp","href":"https:\/\/api.w.org\/{rel}","templated":true}]}}