{"id":51337,"date":"2026-04-02T23:40:09","date_gmt":"2026-04-02T20:40:09","guid":{"rendered":"http:\/\/new.ceasuri.md\/shop\/uncategorized\/bulova-aerojet-98a187\/"},"modified":"2026-04-20T01:26:53","modified_gmt":"2026-04-19T22:26:53","slug":"bulova-aerojet-98a187","status":"publish","type":"product","link":"https:\/\/ceasuri.md\/ru\/shop\/branduri\/bulova\/bulova-aerojet-98a187\/","title":{"rendered":"Ceas BULOVA AEROJET 98A187"},"content":{"rendered":"<p>Carcas\u0103 din o\u021bel inoxidabil cu coroan\u0103 de culoare aurie roz \u00een pozi\u021bia de la ora dou\u0103.<\/p>\n<p>Cadran gri cu deschidere deschis\u0103, cu ar\u0103t\u0103toare \u0219i markeri de culoare aurie roz.<\/p>\n<p>Spate de expozi\u021bie, mi\u0219care automat\u0103 cu b\u0103t\u0103i de inim\u0103 cu lichidare automat\u0103 \u0219i rezerv\u0103 de putere de 40 de ore.<\/p>\n<p>Sticl\u0103 mineral\u0103 , curea din piele neagr\u0103 embosat\u0103 cu crocodilii, cu \u00eenchidere cu cataram\u0103 din trei piese \u0219i rezisten\u021b\u0103 la ap\u0103 p\u00e2n\u0103 la 30 de metri.<\/p>","protected":false},"excerpt":{"rendered":"<p>Carcas\u0103 din o\u021bel inoxidabil cu coroan\u0103 de culoare aurie roz \u00een pozi\u021bia de la ora dou\u0103. Cadran gri cu deschidere deschis\u0103, cu ar\u0103t\u0103toare \u0219i markeri de culoare aurie roz. Spate de expozi\u021bie, mi\u0219care automat\u0103 cu b\u0103t\u0103i de inim\u0103 cu lichidare automat\u0103 \u0219i rezerv\u0103 de putere de 40 de ore. Sticl\u0103 mineral\u0103 , curea din piele [&hellip;]<\/p>\n","protected":false},"featured_media":51338,"comment_status":"closed","ping_status":"open","template":"","meta":{"_acf_changed":false},"product_brand":[],"product_cat":[624,20],"product_tag":[],"class_list":{"0":"post-51337","1":"product","2":"type-product","3":"status-publish","4":"has-post-thumbnail","6":"product_cat-bulova","7":"product_cat-ceasuri-barbati","8":"pa_brand-bulova","9":"pa_braslet-piele","10":"pa_corpus-41-mm","11":"pa_forma-rotund","12":"pa_funcii-semischelet","13":"pa_garatia-24-luni","14":"pa_korpus-argintiu","15":"pa_material-otel-inoxidabil","16":"pa_mehanizm-mecanic","17":"pa_mehanizm-mecanism-automatic","18":"pa_remeshok-negru","19":"pa_steklo-cristal-mineral","20":"pa_strana-sua","21":"pa_voda-3-atm","23":"first","24":"instock","25":"purchasable","26":"product-type-simple"},"acf":[],"_links":{"self":[{"href":"https:\/\/ceasuri.md\/ru\/wp-json\/wp\/v2\/product\/51337","targetHints":{"allow":["GET"]}}],"collection":[{"href":"https:\/\/ceasuri.md\/ru\/wp-json\/wp\/v2\/product"}],"about":[{"href":"https:\/\/ceasuri.md\/ru\/wp-json\/wp\/v2\/types\/product"}],"replies":[{"embeddable":true,"href":"https:\/\/ceasuri.md\/ru\/wp-json\/wp\/v2\/comments?post=51337"}],"wp:featuredmedia":[{"embeddable":true,"href":"https:\/\/ceasuri.md\/ru\/wp-json\/wp\/v2\/media\/51338"}],"wp:attachment":[{"href":"https:\/\/ceasuri.md\/ru\/wp-json\/wp\/v2\/media?parent=51337"}],"wp:term":[{"taxonomy":"product_brand","embeddable":true,"href":"https:\/\/ceasuri.md\/ru\/wp-json\/wp\/v2\/product_brand?post=51337"},{"taxonomy":"product_cat","embeddable":true,"href":"https:\/\/ceasuri.md\/ru\/wp-json\/wp\/v2\/product_cat?post=51337"},{"taxonomy":"product_tag","embeddable":true,"href":"https:\/\/ceasuri.md\/ru\/wp-json\/wp\/v2\/product_tag?post=51337"}],"curies":[{"name":"wp","href":"https:\/\/api.w.org\/{rel}","templated":true}]}}