{"id":51322,"date":"2026-04-02T23:40:09","date_gmt":"2026-04-02T20:40:09","guid":{"rendered":"http:\/\/new.ceasuri.md\/shop\/uncategorized\/bulova-icon-96b417\/"},"modified":"2026-04-20T01:26:43","modified_gmt":"2026-04-19T22:26:43","slug":"bulova-icon-96b417","status":"publish","type":"product","link":"https:\/\/ceasuri.md\/ru\/shop\/branduri\/bulova\/bulova-icon-96b417\/","title":{"rendered":"\u0427\u0430\u0441\u044b BULOVA ICON 96B417"},"content":{"rendered":"<p>Carcasa sa robust\u0103 din o\u021bel inoxidabil, cu diametrul de 40 mm \u0219i \u00een\u0103l\u021bimea de 13 mm, confer\u0103 ceasului o aur\u0103 masculin\u0103 \u0219i \u00eei asigur\u0103 longevitate. Acest exterior elegant este completat de o baz\u0103 \u00een\u0219urubat\u0103 din o\u021bel inoxidabil, care ofer\u0103 siguran\u021b\u0103 \u0219i stabilitate suplimentare.<\/p>\n<p>Cu o rezisten\u021b\u0103 la ap\u0103 de 10 bari, acest ceas este sinonim cu fiabilitatea, fie la birou, fie \u00een timpul \u00eenotului.<\/p>\n<p>Sticla bombat\u0103 din safir protejeaz\u0103 cadranul impresionant \u0219i confer\u0103 ceasului o not\u0103 de lux.<\/p>\n<p>Cadranul cu dou\u0103 straturi, sus\u021binut cu carbon, atrage imediat privirile, oferind un design profund \u0219i multidimensional. Indicii cu bare \u00een\u0103l\u021bate, care str\u0103lucesc \u00een \u00eentuneric, combina\u021bi cu acele luminescente, lustruite \u00een argintiu, fac din citirea orei o pl\u0103cere.<\/p>\n<p>Un adev\u0103rat punct de atrac\u021bie al acestui ceas este cureaua solid\u0103 din o\u021bel inoxidabil, care m\u0103soar\u0103 20 mm \u00een l\u0103\u021bime, fixat\u0103 \u00een siguran\u021b\u0103 la \u00eencheietura m\u00e2inii cu o \u00eenchidere pliant\u0103 dubl\u0103 cu buton.<\/p>","protected":false},"excerpt":{"rendered":"<p>Carcasa sa robust\u0103 din o\u021bel inoxidabil, cu diametrul de 40 mm \u0219i \u00een\u0103l\u021bimea de 13 mm, confer\u0103 ceasului o aur\u0103 masculin\u0103 \u0219i \u00eei asigur\u0103 longevitate. Acest exterior elegant este completat de o baz\u0103 \u00een\u0219urubat\u0103 din o\u021bel inoxidabil, care ofer\u0103 siguran\u021b\u0103 \u0219i stabilitate suplimentare. Cu o rezisten\u021b\u0103 la ap\u0103 de 10 bari, acest ceas este sinonim [&hellip;]<\/p>\n","protected":false},"featured_media":51323,"comment_status":"closed","ping_status":"open","template":"","meta":{"_acf_changed":false},"product_brand":[],"product_cat":[624,20],"product_tag":[],"class_list":{"0":"post-51322","1":"product","2":"type-product","3":"status-publish","4":"has-post-thumbnail","6":"product_cat-bulova","7":"product_cat-ceasuri-barbati","8":"pa_brand-bulova","9":"pa_braslet-otel-inoxidabil","10":"pa_corpus-40-mm","11":"pa_forma-rotund","12":"pa_funcii-data","13":"pa_garatia-24-luni","14":"pa_korpus-argintiu","15":"pa_kvarc-quartz","16":"pa_material-otel-inoxidabil","17":"pa_mehanizm-quartz","18":"pa_remeshok-argintiu","19":"pa_steklo-cristal-safir","20":"pa_strana-sua","21":"pa_voda-10-atm","23":"first","24":"instock","25":"purchasable","26":"product-type-simple"},"acf":[],"_links":{"self":[{"href":"https:\/\/ceasuri.md\/ru\/wp-json\/wp\/v2\/product\/51322","targetHints":{"allow":["GET"]}}],"collection":[{"href":"https:\/\/ceasuri.md\/ru\/wp-json\/wp\/v2\/product"}],"about":[{"href":"https:\/\/ceasuri.md\/ru\/wp-json\/wp\/v2\/types\/product"}],"replies":[{"embeddable":true,"href":"https:\/\/ceasuri.md\/ru\/wp-json\/wp\/v2\/comments?post=51322"}],"wp:featuredmedia":[{"embeddable":true,"href":"https:\/\/ceasuri.md\/ru\/wp-json\/wp\/v2\/media\/51323"}],"wp:attachment":[{"href":"https:\/\/ceasuri.md\/ru\/wp-json\/wp\/v2\/media?parent=51322"}],"wp:term":[{"taxonomy":"product_brand","embeddable":true,"href":"https:\/\/ceasuri.md\/ru\/wp-json\/wp\/v2\/product_brand?post=51322"},{"taxonomy":"product_cat","embeddable":true,"href":"https:\/\/ceasuri.md\/ru\/wp-json\/wp\/v2\/product_cat?post=51322"},{"taxonomy":"product_tag","embeddable":true,"href":"https:\/\/ceasuri.md\/ru\/wp-json\/wp\/v2\/product_tag?post=51322"}],"curies":[{"name":"wp","href":"https:\/\/api.w.org\/{rel}","templated":true}]}}