{"id":51318,"date":"2026-04-02T23:40:09","date_gmt":"2026-04-02T20:40:09","guid":{"rendered":"http:\/\/new.ceasuri.md\/shop\/uncategorized\/bulova-icon-96b416\/"},"modified":"2026-04-20T01:26:42","modified_gmt":"2026-04-19T22:26:42","slug":"bulova-icon-96b416","status":"publish","type":"product","link":"https:\/\/ceasuri.md\/ru\/shop\/branduri\/bulova\/bulova-icon-96b416\/","title":{"rendered":"\u0427\u0430\u0441\u044b BULOVA ICON 96B416"},"content":{"rendered":"<p>Bulova introduce o nou\u0103 completare la colec\u021bia Icon, care continu\u0103 angajamentul liniei pentru precizie excep\u021bional\u0103 \u0219i design remarcabil.<\/p>\n<p>Carcasa de 40 mm este confec\u021bionat\u0103 din o\u021bel inoxidabil 316L pentru o durabilitate excep\u021bional\u0103 \u0219i prezint\u0103 un stil modern cu o lunet\u0103 fix\u0103 \u00eenclinat\u0103 \u0219i un cristal de safir curbat.<\/p>\n<p>Cadranul negru cu mai multe niveluri prezint\u0103 m\u00e2ini \u0219i indicatoare argintii luminiscente de culoare argintie \u0219i un afi\u0219aj al datei.<\/p>\n<p>Ceasurile din Colec\u021bia Icon sunt ac\u021bionate de mi\u0219carea Bulova Precisionist, un mecanism revolu\u021bionar de cuar\u021b cu 8 rubine care vibreaz\u0103 la o frecven\u021b\u0103 remarcabil\u0103 de 262 kHz, cu o precizie de 5 secunde pe lun\u0103, cu rezisten\u021b\u0103 sporit\u0103 la schimb\u0103rile de temperatur\u0103 \u0219i cu o m\u00e2n\u0103 a secundelor.<\/p>\n<p>Rezisten\u021b\u0103 la ap\u0103 de 100 m \u0219i este asortat cu o curea din piele neagr\u0103 ajustat\u0103 pentru un confort maxim.<\/p>","protected":false},"excerpt":{"rendered":"<p>Bulova introduce o nou\u0103 completare la colec\u021bia Icon, care continu\u0103 angajamentul liniei pentru precizie excep\u021bional\u0103 \u0219i design remarcabil. Carcasa de 40 mm este confec\u021bionat\u0103 din o\u021bel inoxidabil 316L pentru o durabilitate excep\u021bional\u0103 \u0219i prezint\u0103 un stil modern cu o lunet\u0103 fix\u0103 \u00eenclinat\u0103 \u0219i un cristal de safir curbat. Cadranul negru cu mai multe niveluri prezint\u0103 [&hellip;]<\/p>\n","protected":false},"featured_media":51319,"comment_status":"closed","ping_status":"open","template":"","meta":{"_acf_changed":false},"product_brand":[],"product_cat":[624,20],"product_tag":[],"class_list":{"0":"post-51318","1":"product","2":"type-product","3":"status-publish","4":"has-post-thumbnail","6":"product_cat-bulova","7":"product_cat-ceasuri-barbati","8":"pa_brand-bulova","9":"pa_braslet-piele","10":"pa_corpus-40-mm","11":"pa_forma-rotund","12":"pa_funcii-data","13":"pa_garatia-24-luni","14":"pa_korpus-argintiu","15":"pa_kvarc-quartz","16":"pa_material-otel-inoxidabil","17":"pa_mehanizm-quartz","18":"pa_remeshok-negru","19":"pa_steklo-cristal-safir","20":"pa_strana-sua","21":"pa_voda-10-atm","23":"first","24":"instock","25":"purchasable","26":"product-type-simple"},"acf":[],"_links":{"self":[{"href":"https:\/\/ceasuri.md\/ru\/wp-json\/wp\/v2\/product\/51318","targetHints":{"allow":["GET"]}}],"collection":[{"href":"https:\/\/ceasuri.md\/ru\/wp-json\/wp\/v2\/product"}],"about":[{"href":"https:\/\/ceasuri.md\/ru\/wp-json\/wp\/v2\/types\/product"}],"replies":[{"embeddable":true,"href":"https:\/\/ceasuri.md\/ru\/wp-json\/wp\/v2\/comments?post=51318"}],"wp:featuredmedia":[{"embeddable":true,"href":"https:\/\/ceasuri.md\/ru\/wp-json\/wp\/v2\/media\/51319"}],"wp:attachment":[{"href":"https:\/\/ceasuri.md\/ru\/wp-json\/wp\/v2\/media?parent=51318"}],"wp:term":[{"taxonomy":"product_brand","embeddable":true,"href":"https:\/\/ceasuri.md\/ru\/wp-json\/wp\/v2\/product_brand?post=51318"},{"taxonomy":"product_cat","embeddable":true,"href":"https:\/\/ceasuri.md\/ru\/wp-json\/wp\/v2\/product_cat?post=51318"},{"taxonomy":"product_tag","embeddable":true,"href":"https:\/\/ceasuri.md\/ru\/wp-json\/wp\/v2\/product_tag?post=51318"}],"curies":[{"name":"wp","href":"https:\/\/api.w.org\/{rel}","templated":true}]}}