{"id":51306,"date":"2026-04-02T23:40:09","date_gmt":"2026-04-02T20:40:09","guid":{"rendered":"http:\/\/new.ceasuri.md\/shop\/uncategorized\/bulova-classic-96b408\/"},"modified":"2026-04-17T14:26:03","modified_gmt":"2026-04-17T11:26:03","slug":"bulova-classic-96b408","status":"publish","type":"product","link":"https:\/\/ceasuri.md\/ru\/shop\/branduri\/bulova\/bulova-classic-96b408\/","title":{"rendered":"Ceas BULOVA CLASSIC 96B408"},"content":{"rendered":"<p>Designul \u00eendr\u0103zne\u021b \u0219i modern caracterizeaz\u0103 acest cronograf cu 6 m\u00e2ini din colec\u021bia Bulova Classic pentru b\u0103rba\u021bi.<\/p>\n<p>O carcas\u0103 din o\u021bel inoxidabil de 44 mm prezint\u0103 un amestec de finisaje periate \u0219i lustruite, cu un luneta geometric\u0103 pentru un aspect unic.<\/p>\n<p>Cadranul dungat de culoare argintie are m\u00e2ini argintii \u0219i markeri aplica\u021bi cu material luminescent. Cadranul prezint\u0103, de asemenea, un afi\u0219aj al datei \u0219i subcadrane de cronograf care permit cronometrarea evenimentelor cu o precizie de 1\/20 de secund\u0103.<\/p>\n<p>Acest ceas este ac\u021bionat de mi\u0219carea cu cuar\u021b de \u00eenalt\u0103 precizie brevetat\u0103 de Bulova, care rezoneaz\u0103 la o frecven\u021b\u0103 de 262khz pentru o precizie de neegalat \u0219i care asigur\u0103 o m\u00e2n\u0103 a secundelor cronografului care se deplaseaz\u0103 lin.<\/p>\n<p>Br\u0103\u021bara integrat\u0103 din o\u021bel inoxidabil de culoare argintie completeaz\u0103 carcasa cu un amestec de suprafe\u021be lustruite \u0219i periate. Foarte func\u021bional, cu o rezisten\u021b\u0103 la ap\u0103 de 100 m \u0219i un design distinctiv, acest Bulova este potrivit at\u00e2t pentru rutin\u0103, c\u00e2t \u0219i pentru lucruri extraordinare.<\/p>","protected":false},"excerpt":{"rendered":"<p>Designul \u00eendr\u0103zne\u021b \u0219i modern caracterizeaz\u0103 acest cronograf cu 6 m\u00e2ini din colec\u021bia Bulova Classic pentru b\u0103rba\u021bi. O carcas\u0103 din o\u021bel inoxidabil de 44 mm prezint\u0103 un amestec de finisaje periate \u0219i lustruite, cu un luneta geometric\u0103 pentru un aspect unic. Cadranul dungat de culoare argintie are m\u00e2ini argintii \u0219i markeri aplica\u021bi cu material luminescent. Cadranul [&hellip;]<\/p>\n","protected":false},"featured_media":51307,"comment_status":"closed","ping_status":"open","template":"","meta":{"_acf_changed":false},"product_brand":[],"product_cat":[624,20],"product_tag":[],"class_list":{"0":"post-51306","1":"product","2":"type-product","3":"status-publish","4":"has-post-thumbnail","6":"product_cat-bulova","7":"product_cat-ceasuri-barbati","8":"pa_brand-bulova","9":"pa_braslet-otel-inoxidabil","10":"pa_corpus-44-mm","11":"pa_forma-octogonala","12":"pa_funcii-cronograf","13":"pa_funcii-data","14":"pa_garatia-24-luni","15":"pa_korpus-argintiu","16":"pa_kvarc-quartz","17":"pa_material-otel-inoxidabil","18":"pa_mehanizm-quartz","19":"pa_remeshok-argintiu","20":"pa_steklo-cristal-mineral","21":"pa_strana-sua","22":"pa_voda-10-atm","24":"first","25":"instock","26":"purchasable","27":"product-type-simple"},"acf":[],"_links":{"self":[{"href":"https:\/\/ceasuri.md\/ru\/wp-json\/wp\/v2\/product\/51306","targetHints":{"allow":["GET"]}}],"collection":[{"href":"https:\/\/ceasuri.md\/ru\/wp-json\/wp\/v2\/product"}],"about":[{"href":"https:\/\/ceasuri.md\/ru\/wp-json\/wp\/v2\/types\/product"}],"replies":[{"embeddable":true,"href":"https:\/\/ceasuri.md\/ru\/wp-json\/wp\/v2\/comments?post=51306"}],"wp:featuredmedia":[{"embeddable":true,"href":"https:\/\/ceasuri.md\/ru\/wp-json\/wp\/v2\/media\/51307"}],"wp:attachment":[{"href":"https:\/\/ceasuri.md\/ru\/wp-json\/wp\/v2\/media?parent=51306"}],"wp:term":[{"taxonomy":"product_brand","embeddable":true,"href":"https:\/\/ceasuri.md\/ru\/wp-json\/wp\/v2\/product_brand?post=51306"},{"taxonomy":"product_cat","embeddable":true,"href":"https:\/\/ceasuri.md\/ru\/wp-json\/wp\/v2\/product_cat?post=51306"},{"taxonomy":"product_tag","embeddable":true,"href":"https:\/\/ceasuri.md\/ru\/wp-json\/wp\/v2\/product_tag?post=51306"}],"curies":[{"name":"wp","href":"https:\/\/api.w.org\/{rel}","templated":true}]}}