{"id":51302,"date":"2026-04-02T23:40:09","date_gmt":"2026-04-02T20:40:09","guid":{"rendered":"http:\/\/new.ceasuri.md\/shop\/uncategorized\/bulova-jet-star-96b401\/"},"modified":"2026-04-20T01:26:38","modified_gmt":"2026-04-19T22:26:38","slug":"bulova-jet-star-96b401","status":"publish","type":"product","link":"https:\/\/ceasuri.md\/ru\/shop\/branduri\/bulova\/bulova-jet-star-96b401\/","title":{"rendered":"Ceas BULOVA JET STAR 96B401"},"content":{"rendered":"<p>Direct din anii &#8217;70 vine Bulova 1973 Jet Star, un model iconic din istoria impresionant\u0103 a m\u0103rcii, echipat acum cu o mi\u0219care la fel de impresionant\u0103.<\/p>\n<p>\u00cemprumut\u00e2nd de la predecesorul s\u0103u istoric, carcasa din o\u021bel inoxidabil are un design unghiular izbitor, cu fa\u021bete largi \u0219i un cristal de safir bombat.<\/p>\n<p>Parcelele luminiscente la fiecare or\u0103 \u0219i umplerea m\u00e2inilor permit o lizibilitate excep\u021bional\u0103 \u00een orice mediu, \u00een timp ce un afi\u0219aj al datei este a\u0219ezat perfect la ora 3.<\/p>\n<p>Noul Jet Star este propulsat de mi\u0219carea Bulova Precisionist, un mecanism revolu\u021bionar de cuar\u021b care vibreaz\u0103 la o remarcabil\u0103 frecven\u021b\u0103 de 262 kHz, cu o precizie de 5 secunde pe lun\u0103, cu o rezisten\u021b\u0103 sporit\u0103 la schimb\u0103rile de temperatur\u0103.<\/p>\n<p>\u00cen completarea carcasei din o\u021bel inoxidabil se afl\u0103 o br\u0103\u021bar\u0103 asortat\u0103 cu o \u00eenchidere cu catarama de tip deployant \u0219i bare cu arc cu z\u0103vor pentru o eliberare u\u0219oar\u0103.<\/p>","protected":false},"excerpt":{"rendered":"<p>Direct din anii &#8217;70 vine Bulova 1973 Jet Star, un model iconic din istoria impresionant\u0103 a m\u0103rcii, echipat acum cu o mi\u0219care la fel de impresionant\u0103. \u00cemprumut\u00e2nd de la predecesorul s\u0103u istoric, carcasa din o\u021bel inoxidabil are un design unghiular izbitor, cu fa\u021bete largi \u0219i un cristal de safir bombat. Parcelele luminiscente la fiecare or\u0103 [&hellip;]<\/p>\n","protected":false},"featured_media":51303,"comment_status":"closed","ping_status":"open","template":"","meta":{"_acf_changed":false},"product_brand":[],"product_cat":[624,20],"product_tag":[],"class_list":{"0":"post-51302","1":"product","2":"type-product","3":"status-publish","4":"has-post-thumbnail","6":"product_cat-bulova","7":"product_cat-ceasuri-barbati","8":"pa_brand-bulova","9":"pa_braslet-otel-inoxidabil","10":"pa_corpus-40-mm","11":"pa_forma-rotund","12":"pa_funcii-data","13":"pa_garatia-24-luni","14":"pa_korpus-argintiu","15":"pa_kvarc-quartz","16":"pa_material-otel-inoxidabil","17":"pa_mehanizm-quartz","18":"pa_remeshok-argintiu","19":"pa_steklo-cristal-safir","20":"pa_strana-sua","21":"pa_voda-5-atm","23":"first","24":"instock","25":"purchasable","26":"product-type-simple"},"acf":[],"_links":{"self":[{"href":"https:\/\/ceasuri.md\/ru\/wp-json\/wp\/v2\/product\/51302","targetHints":{"allow":["GET"]}}],"collection":[{"href":"https:\/\/ceasuri.md\/ru\/wp-json\/wp\/v2\/product"}],"about":[{"href":"https:\/\/ceasuri.md\/ru\/wp-json\/wp\/v2\/types\/product"}],"replies":[{"embeddable":true,"href":"https:\/\/ceasuri.md\/ru\/wp-json\/wp\/v2\/comments?post=51302"}],"wp:featuredmedia":[{"embeddable":true,"href":"https:\/\/ceasuri.md\/ru\/wp-json\/wp\/v2\/media\/51303"}],"wp:attachment":[{"href":"https:\/\/ceasuri.md\/ru\/wp-json\/wp\/v2\/media?parent=51302"}],"wp:term":[{"taxonomy":"product_brand","embeddable":true,"href":"https:\/\/ceasuri.md\/ru\/wp-json\/wp\/v2\/product_brand?post=51302"},{"taxonomy":"product_cat","embeddable":true,"href":"https:\/\/ceasuri.md\/ru\/wp-json\/wp\/v2\/product_cat?post=51302"},{"taxonomy":"product_tag","embeddable":true,"href":"https:\/\/ceasuri.md\/ru\/wp-json\/wp\/v2\/product_tag?post=51302"}],"curies":[{"name":"wp","href":"https:\/\/api.w.org\/{rel}","templated":true}]}}