{"id":51290,"date":"2026-04-02T23:39:25","date_gmt":"2026-04-02T20:39:25","guid":{"rendered":"http:\/\/new.ceasuri.md\/shop\/uncategorized\/bulova-sutton-96b310\/"},"modified":"2026-04-07T04:37:56","modified_gmt":"2026-04-07T01:37:56","slug":"bulova-sutton-96b310","status":"publish","type":"product","link":"https:\/\/ceasuri.md\/ru\/shop\/branduri\/bulova\/bulova-sutton-96b310\/","title":{"rendered":"Ceas BULOVA SUTTON 96B310"},"content":{"rendered":"<p>Cronograf cu \u0219ase m\u00e2ini, cu carcas\u0103 din o\u021bel inoxidabil argintiu \u0219i curea din piele neagr\u0103.<\/p>\n<p>Cadran de culoare verde p\u0103dure \u00eenchis \u0219i negru, cu fereastr\u0103 supradimensionat\u0103 pentru dat\u0103 \u00een pozi\u021bia de la ora 12.<\/p>\n<p>Ceasul este prev\u0103zut cu un cristal mineral bombat, mi\u0219care cu cuar\u021b \u0219i rezisten\u021b\u0103 la ap\u0103 p\u00e2n\u0103 la 30 de metri.<\/p>","protected":false},"excerpt":{"rendered":"<p>Cronograf cu \u0219ase m\u00e2ini, cu carcas\u0103 din o\u021bel inoxidabil argintiu \u0219i curea din piele neagr\u0103. Cadran de culoare verde p\u0103dure \u00eenchis \u0219i negru, cu fereastr\u0103 supradimensionat\u0103 pentru dat\u0103 \u00een pozi\u021bia de la ora 12. Ceasul este prev\u0103zut cu un cristal mineral bombat, mi\u0219care cu cuar\u021b \u0219i rezisten\u021b\u0103 la ap\u0103 p\u00e2n\u0103 la 30 de metri.<\/p>","protected":false},"featured_media":51291,"comment_status":"closed","ping_status":"open","template":"","meta":{"_acf_changed":false},"product_brand":[],"product_cat":[624,20],"product_tag":[],"class_list":{"0":"post-51290","1":"product","2":"type-product","3":"status-publish","4":"has-post-thumbnail","6":"product_cat-bulova","7":"product_cat-ceasuri-barbati","8":"pa_brand-bulova","9":"pa_braslet-piele","10":"pa_corpus-44-mm","11":"pa_forma-rotund","12":"pa_funcii-cronograf","13":"pa_funcii-data","14":"pa_garatia-24-luni","15":"pa_korpus-argintiu","16":"pa_material-otel-inoxidabil","17":"pa_mehanizm-quartz","18":"pa_remeshok-negru","19":"pa_steklo-cristal-mineral","20":"pa_strana-sua","21":"pa_voda-3-atm","23":"first","24":"instock","25":"purchasable","26":"product-type-simple"},"acf":[],"_links":{"self":[{"href":"https:\/\/ceasuri.md\/ru\/wp-json\/wp\/v2\/product\/51290","targetHints":{"allow":["GET"]}}],"collection":[{"href":"https:\/\/ceasuri.md\/ru\/wp-json\/wp\/v2\/product"}],"about":[{"href":"https:\/\/ceasuri.md\/ru\/wp-json\/wp\/v2\/types\/product"}],"replies":[{"embeddable":true,"href":"https:\/\/ceasuri.md\/ru\/wp-json\/wp\/v2\/comments?post=51290"}],"wp:featuredmedia":[{"embeddable":true,"href":"https:\/\/ceasuri.md\/ru\/wp-json\/wp\/v2\/media\/51291"}],"wp:attachment":[{"href":"https:\/\/ceasuri.md\/ru\/wp-json\/wp\/v2\/media?parent=51290"}],"wp:term":[{"taxonomy":"product_brand","embeddable":true,"href":"https:\/\/ceasuri.md\/ru\/wp-json\/wp\/v2\/product_brand?post=51290"},{"taxonomy":"product_cat","embeddable":true,"href":"https:\/\/ceasuri.md\/ru\/wp-json\/wp\/v2\/product_cat?post=51290"},{"taxonomy":"product_tag","embeddable":true,"href":"https:\/\/ceasuri.md\/ru\/wp-json\/wp\/v2\/product_tag?post=51290"}],"curies":[{"name":"wp","href":"https:\/\/api.w.org\/{rel}","templated":true}]}}