{"id":51282,"date":"2026-04-02T23:39:25","date_gmt":"2026-04-02T20:39:25","guid":{"rendered":"http:\/\/new.ceasuri.md\/shop\/uncategorized\/bulova-lunar-pilot-96b251\/"},"modified":"2026-04-20T01:27:41","modified_gmt":"2026-04-19T22:27:41","slug":"bulova-lunar-pilot-96b251","status":"publish","type":"product","link":"https:\/\/ceasuri.md\/ru\/shop\/branduri\/bulova\/bulova-lunar-pilot-96b251\/","title":{"rendered":"\u0427\u0430\u0441\u044b BULOVA LUNAR PILOT 96B251"},"content":{"rendered":"<p>Bulova a intrat \u00een istoria spa\u021biului la 2 august 1971 &#8211; \u00een timpul misiunii Apollo 15, un cronograf pentru pilo\u021bi lunari, adaptat pentru condi\u021biile lunare de c\u0103tre inginerii Bulova, a fost purtat pe Lun\u0103.<\/p>\n<p>Acum, Bulova face din nou istorie cu edi\u021bia special\u0103 Lunar Pilot Chronograph, actualizat\u0103 cu mi\u0219carea noastr\u0103 exclusiv\u0103 de \u00eenalt\u0103 performan\u021b\u0103 cu cuar\u021b, cu o frecven\u021b\u0103 de 262 kHz pentru o acurate\u021be de neegalat, continu\u00e2nd o istorie a cronometr\u0103rii de precizie.<\/p>\n<p>Caracteristicile includ m\u00e2ini \u0219i indicatoare super-luminoase, sticl\u0103 de safir anti-reflectorizant\u0103, tahimetru \u0219i calendar, toate ad\u0103postite \u00eentr-o carcas\u0103 din o\u021bel inoxidabil(316L) masiv sablat, \u00een ton argintiu, cu cadran negru.<\/p>","protected":false},"excerpt":{"rendered":"<p>Bulova a intrat \u00een istoria spa\u021biului la 2 august 1971 &#8211; \u00een timpul misiunii Apollo 15, un cronograf pentru pilo\u021bi lunari, adaptat pentru condi\u021biile lunare de c\u0103tre inginerii Bulova, a fost purtat pe Lun\u0103. Acum, Bulova face din nou istorie cu edi\u021bia special\u0103 Lunar Pilot Chronograph, actualizat\u0103 cu mi\u0219carea noastr\u0103 exclusiv\u0103 de \u00eenalt\u0103 performan\u021b\u0103 cu [&hellip;]<\/p>\n","protected":false},"featured_media":51283,"comment_status":"closed","ping_status":"open","template":"","meta":{"_acf_changed":false},"product_brand":[],"product_cat":[624,20],"product_tag":[],"class_list":{"0":"post-51282","1":"product","2":"type-product","3":"status-publish","4":"has-post-thumbnail","6":"product_cat-bulova","7":"product_cat-ceasuri-barbati","8":"pa_brand-bulova","9":"pa_braslet-piele","10":"pa_corpus-45-mm","11":"pa_forma-rotund","12":"pa_funcii-cronograf","13":"pa_funcii-data","14":"pa_funcii-set-cadou","15":"pa_funcii-tahimetru","16":"pa_garatia-24-luni","17":"pa_korpus-argintiu","18":"pa_kvarc-quartz","19":"pa_material-otel-inoxidabil","20":"pa_mehanizm-quartz","21":"pa_remeshok-negru","22":"pa_steklo-cristal-safir","23":"pa_strana-sua","24":"pa_voda-5-atm","26":"first","27":"instock","28":"purchasable","29":"product-type-simple"},"acf":[],"_links":{"self":[{"href":"https:\/\/ceasuri.md\/ru\/wp-json\/wp\/v2\/product\/51282","targetHints":{"allow":["GET"]}}],"collection":[{"href":"https:\/\/ceasuri.md\/ru\/wp-json\/wp\/v2\/product"}],"about":[{"href":"https:\/\/ceasuri.md\/ru\/wp-json\/wp\/v2\/types\/product"}],"replies":[{"embeddable":true,"href":"https:\/\/ceasuri.md\/ru\/wp-json\/wp\/v2\/comments?post=51282"}],"wp:featuredmedia":[{"embeddable":true,"href":"https:\/\/ceasuri.md\/ru\/wp-json\/wp\/v2\/media\/51283"}],"wp:attachment":[{"href":"https:\/\/ceasuri.md\/ru\/wp-json\/wp\/v2\/media?parent=51282"}],"wp:term":[{"taxonomy":"product_brand","embeddable":true,"href":"https:\/\/ceasuri.md\/ru\/wp-json\/wp\/v2\/product_brand?post=51282"},{"taxonomy":"product_cat","embeddable":true,"href":"https:\/\/ceasuri.md\/ru\/wp-json\/wp\/v2\/product_cat?post=51282"},{"taxonomy":"product_tag","embeddable":true,"href":"https:\/\/ceasuri.md\/ru\/wp-json\/wp\/v2\/product_tag?post=51282"}],"curies":[{"name":"wp","href":"https:\/\/api.w.org\/{rel}","templated":true}]}}