{"id":51274,"date":"2026-04-02T23:39:25","date_gmt":"2026-04-02T20:39:25","guid":{"rendered":"http:\/\/new.ceasuri.md\/shop\/uncategorized\/bulova-surveyor-96a292\/"},"modified":"2026-04-20T01:26:34","modified_gmt":"2026-04-19T22:26:34","slug":"bulova-surveyor-96a292","status":"publish","type":"product","link":"https:\/\/ceasuri.md\/ru\/shop\/branduri\/bulova\/bulova-surveyor-96a292\/","title":{"rendered":"\u0427\u0430\u0441\u044b BULOVA SURVEYOR 96A292"},"content":{"rendered":"<p>Nou\u0103 ofert\u0103 pentru b\u0103rba\u021bi din colec\u021bia Bulova Surveyor ofer\u0103 un design modern \u0219i me\u0219te\u0219ugire la un pre\u021b excep\u021bional.<\/p>\n<p>Carcasa contemporan\u0103 din o\u021bel inoxidabil ofer\u0103 un amestec pl\u0103cut de suprafe\u021be periate \u0219i lustruite \u0219i un cristal mineral bombat.<\/p>\n<p>Cadranul remarcabil este dominat de afi\u0219area mi\u0219c\u0103rii automate scheletate cu 21 de bijuterii, care dispune de o rezerv\u0103 de energie de 42 de ore. \u00cen jurul cadranului se afl\u0103 un inel albastru de capitol cu indici orari aplica\u021bi, care este completat de indicatoare unghiulare cu umplutur\u0103 luminescent\u0103.<\/p>\n<p>Ceasul este asociat cu o br\u0103\u021bar\u0103 din o\u021bel inoxidabil asortat\u0103 pentru un aspect uniform pe \u00eencheietura m\u00e2inii.<\/p>\n<p>Cu un cadran captivant \u0219i un design atr\u0103g\u0103tor, acest ceas este accesoriul perfect pentru un stil zilnic.<\/p>","protected":false},"excerpt":{"rendered":"<p>Nou\u0103 ofert\u0103 pentru b\u0103rba\u021bi din colec\u021bia Bulova Surveyor ofer\u0103 un design modern \u0219i me\u0219te\u0219ugire la un pre\u021b excep\u021bional. Carcasa contemporan\u0103 din o\u021bel inoxidabil ofer\u0103 un amestec pl\u0103cut de suprafe\u021be periate \u0219i lustruite \u0219i un cristal mineral bombat. Cadranul remarcabil este dominat de afi\u0219area mi\u0219c\u0103rii automate scheletate cu 21 de bijuterii, care dispune de o rezerv\u0103 [&hellip;]<\/p>\n","protected":false},"featured_media":51275,"comment_status":"closed","ping_status":"open","template":"","meta":{"_acf_changed":false},"product_brand":[],"product_cat":[624,20],"product_tag":[],"class_list":{"0":"post-51274","1":"product","2":"type-product","3":"status-publish","4":"has-post-thumbnail","6":"product_cat-bulova","7":"product_cat-ceasuri-barbati","8":"pa_brand-bulova","9":"pa_braslet-otel-inoxidabil","10":"pa_corpus-41-mm","11":"pa_forma-rotund","12":"pa_funcii-schelet","13":"pa_garatia-24-luni","14":"pa_korpus-argintiu","15":"pa_material-otel-inoxidabil","16":"pa_mehanizm-mecanic","17":"pa_mehanizm-mecanism-automatic","18":"pa_remeshok-argintiu","19":"pa_steklo-cristal-mineral","20":"pa_strana-sua","21":"pa_voda-3-atm","23":"first","24":"instock","25":"purchasable","26":"product-type-simple"},"acf":[],"_links":{"self":[{"href":"https:\/\/ceasuri.md\/ru\/wp-json\/wp\/v2\/product\/51274","targetHints":{"allow":["GET"]}}],"collection":[{"href":"https:\/\/ceasuri.md\/ru\/wp-json\/wp\/v2\/product"}],"about":[{"href":"https:\/\/ceasuri.md\/ru\/wp-json\/wp\/v2\/types\/product"}],"replies":[{"embeddable":true,"href":"https:\/\/ceasuri.md\/ru\/wp-json\/wp\/v2\/comments?post=51274"}],"wp:featuredmedia":[{"embeddable":true,"href":"https:\/\/ceasuri.md\/ru\/wp-json\/wp\/v2\/media\/51275"}],"wp:attachment":[{"href":"https:\/\/ceasuri.md\/ru\/wp-json\/wp\/v2\/media?parent=51274"}],"wp:term":[{"taxonomy":"product_brand","embeddable":true,"href":"https:\/\/ceasuri.md\/ru\/wp-json\/wp\/v2\/product_brand?post=51274"},{"taxonomy":"product_cat","embeddable":true,"href":"https:\/\/ceasuri.md\/ru\/wp-json\/wp\/v2\/product_cat?post=51274"},{"taxonomy":"product_tag","embeddable":true,"href":"https:\/\/ceasuri.md\/ru\/wp-json\/wp\/v2\/product_tag?post=51274"}],"curies":[{"name":"wp","href":"https:\/\/api.w.org\/{rel}","templated":true}]}}