{"id":51266,"date":"2026-04-02T23:39:25","date_gmt":"2026-04-02T20:39:25","guid":{"rendered":"http:\/\/new.ceasuri.md\/shop\/uncategorized\/bulova-surveyor-96a274\/"},"modified":"2026-04-07T04:37:52","modified_gmt":"2026-04-07T01:37:52","slug":"bulova-surveyor-96a274","status":"publish","type":"product","link":"https:\/\/ceasuri.md\/ru\/shop\/branduri\/bulova\/bulova-surveyor-96a274\/","title":{"rendered":"Ceas BULOVA SURVEYOR 96A274"},"content":{"rendered":"<p>Din colec\u021bia Surveyor, acest ceas automat clasic ofer\u0103 toate detaliile \u0219i calitatea pe care le-a\u021bi a\u0219tepta.<\/p>\n<p>Carcasa \u0219i br\u0103\u021bara din o\u021bel inoxidabil sunt combinate cu un cadran de ton argintiu \u0219i o deschidere pentru a vizualiza roata de balans \u0219i mecanismul de evadare al mi\u0219c\u0103rii.<\/p>\n<p>Cazul cu \u00eenchidere cu \u0219urub este acoperit cu o fereastr\u0103 de expunere din cristal mineral pentru a eviden\u021bia mi\u0219carea automat\u0103 care alimenteaz\u0103 ceasul.<\/p>\n<p>Acest ceas frumos detaliat \u0219i de calitate este destinat s\u0103 devin\u0103 un nou favorit \u00een orice colec\u021bie.<\/p>","protected":false},"excerpt":{"rendered":"<p>Din colec\u021bia Surveyor, acest ceas automat clasic ofer\u0103 toate detaliile \u0219i calitatea pe care le-a\u021bi a\u0219tepta. Carcasa \u0219i br\u0103\u021bara din o\u021bel inoxidabil sunt combinate cu un cadran de ton argintiu \u0219i o deschidere pentru a vizualiza roata de balans \u0219i mecanismul de evadare al mi\u0219c\u0103rii. Cazul cu \u00eenchidere cu \u0219urub este acoperit cu o fereastr\u0103 [&hellip;]<\/p>\n","protected":false},"featured_media":51267,"comment_status":"closed","ping_status":"open","template":"","meta":{"_acf_changed":false},"product_brand":[],"product_cat":[624,20,23],"product_tag":[],"class_list":{"0":"post-51266","1":"product","2":"type-product","3":"status-publish","4":"has-post-thumbnail","6":"product_cat-bulova","7":"product_cat-ceasuri-barbati","8":"product_cat-sale-ceasuri-barbati","9":"pa_brand-bulova","10":"pa_braslet-otel-inoxidabil","11":"pa_corpus-42-mm","12":"pa_forma-rotund","13":"pa_funcii-semischelet","14":"pa_garatia-24-luni","15":"pa_korpus-argintiu","16":"pa_material-otel-inoxidabil","17":"pa_mehanizm-mecanic","18":"pa_mehanizm-mecanism-automatic","19":"pa_remeshok-argintiu","20":"pa_steklo-cristal-mineral","21":"pa_strana-sua","22":"pa_voda-3-atm","24":"first","25":"instock","26":"purchasable","27":"product-type-simple"},"acf":[],"_links":{"self":[{"href":"https:\/\/ceasuri.md\/ru\/wp-json\/wp\/v2\/product\/51266","targetHints":{"allow":["GET"]}}],"collection":[{"href":"https:\/\/ceasuri.md\/ru\/wp-json\/wp\/v2\/product"}],"about":[{"href":"https:\/\/ceasuri.md\/ru\/wp-json\/wp\/v2\/types\/product"}],"replies":[{"embeddable":true,"href":"https:\/\/ceasuri.md\/ru\/wp-json\/wp\/v2\/comments?post=51266"}],"wp:featuredmedia":[{"embeddable":true,"href":"https:\/\/ceasuri.md\/ru\/wp-json\/wp\/v2\/media\/51267"}],"wp:attachment":[{"href":"https:\/\/ceasuri.md\/ru\/wp-json\/wp\/v2\/media?parent=51266"}],"wp:term":[{"taxonomy":"product_brand","embeddable":true,"href":"https:\/\/ceasuri.md\/ru\/wp-json\/wp\/v2\/product_brand?post=51266"},{"taxonomy":"product_cat","embeddable":true,"href":"https:\/\/ceasuri.md\/ru\/wp-json\/wp\/v2\/product_cat?post=51266"},{"taxonomy":"product_tag","embeddable":true,"href":"https:\/\/ceasuri.md\/ru\/wp-json\/wp\/v2\/product_tag?post=51266"}],"curies":[{"name":"wp","href":"https:\/\/api.w.org\/{rel}","templated":true}]}}