{"id":51260,"date":"2026-04-02T23:39:25","date_gmt":"2026-04-02T20:39:25","guid":{"rendered":"http:\/\/new.ceasuri.md\/shop\/uncategorized\/bulova-a-15-pilot-96a245\/"},"modified":"2026-04-20T01:26:31","modified_gmt":"2026-04-19T22:26:31","slug":"bulova-a-15-pilot-96a245","status":"publish","type":"product","link":"https:\/\/ceasuri.md\/ru\/shop\/branduri\/bulova\/bulova-a-15-pilot-96a245\/","title":{"rendered":"\u0427\u0430\u0441\u044b BULOVA A-15 PILOT 96A245"},"content":{"rendered":"<p>Ceasul pilot A-15 din Colec\u021bia Arhiv\u0103 Bulova este inspirat de Ceasul Militar &#8222;Elapsed Time Watch&#8221; A-15 emis \u00een 1944 \u0219i include caracteristici unice ale originalului.<\/p>\n<p>O carcas\u0103 din o\u021bel inoxidabil cu un cadran negru distinctiv are dou\u0103 discuri interioare rotative operate de dou\u0103 coroane. Coroana de la 2H rote\u0219te timpul scurs, \u00een timp ce coroana de la 4H indic\u0103 ora dubl\u0103.<\/p>\n<p>Designul unic al acestui ceas, precum \u0219i caracteristicile sale func\u021bionale, sunt f\u0103cute mai autentic cu un mecanism fin automat cu 21 de bijuterii \u0219i o rezerv\u0103 de energie de 42 de ore.<\/p>\n<p>Cureaua din piele maro cu cus\u0103turi completeaz\u0103 aspectul.<\/p>\n<p>Cristal de safir cu acoperire antireflectant\u0103.<\/p>\n<p>Rezisten\u021b\u0103 la ap\u0103 p\u00e2n\u0103 la 30 de metri.<\/p>","protected":false},"excerpt":{"rendered":"<p>Ceasul pilot A-15 din Colec\u021bia Arhiv\u0103 Bulova este inspirat de Ceasul Militar &#8222;Elapsed Time Watch&#8221; A-15 emis \u00een 1944 \u0219i include caracteristici unice ale originalului. O carcas\u0103 din o\u021bel inoxidabil cu un cadran negru distinctiv are dou\u0103 discuri interioare rotative operate de dou\u0103 coroane. Coroana de la 2H rote\u0219te timpul scurs, \u00een timp ce coroana [&hellip;]<\/p>\n","protected":false},"featured_media":51261,"comment_status":"closed","ping_status":"open","template":"","meta":{"_acf_changed":false},"product_brand":[],"product_cat":[624,20],"product_tag":[],"class_list":{"0":"post-51260","1":"product","2":"type-product","3":"status-publish","4":"has-post-thumbnail","6":"product_cat-bulova","7":"product_cat-ceasuri-barbati","8":"pa_brand-bulova","9":"pa_braslet-piele","10":"pa_corpus-42-mm","11":"pa_forma-rotund","12":"pa_funcii-dual-time","13":"pa_garatia-24-luni","14":"pa_korpus-argintiu","15":"pa_material-otel-inoxidabil","16":"pa_mehanizm-mecanic","17":"pa_mehanizm-mecanism-automatic","18":"pa_remeshok-maro","19":"pa_steklo-cristal-safir","20":"pa_strana-sua","21":"pa_voda-3-atm","23":"first","24":"instock","25":"purchasable","26":"product-type-simple"},"acf":[],"_links":{"self":[{"href":"https:\/\/ceasuri.md\/ru\/wp-json\/wp\/v2\/product\/51260","targetHints":{"allow":["GET"]}}],"collection":[{"href":"https:\/\/ceasuri.md\/ru\/wp-json\/wp\/v2\/product"}],"about":[{"href":"https:\/\/ceasuri.md\/ru\/wp-json\/wp\/v2\/types\/product"}],"replies":[{"embeddable":true,"href":"https:\/\/ceasuri.md\/ru\/wp-json\/wp\/v2\/comments?post=51260"}],"wp:featuredmedia":[{"embeddable":true,"href":"https:\/\/ceasuri.md\/ru\/wp-json\/wp\/v2\/media\/51261"}],"wp:attachment":[{"href":"https:\/\/ceasuri.md\/ru\/wp-json\/wp\/v2\/media?parent=51260"}],"wp:term":[{"taxonomy":"product_brand","embeddable":true,"href":"https:\/\/ceasuri.md\/ru\/wp-json\/wp\/v2\/product_brand?post=51260"},{"taxonomy":"product_cat","embeddable":true,"href":"https:\/\/ceasuri.md\/ru\/wp-json\/wp\/v2\/product_cat?post=51260"},{"taxonomy":"product_tag","embeddable":true,"href":"https:\/\/ceasuri.md\/ru\/wp-json\/wp\/v2\/product_tag?post=51260"}],"curies":[{"name":"wp","href":"https:\/\/api.w.org\/{rel}","templated":true}]}}