{"id":51212,"date":"2026-04-02T23:38:43","date_gmt":"2026-04-02T20:38:43","guid":{"rendered":"http:\/\/new.ceasuri.md\/shop\/uncategorized\/armani-exchange-hampton-ax2103\/"},"modified":"2026-04-07T04:37:41","modified_gmt":"2026-04-07T01:37:41","slug":"armani-exchange-hampton-ax2103","status":"publish","type":"product","link":"https:\/\/ceasuri.md\/ru\/shop\/branduri\/armani-exchange\/armani-exchange-hampton-ax2103\/","title":{"rendered":"Ceas ARMANI EXCHANGE HAMPTON AX2103"},"content":{"rendered":"<p>Armani Exchange este un nume renumit \u00een lumea modei \u0219i a luxului, cunoscut pentru modelele sale de ultim\u0103 genera\u021bie, calitatea excep\u021bional\u0103 \u0219i atrac\u021bia atemporal\u0103. Cu o gam\u0103 larg\u0103 de ceasuri \u00een colec\u021bia sa, Armani Exchange ofer\u0103 ceasuri care \u00eembin\u0103 perfect stilul \u0219i func\u021bia, ceea ce le face o alegere perfect\u0103 pentru pasiona\u021bii de stil modern.<\/p>\n<p>Ceasurile Armani Exchange sunt o reflectare a valorilor de baz\u0103 ale brandului: rafinament, inova\u021bie \u0219i elegan\u021b\u0103. Ceasurile Armani Exchange se m\u00e2ndresc cu un design elegant \u0219i contemporan, cu o aten\u021bie la detalii evident\u0103 \u00een fiecare aspect, de la cadran p\u00e2n\u0103 la curea, ceea ce le face o adev\u0103rat\u0103 oper\u0103 de art\u0103 la \u00eencheietura m\u00e2inii tale.<\/p>\n<p>Ceasurile sunt ac\u021bionate de mi\u0219carea cu cuar\u021b, o tehnologie de ultim\u0103 genera\u021bie care asigur\u0103 o precizie \u0219i o acurate\u021be de neegalat \u00een m\u0103surarea timpului.<\/p>\n<p>Modelele sunt confec\u021bionate folosind materiale de calitate superioar\u0103, asigur\u00e2nd durabilitate \u0219i longevitate.Carcasele ceasurilor sunt de obicei fabricate din o\u021bel inoxidabil de \u00eenalt\u0103 calitate, care este cunoscut pentru rezisten\u021ba sa \u0219i pentru rezisten\u021ba la coroziune. Cadranele sunt protejate de cristale minerale sau de safir durabile, care sunt rezistente la zg\u00e2rieturi \u0219i ofer\u0103 o claritate optim\u0103 pentru citirea orei. Curelele sunt confec\u021bionate din piele natural\u0103, o\u021bel inoxidabil sau cauciuc rezistent, oferind confort \u0219i stil \u00een egal\u0103 m\u0103sur\u0103.<\/p>","protected":false},"excerpt":{"rendered":"<p>Armani Exchange este un nume renumit \u00een lumea modei \u0219i a luxului, cunoscut pentru modelele sale de ultim\u0103 genera\u021bie, calitatea excep\u021bional\u0103 \u0219i atrac\u021bia atemporal\u0103. Cu o gam\u0103 larg\u0103 de ceasuri \u00een colec\u021bia sa, Armani Exchange ofer\u0103 ceasuri care \u00eembin\u0103 perfect stilul \u0219i func\u021bia, ceea ce le face o alegere perfect\u0103 pentru pasiona\u021bii de stil modern. [&hellip;]<\/p>\n","protected":false},"featured_media":51213,"comment_status":"closed","ping_status":"open","template":"","meta":{"_acf_changed":false},"product_brand":[],"product_cat":[615,20],"product_tag":[],"class_list":{"0":"post-51212","1":"product","2":"type-product","3":"status-publish","4":"has-post-thumbnail","6":"product_cat-armani-exchange","7":"product_cat-ceasuri-barbati","8":"pa_brand-armani-exchange","9":"pa_braslet-otel-inoxidabil","10":"pa_corpus-46-mm","11":"pa_forma-rotund","12":"pa_funcii-data","13":"pa_garatia-24-luni","14":"pa_korpus-argintiu","15":"pa_material-otel-inoxidabil","16":"pa_mehanizm-quartz","17":"pa_remeshok-argintiu","18":"pa_steklo-cristal-mineral","19":"pa_strana-italia","20":"pa_voda-5-atm","22":"first","23":"instock","24":"purchasable","25":"product-type-simple"},"acf":[],"yoast_head":"<!-- This site is optimized with the Yoast SEO plugin v27.3 - https:\/\/yoast.com\/product\/yoast-seo-wordpress\/ -->\n<title>ARMANI EXCHANGE HAMPTON AX2103 - Cronograf<\/title>\n<meta name=\"robots\" content=\"index, follow, max-snippet:-1, max-image-preview:large, max-video-preview:-1\" \/>\n<link rel=\"canonical\" href=\"https:\/\/ceasuri.md\/ru\/shop\/branduri\/armani-exchange\/armani-exchange-hampton-ax2103\/\" \/>\n<meta property=\"og:locale\" content=\"ru_RU\" \/>\n<meta property=\"og:type\" content=\"article\" \/>\n<meta property=\"og:title\" content=\"ARMANI EXCHANGE HAMPTON AX2103 - Cronograf\" \/>\n<meta property=\"og:description\" content=\"Armani Exchange este un nume renumit \u00een lumea modei \u0219i a luxului, cunoscut pentru modelele sale de ultim\u0103 genera\u021bie, calitatea excep\u021bional\u0103 \u0219i atrac\u021bia atemporal\u0103. Cu o gam\u0103 larg\u0103 de ceasuri \u00een colec\u021bia sa, Armani Exchange ofer\u0103 ceasuri care \u00eembin\u0103 perfect stilul \u0219i func\u021bia, ceea ce le face o alegere perfect\u0103 pentru pasiona\u021bii de stil modern. [&hellip;]\" \/>\n<meta property=\"og:url\" content=\"https:\/\/ceasuri.md\/ru\/shop\/branduri\/armani-exchange\/armani-exchange-hampton-ax2103\/\" \/>\n<meta property=\"og:site_name\" content=\"Cronograf\" \/>\n<meta property=\"article:modified_time\" content=\"2026-04-07T01:37:41+00:00\" \/>\n<meta property=\"og:image\" content=\"https:\/\/ceasuri.md\/wp-content\/uploads\/ax2103.webp\" \/>\n\t<meta property=\"og:image:width\" content=\"600\" \/>\n\t<meta property=\"og:image:height\" content=\"800\" \/>\n\t<meta property=\"og:image:type\" content=\"image\/webp\" \/>\n<meta name=\"twitter:card\" content=\"summary_large_image\" \/>\n<meta name=\"twitter:label1\" content=\"\u041f\u0440\u0438\u043c\u0435\u0440\u043d\u043e\u0435 \u0432\u0440\u0435\u043c\u044f \u0434\u043b\u044f \u0447\u0442\u0435\u043d\u0438\u044f\" \/>\n\t<meta name=\"twitter:data1\" content=\"1 \u043c\u0438\u043d\u0443\u0442\u0430\" \/>\n<script type=\"application\/ld+json\" class=\"yoast-schema-graph\">{\"@context\":\"https:\\\/\\\/schema.org\",\"@graph\":[{\"@type\":\"WebPage\",\"@id\":\"https:\\\/\\\/ceasuri.md\\\/shop\\\/branduri\\\/armani-exchange\\\/armani-exchange-hampton-ax2103\\\/\",\"url\":\"https:\\\/\\\/ceasuri.md\\\/shop\\\/branduri\\\/armani-exchange\\\/armani-exchange-hampton-ax2103\\\/\",\"name\":\"ARMANI EXCHANGE HAMPTON AX2103 - Cronograf\",\"isPartOf\":{\"@id\":\"https:\\\/\\\/ceasuri.md\\\/ru\\\/#website\"},\"primaryImageOfPage\":{\"@id\":\"https:\\\/\\\/ceasuri.md\\\/shop\\\/branduri\\\/armani-exchange\\\/armani-exchange-hampton-ax2103\\\/#primaryimage\"},\"image\":{\"@id\":\"https:\\\/\\\/ceasuri.md\\\/shop\\\/branduri\\\/armani-exchange\\\/armani-exchange-hampton-ax2103\\\/#primaryimage\"},\"thumbnailUrl\":\"https:\\\/\\\/ceasuri.md\\\/wp-content\\\/uploads\\\/ax2103.webp\",\"datePublished\":\"2026-04-02T20:38:43+00:00\",\"dateModified\":\"2026-04-07T01:37:41+00:00\",\"breadcrumb\":{\"@id\":\"https:\\\/\\\/ceasuri.md\\\/shop\\\/branduri\\\/armani-exchange\\\/armani-exchange-hampton-ax2103\\\/#breadcrumb\"},\"inLanguage\":\"ru-RU\",\"potentialAction\":[{\"@type\":\"ReadAction\",\"target\":[\"https:\\\/\\\/ceasuri.md\\\/shop\\\/branduri\\\/armani-exchange\\\/armani-exchange-hampton-ax2103\\\/\"]}]},{\"@type\":\"ImageObject\",\"inLanguage\":\"ru-RU\",\"@id\":\"https:\\\/\\\/ceasuri.md\\\/shop\\\/branduri\\\/armani-exchange\\\/armani-exchange-hampton-ax2103\\\/#primaryimage\",\"url\":\"https:\\\/\\\/ceasuri.md\\\/wp-content\\\/uploads\\\/ax2103.webp\",\"contentUrl\":\"https:\\\/\\\/ceasuri.md\\\/wp-content\\\/uploads\\\/ax2103.webp\",\"width\":600,\"height\":800},{\"@type\":\"BreadcrumbList\",\"@id\":\"https:\\\/\\\/ceasuri.md\\\/shop\\\/branduri\\\/armani-exchange\\\/armani-exchange-hampton-ax2103\\\/#breadcrumb\",\"itemListElement\":[{\"@type\":\"ListItem\",\"position\":1,\"name\":\"Home\",\"item\":\"https:\\\/\\\/ceasuri.md\\\/\"},{\"@type\":\"ListItem\",\"position\":2,\"name\":\"Magazin\",\"item\":\"https:\\\/\\\/ceasuri.md\\\/shop\\\/\"},{\"@type\":\"ListItem\",\"position\":3,\"name\":\"Ceas ARMANI EXCHANGE HAMPTON AX2103\"}]},{\"@type\":\"WebSite\",\"@id\":\"https:\\\/\\\/ceasuri.md\\\/ru\\\/#website\",\"url\":\"https:\\\/\\\/ceasuri.md\\\/ru\\\/\",\"name\":\"Cronograf\",\"description\":\"\",\"publisher\":{\"@id\":\"https:\\\/\\\/ceasuri.md\\\/ru\\\/#organization\"},\"potentialAction\":[{\"@type\":\"SearchAction\",\"target\":{\"@type\":\"EntryPoint\",\"urlTemplate\":\"https:\\\/\\\/ceasuri.md\\\/ru\\\/?s={search_term_string}\"},\"query-input\":{\"@type\":\"PropertyValueSpecification\",\"valueRequired\":true,\"valueName\":\"search_term_string\"}}],\"inLanguage\":\"ru-RU\"},{\"@type\":\"Organization\",\"@id\":\"https:\\\/\\\/ceasuri.md\\\/ru\\\/#organization\",\"name\":\"Cronograf\",\"url\":\"https:\\\/\\\/ceasuri.md\\\/ru\\\/\",\"logo\":{\"@type\":\"ImageObject\",\"inLanguage\":\"ru-RU\",\"@id\":\"https:\\\/\\\/ceasuri.md\\\/ru\\\/#\\\/schema\\\/logo\\\/image\\\/\",\"url\":\"https:\\\/\\\/ceasuri.md\\\/wp-content\\\/uploads\\\/2025\\\/12\\\/Logo.svg\",\"contentUrl\":\"https:\\\/\\\/ceasuri.md\\\/wp-content\\\/uploads\\\/2025\\\/12\\\/Logo.svg\",\"width\":3338,\"height\":811,\"caption\":\"Cronograf\"},\"image\":{\"@id\":\"https:\\\/\\\/ceasuri.md\\\/ru\\\/#\\\/schema\\\/logo\\\/image\\\/\"}}]}<\/script>\n<!-- \/ Yoast SEO plugin. -->","yoast_head_json":{"title":"ARMANI EXCHANGE HAMPTON AX2103 - Cronograf","robots":{"index":"index","follow":"follow","max-snippet":"max-snippet:-1","max-image-preview":"max-image-preview:large","max-video-preview":"max-video-preview:-1"},"canonical":"https:\/\/ceasuri.md\/ru\/shop\/branduri\/armani-exchange\/armani-exchange-hampton-ax2103\/","og_locale":"ru_RU","og_type":"article","og_title":"ARMANI EXCHANGE HAMPTON AX2103 - Cronograf","og_description":"Armani Exchange este un nume renumit \u00een lumea modei \u0219i a luxului, cunoscut pentru modelele sale de ultim\u0103 genera\u021bie, calitatea excep\u021bional\u0103 \u0219i atrac\u021bia atemporal\u0103. Cu o gam\u0103 larg\u0103 de ceasuri \u00een colec\u021bia sa, Armani Exchange ofer\u0103 ceasuri care \u00eembin\u0103 perfect stilul \u0219i func\u021bia, ceea ce le face o alegere perfect\u0103 pentru pasiona\u021bii de stil modern. [&hellip;]","og_url":"https:\/\/ceasuri.md\/ru\/shop\/branduri\/armani-exchange\/armani-exchange-hampton-ax2103\/","og_site_name":"Cronograf","article_modified_time":"2026-04-07T01:37:41+00:00","og_image":[{"width":600,"height":800,"url":"https:\/\/ceasuri.md\/wp-content\/uploads\/ax2103.webp","type":"image\/webp"}],"twitter_card":"summary_large_image","twitter_misc":{"\u041f\u0440\u0438\u043c\u0435\u0440\u043d\u043e\u0435 \u0432\u0440\u0435\u043c\u044f \u0434\u043b\u044f \u0447\u0442\u0435\u043d\u0438\u044f":"1 \u043c\u0438\u043d\u0443\u0442\u0430"},"schema":{"@context":"https:\/\/schema.org","@graph":[{"@type":"WebPage","@id":"https:\/\/ceasuri.md\/shop\/branduri\/armani-exchange\/armani-exchange-hampton-ax2103\/","url":"https:\/\/ceasuri.md\/shop\/branduri\/armani-exchange\/armani-exchange-hampton-ax2103\/","name":"ARMANI EXCHANGE HAMPTON AX2103 - Cronograf","isPartOf":{"@id":"https:\/\/ceasuri.md\/ru\/#website"},"primaryImageOfPage":{"@id":"https:\/\/ceasuri.md\/shop\/branduri\/armani-exchange\/armani-exchange-hampton-ax2103\/#primaryimage"},"image":{"@id":"https:\/\/ceasuri.md\/shop\/branduri\/armani-exchange\/armani-exchange-hampton-ax2103\/#primaryimage"},"thumbnailUrl":"https:\/\/ceasuri.md\/wp-content\/uploads\/ax2103.webp","datePublished":"2026-04-02T20:38:43+00:00","dateModified":"2026-04-07T01:37:41+00:00","breadcrumb":{"@id":"https:\/\/ceasuri.md\/shop\/branduri\/armani-exchange\/armani-exchange-hampton-ax2103\/#breadcrumb"},"inLanguage":"ru-RU","potentialAction":[{"@type":"ReadAction","target":["https:\/\/ceasuri.md\/shop\/branduri\/armani-exchange\/armani-exchange-hampton-ax2103\/"]}]},{"@type":"ImageObject","inLanguage":"ru-RU","@id":"https:\/\/ceasuri.md\/shop\/branduri\/armani-exchange\/armani-exchange-hampton-ax2103\/#primaryimage","url":"https:\/\/ceasuri.md\/wp-content\/uploads\/ax2103.webp","contentUrl":"https:\/\/ceasuri.md\/wp-content\/uploads\/ax2103.webp","width":600,"height":800},{"@type":"BreadcrumbList","@id":"https:\/\/ceasuri.md\/shop\/branduri\/armani-exchange\/armani-exchange-hampton-ax2103\/#breadcrumb","itemListElement":[{"@type":"ListItem","position":1,"name":"Home","item":"https:\/\/ceasuri.md\/"},{"@type":"ListItem","position":2,"name":"Magazin","item":"https:\/\/ceasuri.md\/shop\/"},{"@type":"ListItem","position":3,"name":"Ceas ARMANI EXCHANGE HAMPTON AX2103"}]},{"@type":"WebSite","@id":"https:\/\/ceasuri.md\/ru\/#website","url":"https:\/\/ceasuri.md\/ru\/","name":"Cronograf","description":"","publisher":{"@id":"https:\/\/ceasuri.md\/ru\/#organization"},"potentialAction":[{"@type":"SearchAction","target":{"@type":"EntryPoint","urlTemplate":"https:\/\/ceasuri.md\/ru\/?s={search_term_string}"},"query-input":{"@type":"PropertyValueSpecification","valueRequired":true,"valueName":"search_term_string"}}],"inLanguage":"ru-RU"},{"@type":"Organization","@id":"https:\/\/ceasuri.md\/ru\/#organization","name":"Cronograf","url":"https:\/\/ceasuri.md\/ru\/","logo":{"@type":"ImageObject","inLanguage":"ru-RU","@id":"https:\/\/ceasuri.md\/ru\/#\/schema\/logo\/image\/","url":"https:\/\/ceasuri.md\/wp-content\/uploads\/2025\/12\/Logo.svg","contentUrl":"https:\/\/ceasuri.md\/wp-content\/uploads\/2025\/12\/Logo.svg","width":3338,"height":811,"caption":"Cronograf"},"image":{"@id":"https:\/\/ceasuri.md\/ru\/#\/schema\/logo\/image\/"}}]}},"_links":{"self":[{"href":"https:\/\/ceasuri.md\/ru\/wp-json\/wp\/v2\/product\/51212","targetHints":{"allow":["GET"]}}],"collection":[{"href":"https:\/\/ceasuri.md\/ru\/wp-json\/wp\/v2\/product"}],"about":[{"href":"https:\/\/ceasuri.md\/ru\/wp-json\/wp\/v2\/types\/product"}],"replies":[{"embeddable":true,"href":"https:\/\/ceasuri.md\/ru\/wp-json\/wp\/v2\/comments?post=51212"}],"wp:featuredmedia":[{"embeddable":true,"href":"https:\/\/ceasuri.md\/ru\/wp-json\/wp\/v2\/media\/51213"}],"wp:attachment":[{"href":"https:\/\/ceasuri.md\/ru\/wp-json\/wp\/v2\/media?parent=51212"}],"wp:term":[{"taxonomy":"product_brand","embeddable":true,"href":"https:\/\/ceasuri.md\/ru\/wp-json\/wp\/v2\/product_brand?post=51212"},{"taxonomy":"product_cat","embeddable":true,"href":"https:\/\/ceasuri.md\/ru\/wp-json\/wp\/v2\/product_cat?post=51212"},{"taxonomy":"product_tag","embeddable":true,"href":"https:\/\/ceasuri.md\/ru\/wp-json\/wp\/v2\/product_tag?post=51212"}],"curies":[{"name":"wp","href":"https:\/\/api.w.org\/{rel}","templated":true}]}}