{"id":50993,"date":"2026-04-02T23:37:02","date_gmt":"2026-04-02T20:37:02","guid":{"rendered":"http:\/\/new.ceasuri.md\/shop\/uncategorized\/michael-kors-runway-mk9105\/"},"modified":"2026-04-07T04:36:59","modified_gmt":"2026-04-07T01:36:59","slug":"michael-kors-runway-mk9105","status":"publish","type":"product","link":"https:\/\/ceasuri.md\/ru\/shop\/branduri\/michael-kors\/michael-kors-runway-mk9105\/","title":{"rendered":"Ceas MICHAEL KORS RUNWAY MK9105"},"content":{"rendered":"<p>Ceasurile de m\u00e2n\u0103 Michael Kors nu sunt doar elegante \u0219i respectabile, ci \u0219i accesorii destul de fiabile, care \u00eendeplinesc cele mai \u00eenalte standarde prev\u0103zute de pia\u021ba de ceasuri. Carcasele \u0219i cadranele sunt caracterizate de simplitate \u0219i sobrietate. De aceea, ceasurile MK sunt cel mai adesea o completare a stilului business. Br\u0103\u021b\u0103rile, pe de alt\u0103 parte, sunt diferite: pot fi str\u0103lucitoare, memorabile, au o form\u0103 neobi\u0219nuit\u0103, iar uneori br\u0103\u021b\u0103rile sunt decorate cu lan\u021buri, cristale sau pietre.<\/p>\n<p>Ceasurile Michael Kors sunt create \u00een conformitate cu regula etern\u0103: practicitate + chic la mod\u0103 = stil. De aceea, ceasurile acestui designer sunt cel mai adesea alese de persoanele active. Aceste accesorii pot completa imaginea nu numai a unui om de afaceri, ci \u0219i a unui fan al stilului de casual.<\/p>\n<p>Multe modele de ceasuri de m\u00e2n\u0103 sunt realizate \u00een stil unisex &#8211; cadrane mari, form\u0103 clasic\u0103 strict\u0103, minim de decorare, o oarecare brutalitate &#8211; o op\u021biune ideal\u0103 pentru tineri.<\/p>","protected":false},"excerpt":{"rendered":"<p>Ceasurile de m\u00e2n\u0103 Michael Kors nu sunt doar elegante \u0219i respectabile, ci \u0219i accesorii destul de fiabile, care \u00eendeplinesc cele mai \u00eenalte standarde prev\u0103zute de pia\u021ba de ceasuri. Carcasele \u0219i cadranele sunt caracterizate de simplitate \u0219i sobrietate. De aceea, ceasurile MK sunt cel mai adesea o completare a stilului business. Br\u0103\u021b\u0103rile, pe de alt\u0103 parte, [&hellip;]<\/p>\n","protected":false},"featured_media":50994,"comment_status":"closed","ping_status":"open","template":"","meta":{"_acf_changed":false},"product_brand":[],"product_cat":[20,616],"product_tag":[],"class_list":{"0":"post-50993","1":"product","2":"type-product","3":"status-publish","4":"has-post-thumbnail","6":"product_cat-ceasuri-barbati","7":"product_cat-michael-kors","8":"pa_brand-michael-kors","9":"pa_braslet-otel-inoxidabil","10":"pa_corpus-45-mm","11":"pa_forma-rotund","12":"pa_funcii-cronograf","13":"pa_funcii-data","14":"pa_garatia-24-luni","15":"pa_korpus-argintiu","16":"pa_material-otel-inoxidabil","17":"pa_mehanizm-quartz","18":"pa_remeshok-argintiu","19":"pa_steklo-cristal-mineral","20":"pa_strana-sua","21":"pa_voda-10-atm","23":"first","24":"instock","25":"purchasable","26":"product-type-simple"},"acf":[],"_links":{"self":[{"href":"https:\/\/ceasuri.md\/ru\/wp-json\/wp\/v2\/product\/50993","targetHints":{"allow":["GET"]}}],"collection":[{"href":"https:\/\/ceasuri.md\/ru\/wp-json\/wp\/v2\/product"}],"about":[{"href":"https:\/\/ceasuri.md\/ru\/wp-json\/wp\/v2\/types\/product"}],"replies":[{"embeddable":true,"href":"https:\/\/ceasuri.md\/ru\/wp-json\/wp\/v2\/comments?post=50993"}],"wp:featuredmedia":[{"embeddable":true,"href":"https:\/\/ceasuri.md\/ru\/wp-json\/wp\/v2\/media\/50994"}],"wp:attachment":[{"href":"https:\/\/ceasuri.md\/ru\/wp-json\/wp\/v2\/media?parent=50993"}],"wp:term":[{"taxonomy":"product_brand","embeddable":true,"href":"https:\/\/ceasuri.md\/ru\/wp-json\/wp\/v2\/product_brand?post=50993"},{"taxonomy":"product_cat","embeddable":true,"href":"https:\/\/ceasuri.md\/ru\/wp-json\/wp\/v2\/product_cat?post=50993"},{"taxonomy":"product_tag","embeddable":true,"href":"https:\/\/ceasuri.md\/ru\/wp-json\/wp\/v2\/product_tag?post=50993"}],"curies":[{"name":"wp","href":"https:\/\/api.w.org\/{rel}","templated":true}]}}