{"id":50805,"date":"2026-04-02T23:34:24","date_gmt":"2026-04-02T20:34:24","guid":{"rendered":"http:\/\/new.ceasuri.md\/shop\/uncategorized\/emporio-armani-chiara-ar11551\/"},"modified":"2026-04-20T01:19:28","modified_gmt":"2026-04-19T22:19:28","slug":"emporio-armani-chiara-ar11551","status":"publish","type":"product","link":"https:\/\/ceasuri.md\/ru\/shop\/branduri\/emporio-armani\/emporio-armani-chiara-ar11551\/","title":{"rendered":"\u0427\u0430\u0441\u044b EMPORIO ARMANI CHIARA AR11551"},"content":{"rendered":"<p>Emporio Armani este o linie a brandului Giorgio Armani, orientat\u0103 c\u0103tre tinerii activi. A ap\u0103rut \u00een 1981. \u00cen 1997 a fost lansat\u0103 produc\u021bia de ceasuri de m\u00e2n\u0103 sub marca Giorgio Armani.<\/p>\n<p>Ca \u0219i hainele de la Emporio Armani, ceasurile acestui brand sunt create pentru via\u021b\u0103, astfel \u00eenc\u00e2t sunt potrivite \u0219i confortabile oriunde &#8211; la birou, \u00eentr-o c\u0103l\u0103torie sau la o petrecere social\u0103. Ele se disting printr-un echilibru impecabil de elegan\u021b\u0103 \u0219i o interpretare democratic\u0103 a tendin\u021belor modei, tipice pentru legendarul couturier.<\/p>\n<p>Ceasurile Emporio Armani sunt produse de concernul american Fossil Group, iar dezvoltarea \u0219i fabricarea calibrelor este realizat\u0103 de marca elve\u021bian\u0103 Claro. Conceptul de design, bine\u00een\u021beles, apar\u021bine lui Armani.<\/p>\n<p>Emporio Armani particip\u0103 la S\u0103pt\u0103m\u00e2na Modei Pret-a-porter \u0219i este v\u00e2ndut \u00een buticuri monomarc\u0103 din \u00eentreaga lume. \u00cen diferi\u021bi ani, ambasadorii Emporio Armani au fost David \u0219i Victoria Beckham, Cristiano Ronaldo, Megan Fox, Rafael Nadal, Rihanna \u0219i Shawn Mendes.<\/p>\n<p>Colec\u021bia de ceasuri Emporio Armani ofer\u0103 o gam\u0103 larg\u0103 de ceasuri pentru orice eveniment \u0219i ocazie, de la cele sportive la cele formale, apel\u00e2nd la un public larg cu nevoi diferite. Astfel, marca se adreseaz\u0103 \u00een egal\u0103 m\u0103sur\u0103 at\u00e2t b\u0103rba\u021bilor, c\u00e2t \u0219i femeilor.<\/p>","protected":false},"excerpt":{"rendered":"<p>Emporio Armani este o linie a brandului Giorgio Armani, orientat\u0103 c\u0103tre tinerii activi. A ap\u0103rut \u00een 1981. \u00cen 1997 a fost lansat\u0103 produc\u021bia de ceasuri de m\u00e2n\u0103 sub marca Giorgio Armani. Ca \u0219i hainele de la Emporio Armani, ceasurile acestui brand sunt create pentru via\u021b\u0103, astfel \u00eenc\u00e2t sunt potrivite \u0219i confortabile oriunde &#8211; la birou, [&hellip;]<\/p>\n","protected":false},"featured_media":50806,"comment_status":"closed","ping_status":"open","template":"","meta":{"_acf_changed":false},"product_brand":[],"product_cat":[25,617],"product_tag":[],"class_list":{"0":"post-50805","1":"product","2":"type-product","3":"status-publish","4":"has-post-thumbnail","6":"product_cat-ceasuri-dama","7":"product_cat-emporio-armani","8":"pa_brand-emporio-armani","9":"pa_braslet-otel-inoxidabil","10":"pa_corpus-28-mm","11":"pa_decor-cristale-swarowski","12":"pa_forma-rotund","13":"pa_garatia-24-luni","14":"pa_korpus-bicolor","15":"pa_kvarc-quartz","16":"pa_material-otel-inoxidabil","17":"pa_mehanizm-quartz","18":"pa_remeshok-bicolor","19":"pa_steklo-cristal-mineral","20":"pa_strana-italia","21":"pa_voda-3-atm","23":"first","24":"instock","25":"purchasable","26":"product-type-simple"},"acf":[],"_links":{"self":[{"href":"https:\/\/ceasuri.md\/ru\/wp-json\/wp\/v2\/product\/50805","targetHints":{"allow":["GET"]}}],"collection":[{"href":"https:\/\/ceasuri.md\/ru\/wp-json\/wp\/v2\/product"}],"about":[{"href":"https:\/\/ceasuri.md\/ru\/wp-json\/wp\/v2\/types\/product"}],"replies":[{"embeddable":true,"href":"https:\/\/ceasuri.md\/ru\/wp-json\/wp\/v2\/comments?post=50805"}],"wp:featuredmedia":[{"embeddable":true,"href":"https:\/\/ceasuri.md\/ru\/wp-json\/wp\/v2\/media\/50806"}],"wp:attachment":[{"href":"https:\/\/ceasuri.md\/ru\/wp-json\/wp\/v2\/media?parent=50805"}],"wp:term":[{"taxonomy":"product_brand","embeddable":true,"href":"https:\/\/ceasuri.md\/ru\/wp-json\/wp\/v2\/product_brand?post=50805"},{"taxonomy":"product_cat","embeddable":true,"href":"https:\/\/ceasuri.md\/ru\/wp-json\/wp\/v2\/product_cat?post=50805"},{"taxonomy":"product_tag","embeddable":true,"href":"https:\/\/ceasuri.md\/ru\/wp-json\/wp\/v2\/product_tag?post=50805"}],"curies":[{"name":"wp","href":"https:\/\/api.w.org\/{rel}","templated":true}]}}