{"id":50724,"date":"2026-04-02T23:33:45","date_gmt":"2026-04-02T20:33:45","guid":{"rendered":"http:\/\/new.ceasuri.md\/shop\/uncategorized\/skagen-kuppel-skw6895\/"},"modified":"2026-04-20T01:21:51","modified_gmt":"2026-04-19T22:21:51","slug":"skagen-kuppel-skw6895","status":"publish","type":"product","link":"https:\/\/ceasuri.md\/ru\/shop\/branduri\/skagen\/skagen-kuppel-skw6895\/","title":{"rendered":"\u0427\u0430\u0441\u044b SKAGEN KUPPEL SKW6895"},"content":{"rendered":"<p>Designul ceasului este inspirat de ora\u0219ul danez Skagen, ale c\u0103rui plaje albe imaculate sunt sp\u0103late de cele dou\u0103 m\u0103ri care se \u00eent\u00e2lnesc aici.<\/p>\n<p>Calitatea elve\u021bian\u0103, designul scandinav \u0219i pre\u021bul accesibil au contribuit la recunoa\u0219terea \u0219i cre\u0219terea brandului.<\/p>\n<p>\u00cen timpul scurt al existen\u021bei sale, ceasurile Skagen sunt deja reprezentate \u00een mai mult de 30 de \u021b\u0103ri.<\/p>\n<p>Marca danez\u0103 Skagen este considerat\u0103 un nou venit \u00een raport cu standardele altor produc\u0103tori de ceasuri de m\u00e2n\u0103, dar \u00een istoria sa de dou\u0103zeci de ani, ceasurile sale au ap\u0103rut chiar \u0219i pe \u00eencheietura m\u00e2inii regalit\u0103\u021bii daneze.<\/p>","protected":false},"excerpt":{"rendered":"<p>Designul ceasului este inspirat de ora\u0219ul danez Skagen, ale c\u0103rui plaje albe imaculate sunt sp\u0103late de cele dou\u0103 m\u0103ri care se \u00eent\u00e2lnesc aici. Calitatea elve\u021bian\u0103, designul scandinav \u0219i pre\u021bul accesibil au contribuit la recunoa\u0219terea \u0219i cre\u0219terea brandului. \u00cen timpul scurt al existen\u021bei sale, ceasurile Skagen sunt deja reprezentate \u00een mai mult de 30 de \u021b\u0103ri. [&hellip;]<\/p>\n","protected":false},"featured_media":50725,"comment_status":"closed","ping_status":"open","template":"","meta":{"_acf_changed":false},"product_brand":[],"product_cat":[20,297],"product_tag":[],"class_list":{"0":"post-50724","1":"product","2":"type-product","3":"status-publish","4":"has-post-thumbnail","6":"product_cat-ceasuri-barbati","7":"product_cat-skagen","8":"pa_brand-skagen","9":"pa_braslet-piele","10":"pa_corpus-44-mm","11":"pa_forma-rotund","12":"pa_funcii-offset-second-hand","13":"pa_garatia-24-luni","14":"pa_korpus-negru","15":"pa_kvarc-quartz","16":"pa_material-otel-inoxidabil","17":"pa_mehanizm-quartz","18":"pa_remeshok-maro","19":"pa_steklo-cristal-mineral","20":"pa_strana-danemarca","21":"pa_voda-5-atm","23":"first","24":"instock","25":"purchasable","26":"product-type-simple"},"acf":[],"_links":{"self":[{"href":"https:\/\/ceasuri.md\/ru\/wp-json\/wp\/v2\/product\/50724","targetHints":{"allow":["GET"]}}],"collection":[{"href":"https:\/\/ceasuri.md\/ru\/wp-json\/wp\/v2\/product"}],"about":[{"href":"https:\/\/ceasuri.md\/ru\/wp-json\/wp\/v2\/types\/product"}],"replies":[{"embeddable":true,"href":"https:\/\/ceasuri.md\/ru\/wp-json\/wp\/v2\/comments?post=50724"}],"wp:featuredmedia":[{"embeddable":true,"href":"https:\/\/ceasuri.md\/ru\/wp-json\/wp\/v2\/media\/50725"}],"wp:attachment":[{"href":"https:\/\/ceasuri.md\/ru\/wp-json\/wp\/v2\/media?parent=50724"}],"wp:term":[{"taxonomy":"product_brand","embeddable":true,"href":"https:\/\/ceasuri.md\/ru\/wp-json\/wp\/v2\/product_brand?post=50724"},{"taxonomy":"product_cat","embeddable":true,"href":"https:\/\/ceasuri.md\/ru\/wp-json\/wp\/v2\/product_cat?post=50724"},{"taxonomy":"product_tag","embeddable":true,"href":"https:\/\/ceasuri.md\/ru\/wp-json\/wp\/v2\/product_tag?post=50724"}],"curies":[{"name":"wp","href":"https:\/\/api.w.org\/{rel}","templated":true}]}}