{"id":50718,"date":"2026-04-02T23:33:45","date_gmt":"2026-04-02T20:33:45","guid":{"rendered":"http:\/\/new.ceasuri.md\/shop\/uncategorized\/cover-andara-diamond-co210-02\/"},"modified":"2026-04-20T01:24:44","modified_gmt":"2026-04-19T22:24:44","slug":"cover-andara-diamond-co210-02","status":"publish","type":"product","link":"https:\/\/ceasuri.md\/ru\/shop\/branduri\/cover\/cover-andara-diamond-co210-02\/","title":{"rendered":"Ceas COVER ANDARA DIAMOND CO210.02"},"content":{"rendered":"<p>COVER este o garan\u021bie de \u00eenalt\u0103 calitate, garantat\u0103 de faimoasa marc\u0103 mondial\u0103 SWISS MADE. Standardele \u00eenalte de calitate ale COVER sunt atinse prin utilizarea abilit\u0103\u021bilor tradi\u021bionale \u0219i a solu\u021biilor inovatoare ale unor ceasornicari elve\u021bieni experimenta\u021bi \u0219i prin aplicarea celor mai moderne \u0219i unice instrumente \u00een realizarea tuturor modelelor COVER, asigur\u00e2nd astfel cea mai \u00eenalt\u0103 precizie \u00een ceasornic\u0103rie.<\/p>\n<p>Fiecare ceas este prev\u0103zut cu unsprezece diamante str\u0103lucitoare, ad\u0103ug\u00e2nd o not\u0103 de lux vie\u021bii tale de zi cu zi. Cu un design atemporal, dar modern, ceasurile Andara Diamond sunt confec\u021bionate din materiale de calitate superioar\u0103 \u0219i construite pentru a rezista. Aceste ceasuri sunt expresia suprem\u0103 a elegan\u021bei \u0219i a perfec\u021bionismului, ceea ce le face s\u0103 fie accesoriul perfect pentru orice \u021binut\u0103 sau ocazie.<\/p>","protected":false},"excerpt":{"rendered":"<p>COVER este o garan\u021bie de \u00eenalt\u0103 calitate, garantat\u0103 de faimoasa marc\u0103 mondial\u0103 SWISS MADE. Standardele \u00eenalte de calitate ale COVER sunt atinse prin utilizarea abilit\u0103\u021bilor tradi\u021bionale \u0219i a solu\u021biilor inovatoare ale unor ceasornicari elve\u021bieni experimenta\u021bi \u0219i prin aplicarea celor mai moderne \u0219i unice instrumente \u00een realizarea tuturor modelelor COVER, asigur\u00e2nd astfel cea mai \u00eenalt\u0103 precizie [&hellip;]<\/p>\n","protected":false},"featured_media":50719,"comment_status":"closed","ping_status":"open","template":"","meta":{"_acf_changed":false},"product_brand":[],"product_cat":[25,106,204],"product_tag":[],"class_list":{"0":"post-50718","1":"product","2":"type-product","3":"status-publish","4":"has-post-thumbnail","6":"product_cat-ceasuri-dama","7":"product_cat-ceasuri-premium","8":"product_cat-cover","9":"pa_brand-cover","10":"pa_braslet-otel-inoxidabil","11":"pa_corpus-35-mm","12":"pa_decor-diamante","13":"pa_forma-rotund","14":"pa_funcii-data","15":"pa_garatia-24-luni","16":"pa_korpus-argintiu","17":"pa_kvarc-quartz","18":"pa_material-otel-inoxidabil","19":"pa_mehanizm-quartz","20":"pa_remeshok-argintiu","21":"pa_steklo-cristal-safir","22":"pa_strana-elvetia","23":"pa_voda-10-atm","25":"first","26":"instock","27":"purchasable","28":"product-type-simple"},"acf":[],"_links":{"self":[{"href":"https:\/\/ceasuri.md\/ru\/wp-json\/wp\/v2\/product\/50718","targetHints":{"allow":["GET"]}}],"collection":[{"href":"https:\/\/ceasuri.md\/ru\/wp-json\/wp\/v2\/product"}],"about":[{"href":"https:\/\/ceasuri.md\/ru\/wp-json\/wp\/v2\/types\/product"}],"replies":[{"embeddable":true,"href":"https:\/\/ceasuri.md\/ru\/wp-json\/wp\/v2\/comments?post=50718"}],"wp:featuredmedia":[{"embeddable":true,"href":"https:\/\/ceasuri.md\/ru\/wp-json\/wp\/v2\/media\/50719"}],"wp:attachment":[{"href":"https:\/\/ceasuri.md\/ru\/wp-json\/wp\/v2\/media?parent=50718"}],"wp:term":[{"taxonomy":"product_brand","embeddable":true,"href":"https:\/\/ceasuri.md\/ru\/wp-json\/wp\/v2\/product_brand?post=50718"},{"taxonomy":"product_cat","embeddable":true,"href":"https:\/\/ceasuri.md\/ru\/wp-json\/wp\/v2\/product_cat?post=50718"},{"taxonomy":"product_tag","embeddable":true,"href":"https:\/\/ceasuri.md\/ru\/wp-json\/wp\/v2\/product_tag?post=50718"}],"curies":[{"name":"wp","href":"https:\/\/api.w.org\/{rel}","templated":true}]}}