{"id":50644,"date":"2026-04-02T23:33:00","date_gmt":"2026-04-02T20:33:00","guid":{"rendered":"http:\/\/new.ceasuri.md\/shop\/uncategorized\/swiss-military-by-chrono-sma34100-01\/"},"modified":"2026-04-20T01:25:10","modified_gmt":"2026-04-19T22:25:10","slug":"swiss-military-by-chrono-sma34100-01","status":"publish","type":"product","link":"https:\/\/ceasuri.md\/ru\/shop\/branduri\/swiss-military\/swiss-military-by-chrono-sma34100-01\/","title":{"rendered":"\u0427\u0430\u0441\u044b SWISS MILITARY BY CHRONO SMA34100.01"},"content":{"rendered":"<p>Fabricat din titan ultrarezistent \u0219i u\u0219or este ceasul u\u0219or perfect pentru activit\u0103\u021bile \u00een aer liber. Greutatea redus\u0103 asigur\u0103 o experien\u021b\u0103 de purtare complet confortabil\u0103, \u00een special \u00een timpul sportului, \u00een timp ce rezisten\u021ba materialului face din acest ceas un companion cu adev\u0103rat fiabil.<\/p>\n<p>Carcasa rezistent\u0103 la presiune, cu coroan\u0103 \u00een\u0219urubat\u0103, este echipat\u0103 cu o lunet\u0103 ceramic\u0103 care se rote\u0219te \u00eentr-o singur\u0103 direc\u021bie. Acest ceas sport este \u00eenso\u021bit de o curea din titan ultrau\u0219oar\u0103 cu o \u00eenchidere de siguran\u021b\u0103.<\/p>\n<p>Cadranul negru este acoperit cu un cristal de safir rezistent la zg\u00e2rieturi. \u00cen plus, acele \u0219i indicatoarele orare ale acestui ceas robust sunt acoperite cu luminofori SuperLuminova de culoare verde deschis, ceea ce faciliteaz\u0103 citirea orei sub ap\u0103 sau \u00een condi\u021bii de iluminare slab\u0103.<\/p>\n<p>Tonul gri deschis al titanului creeaz\u0103 un aspect neobi\u0219nuit \u0219i eviden\u021biaz\u0103 excelen\u021ba tehnic\u0103 a acestui ceas automat u\u0219or.<\/p>","protected":false},"excerpt":{"rendered":"<p>Fabricat din titan ultrarezistent \u0219i u\u0219or este ceasul u\u0219or perfect pentru activit\u0103\u021bile \u00een aer liber. Greutatea redus\u0103 asigur\u0103 o experien\u021b\u0103 de purtare complet confortabil\u0103, \u00een special \u00een timpul sportului, \u00een timp ce rezisten\u021ba materialului face din acest ceas un companion cu adev\u0103rat fiabil. Carcasa rezistent\u0103 la presiune, cu coroan\u0103 \u00een\u0219urubat\u0103, este echipat\u0103 cu o lunet\u0103 [&hellip;]<\/p>\n","protected":false},"featured_media":50645,"comment_status":"closed","ping_status":"open","template":"","meta":{"_acf_changed":false},"product_brand":[],"product_cat":[20,106,572],"product_tag":[],"class_list":{"0":"post-50644","1":"product","2":"type-product","3":"status-publish","4":"has-post-thumbnail","6":"product_cat-ceasuri-barbati","7":"product_cat-ceasuri-premium","8":"product_cat-swiss-military","9":"pa_brand-swiss-military","10":"pa_braslet-titan","11":"pa_corpus-42-mm","12":"pa_forma-rotund","13":"pa_funcii-data","14":"pa_garatia-24-luni","15":"pa_korpus-argintiu","16":"pa_material-titan","17":"pa_mehanizm-mecanic","18":"pa_mehanizm-mecanism-automatic","19":"pa_remeshok-argintiu","20":"pa_steklo-cristal-safir","21":"pa_strana-elvetia","22":"pa_voda-30-atm","24":"first","25":"instock","26":"purchasable","27":"product-type-simple"},"acf":[],"_links":{"self":[{"href":"https:\/\/ceasuri.md\/ru\/wp-json\/wp\/v2\/product\/50644","targetHints":{"allow":["GET"]}}],"collection":[{"href":"https:\/\/ceasuri.md\/ru\/wp-json\/wp\/v2\/product"}],"about":[{"href":"https:\/\/ceasuri.md\/ru\/wp-json\/wp\/v2\/types\/product"}],"replies":[{"embeddable":true,"href":"https:\/\/ceasuri.md\/ru\/wp-json\/wp\/v2\/comments?post=50644"}],"wp:featuredmedia":[{"embeddable":true,"href":"https:\/\/ceasuri.md\/ru\/wp-json\/wp\/v2\/media\/50645"}],"wp:attachment":[{"href":"https:\/\/ceasuri.md\/ru\/wp-json\/wp\/v2\/media?parent=50644"}],"wp:term":[{"taxonomy":"product_brand","embeddable":true,"href":"https:\/\/ceasuri.md\/ru\/wp-json\/wp\/v2\/product_brand?post=50644"},{"taxonomy":"product_cat","embeddable":true,"href":"https:\/\/ceasuri.md\/ru\/wp-json\/wp\/v2\/product_cat?post=50644"},{"taxonomy":"product_tag","embeddable":true,"href":"https:\/\/ceasuri.md\/ru\/wp-json\/wp\/v2\/product_tag?post=50644"}],"curies":[{"name":"wp","href":"https:\/\/api.w.org\/{rel}","templated":true}]}}