{"id":50625,"date":"2026-04-02T23:32:01","date_gmt":"2026-04-02T20:32:01","guid":{"rendered":"http:\/\/new.ceasuri.md\/shop\/uncategorized\/seiko-prospex-sfj007p1\/"},"modified":"2026-04-16T21:23:31","modified_gmt":"2026-04-16T18:23:31","slug":"seiko-prospex-sfj007p1","status":"publish","type":"product","link":"https:\/\/ceasuri.md\/ru\/shop\/branduri\/seiko\/seiko-prospex-sfj007p1\/","title":{"rendered":"Ceas SEIKO SFJ007P1 Prospex Cal.8A50   InBoxXP082KD  Instr.NSY8A501"},"content":{"rendered":"<p>Creat\u0103 de Seiko, Prospex este o colec\u021bie de ceasuri profesionale care sunt at\u00e2t estetice, c\u00e2t \u0219i tehnice. O colec\u021bie care a dat na\u0219tere primelor ceasuri japoneze de scufund\u0103ri \u00een 1965.<\/p>\n<p>PROSPEX este prima pies\u0103 de scufundare care a adoptat o carcas\u0103 din titan \u00een locul celei standard din o\u021bel, primul care a pus o mi\u0219care cu cuar\u021b \u00eentr-un ceas de scufundare profesional, primul care a folosit un \u00eenveli\u0219 ceramic pentru scufund\u0103ri la mare ad\u00e2ncime, primul care a folosit un ceas digital analogic hibrid cu alarm\u0103 \u0219i lista ar putea continua.<\/p>\n<p>Seiko &#8211; un ceas precis \u0219i fiabil, cu un design excep\u021bional \u0219i o func\u021bionalitate pragmatic\u0103. Acest model este echipat cu noul cronograf solar de calibru 8A50, care m\u0103soar\u0103 timpul scurs \u00een trepte de 1\/100 de secund\u0103. M\u00e2inile orelor \u0219i minutelor, precum \u0219i indicii orei zilei, sunt acoperite cu LumiBrite pentru a \u00eembun\u0103t\u0103\u021bi lizibilitatea \u00een \u00eentuneric. Butoanele au fost special concepute pentru a asigura performan\u021be ridicate \u0219i precizie \u00een m\u0103surarea timpului scurs.<\/p>","protected":false},"excerpt":{"rendered":"<p>Creat\u0103 de Seiko, Prospex este o colec\u021bie de ceasuri profesionale care sunt at\u00e2t estetice, c\u00e2t \u0219i tehnice. O colec\u021bie care a dat na\u0219tere primelor ceasuri japoneze de scufund\u0103ri \u00een 1965. PROSPEX este prima pies\u0103 de scufundare care a adoptat o carcas\u0103 din titan \u00een locul celei standard din o\u021bel, primul care a pus o mi\u0219care [&hellip;]<\/p>\n","protected":false},"featured_media":50626,"comment_status":"closed","ping_status":"open","template":"","meta":{"_acf_changed":false},"product_brand":[],"product_cat":[20,106,205,588],"product_tag":[],"class_list":{"0":"post-50625","1":"product","2":"type-product","3":"status-publish","4":"has-post-thumbnail","6":"product_cat-ceasuri-barbati","7":"product_cat-ceasuri-premium","8":"product_cat-limited-edition","9":"product_cat-seiko","10":"pa_brand-seiko","11":"pa_braslet-otel-inoxidabil","12":"pa_corpus-42-mm","13":"pa_forma-rotund","14":"pa_funcii-cronograf","15":"pa_funcii-cronometru","16":"pa_funcii-total-black","17":"pa_garatia-24-luni","18":"pa_korpus-negru","19":"pa_kvarc-quartz","20":"pa_material-otel-inoxidabil","21":"pa_mehanizm-baterie-solara","22":"pa_mehanizm-quartz","23":"pa_remeshok-negru","24":"pa_steklo-cristal-safir","25":"pa_strana-japonia","26":"pa_voda-10-atm","28":"first","29":"instock","30":"purchasable","31":"product-type-simple"},"acf":[],"_links":{"self":[{"href":"https:\/\/ceasuri.md\/ru\/wp-json\/wp\/v2\/product\/50625","targetHints":{"allow":["GET"]}}],"collection":[{"href":"https:\/\/ceasuri.md\/ru\/wp-json\/wp\/v2\/product"}],"about":[{"href":"https:\/\/ceasuri.md\/ru\/wp-json\/wp\/v2\/types\/product"}],"replies":[{"embeddable":true,"href":"https:\/\/ceasuri.md\/ru\/wp-json\/wp\/v2\/comments?post=50625"}],"wp:featuredmedia":[{"embeddable":true,"href":"https:\/\/ceasuri.md\/ru\/wp-json\/wp\/v2\/media\/50626"}],"wp:attachment":[{"href":"https:\/\/ceasuri.md\/ru\/wp-json\/wp\/v2\/media?parent=50625"}],"wp:term":[{"taxonomy":"product_brand","embeddable":true,"href":"https:\/\/ceasuri.md\/ru\/wp-json\/wp\/v2\/product_brand?post=50625"},{"taxonomy":"product_cat","embeddable":true,"href":"https:\/\/ceasuri.md\/ru\/wp-json\/wp\/v2\/product_cat?post=50625"},{"taxonomy":"product_tag","embeddable":true,"href":"https:\/\/ceasuri.md\/ru\/wp-json\/wp\/v2\/product_tag?post=50625"}],"curies":[{"name":"wp","href":"https:\/\/api.w.org\/{rel}","templated":true}]}}