{"id":50600,"date":"2026-04-02T23:32:01","date_gmt":"2026-04-02T20:32:01","guid":{"rendered":"http:\/\/new.ceasuri.md\/shop\/uncategorized\/seiko-presage-sharp-edged-spb417j1\/"},"modified":"2026-04-07T04:35:33","modified_gmt":"2026-04-07T01:35:33","slug":"seiko-presage-sharp-edged-spb417j1","status":"publish","type":"product","link":"https:\/\/ceasuri.md\/ru\/shop\/branduri\/seiko\/seiko-presage-sharp-edged-spb417j1\/","title":{"rendered":"Ceas SEIKO PRESAGE Sharp Edged SPB417J1"},"content":{"rendered":"<p>Prezentat\u0103 \u00een 2020, seria Seiko Presage Sharp Edged \u0219i-a c\u00e2\u0219tigat rapid reputa\u021bia pentru silueta sa unghiular\u0103, cadranul cu model distinctiv \u0219i m\u00e2inile \u0219i indicii care reflect\u0103 lumina, \u00eembun\u0103t\u0103\u021bind \u00een acela\u0219i timp lizibilitatea. Revel\u00e2nd o expresie puternic\u0103 a m\u0103iestriei \u0219i esteticii japoneze combinate cu orologeria mecanic\u0103 de ultim\u0103 genera\u021bie, seria a demonstrat abilit\u0103\u021bile extinse \u0219i tehnicile avansate de fabrica\u021bie ale orologeriei Seiko.<\/p>\n<p>Ca fiecare ceas Sharp Edged Series, cadranele noilor crea\u021bii poart\u0103 semn\u0103tura asanoha, sau modelul \u201efrunzei de c\u00e2nep\u0103\u201d. Acest motiv distinctiv a ap\u0103rut pe textilele japoneze \u00eenc\u0103 din perioada Heian, cu peste 1.000 de ani \u00een urm\u0103 \u0219i este asociat \u00een mod tradi\u021bional cu dorin\u021ba de cre\u0219tere \u0219i succes. Compus din mai multe straturi, fiecare cadran tridimensional prinde via\u021b\u0103 prin \u0219tampilare \u0219i grada\u021bie de culoare cre\u00e2nd o textur\u0103 bogat\u0103. Cadranul fiec\u0103rui model este impregnat cu o culoare tradi\u021bional\u0103 japonez\u0103. Cadranul \u00eenchis la culoare este numit aitetsu sau fier de culoare indigo.<\/p>\n<p>Noile ceasuri adopt\u0103 un design \u00eembun\u0103t\u0103\u021bit pentru mana secundelor \u0219i indicatoarele orelor. Indicatoarele sunt mai ascu\u021bite \u0219i se \u00eendreapt\u0103 spre centrul cadranului, \u00een timp ce m\u00e2na secundelor, care este u\u0219or curbat\u0103 \u00een jos spre indicatoare, are o contragreutate mai pronun\u021bat\u0103 \u0219i mai unghiular\u0103, cu o coad\u0103 \u00een form\u0103 de v\u00e2rf.<\/p>\n<p>Un cristal de safir dublu curbat \u00ee\u0219i face prima apari\u021bie \u00een seria Sharp Edged, oferind noilor ceasuri un aspect sub\u021bire la \u00eencheietura m\u00e2inii. Datorit\u0103 noului cristal, cadranele par mai apropiate \u0219i mai vii, \u00eembun\u0103t\u0103\u021bind lizibilitatea \u0219i pun\u00e2nd \u00een eviden\u021b\u0103 mobilierul proeminent al cadranului. Dar \u00eembun\u0103t\u0103\u021birile merg dincolo de suprafa\u021b\u0103.<\/p>\n<p>Noua mi\u0219care din seria 6R \u00ee\u0219i face debutul \u00een cele mai recente modele ale seriei de ceasuri Sharp Edged. Dispun\u00e2nd de noul calibru 6R5J, cele mai recente modele se m\u00e2ndresc cu o rezerv\u0103 de putere extins\u0103 de p\u00e2n\u0103 la trei zile atunci c\u00e2nd sunt complet \u00eenc\u0103rcate. Mi\u0219carea automat\u0103 de 21.600 rpm are m\u00e2ini pentru ore, minute \u0219i secunde, precum \u0219i un subcadran de 24 de ore la ora 6. Fereastra deschis\u0103 la ora 9 este decorat\u0103 cu un model asanoha sau \u201efrunze de c\u00e2nep\u0103\u201d care se potrive\u0219te cu modelul de pe suprafa\u021ba cadranului. Prin aceast\u0103 deschidere, se poate vedea \u0219i aprecia e\u0219apamentul mi\u0219c\u0103rii.<\/p>\n<p>\u00cen semn de recunoa\u0219tere a rezervei extinse de putere de 72 de ore, cadranul fiec\u0103rui ceas poart\u0103 inscrip\u021bia \u201eAutomatic 3 Days\u201d.<\/p>","protected":false},"excerpt":{"rendered":"<p>Prezentat\u0103 \u00een 2020, seria Seiko Presage Sharp Edged \u0219i-a c\u00e2\u0219tigat rapid reputa\u021bia pentru silueta sa unghiular\u0103, cadranul cu model distinctiv \u0219i m\u00e2inile \u0219i indicii care reflect\u0103 lumina, \u00eembun\u0103t\u0103\u021bind \u00een acela\u0219i timp lizibilitatea. Revel\u00e2nd o expresie puternic\u0103 a m\u0103iestriei \u0219i esteticii japoneze combinate cu orologeria mecanic\u0103 de ultim\u0103 genera\u021bie, seria a demonstrat abilit\u0103\u021bile extinse \u0219i tehnicile [&hellip;]<\/p>\n","protected":false},"featured_media":50601,"comment_status":"closed","ping_status":"open","template":"","meta":{"_acf_changed":false},"product_brand":[],"product_cat":[20,106,588],"product_tag":[],"class_list":{"0":"post-50600","1":"product","2":"type-product","3":"status-publish","4":"has-post-thumbnail","6":"product_cat-ceasuri-barbati","7":"product_cat-ceasuri-premium","8":"product_cat-seiko","9":"pa_brand-seiko","10":"pa_braslet-otel-inoxidabil","11":"pa_corpus-40-mm","12":"pa_forma-rotund","13":"pa_funcii-cronograf","14":"pa_funcii-semischelet","15":"pa_garatia-24-luni","16":"pa_korpus-argintiu","17":"pa_material-otel-inoxidabil","18":"pa_mehanizm-mecanic","19":"pa_mehanizm-mecanism-automatic","20":"pa_remeshok-argintiu","21":"pa_steklo-cristal-safir","22":"pa_strana-japonia","23":"pa_voda-10-atm","25":"first","26":"instock","27":"purchasable","28":"product-type-simple"},"acf":[],"_links":{"self":[{"href":"https:\/\/ceasuri.md\/ru\/wp-json\/wp\/v2\/product\/50600","targetHints":{"allow":["GET"]}}],"collection":[{"href":"https:\/\/ceasuri.md\/ru\/wp-json\/wp\/v2\/product"}],"about":[{"href":"https:\/\/ceasuri.md\/ru\/wp-json\/wp\/v2\/types\/product"}],"replies":[{"embeddable":true,"href":"https:\/\/ceasuri.md\/ru\/wp-json\/wp\/v2\/comments?post=50600"}],"wp:featuredmedia":[{"embeddable":true,"href":"https:\/\/ceasuri.md\/ru\/wp-json\/wp\/v2\/media\/50601"}],"wp:attachment":[{"href":"https:\/\/ceasuri.md\/ru\/wp-json\/wp\/v2\/media?parent=50600"}],"wp:term":[{"taxonomy":"product_brand","embeddable":true,"href":"https:\/\/ceasuri.md\/ru\/wp-json\/wp\/v2\/product_brand?post=50600"},{"taxonomy":"product_cat","embeddable":true,"href":"https:\/\/ceasuri.md\/ru\/wp-json\/wp\/v2\/product_cat?post=50600"},{"taxonomy":"product_tag","embeddable":true,"href":"https:\/\/ceasuri.md\/ru\/wp-json\/wp\/v2\/product_tag?post=50600"}],"curies":[{"name":"wp","href":"https:\/\/api.w.org\/{rel}","templated":true}]}}