{"id":50584,"date":"2023-11-04T14:04:30","date_gmt":"2023-11-04T12:04:30","guid":{"rendered":"http:\/\/new.ceasuri.md\/shop\/uncategorized\/seiko-5-sports-srpk11k1\/"},"modified":"2026-05-01T18:08:08","modified_gmt":"2026-05-01T15:08:08","slug":"seiko-5-sports-srpk11k1","status":"publish","type":"product","link":"https:\/\/ceasuri.md\/ru\/shop\/branduri\/seiko\/seiko-5-sports-srpk11k1\/","title":{"rendered":"\u0427\u0430\u0441\u044b SEIKO 5 SPORTS SRPK11K1"},"content":{"rendered":"<p>Timp de peste 50 de ani, ceasurile Seiko 5 Sports au fost caracterizate de un nivel constant ridicat de fiabilitate, durabilitate, performan\u021b\u0103, ceea ce le face s\u0103 fie \u00eendr\u0103gite de iubitorii de ceasuri mecanice din \u00eentreaga lume. Ast\u0103zi, cu un nou design, acest ceas foarte iubit a ren\u0103scut. Bine a\u021bi venit \u00een noua colec\u021bie Seiko 5 Sports, o colec\u021bie cu acelea\u0219i valori, dar \u00eentr-o nou\u0103 \u00eenf\u0103\u021bi\u0219are.<\/p>\n<p>\u00cen 2019, a fost prezentat un aspect nou pentru Seiko 5 Sports, care a fost nou pentru colec\u021bia \u00een sine, dar nu \u0219i pentru fanii m\u0103rcii \u00een general, deoarece a fost luat\u0103 ca baz\u0103 carcasa ceasului de scafandru Seiko SKX, care a fost scos din produc\u021bie. Cei mai mul\u021bi dintre cei c\u0103rora le-a pl\u0103cut Seiko 5 Sports au fost mul\u021bumi\u021bi, iar cei care doreau SKX au primit aceast\u0103 carcas\u0103 cu o mi\u0219care modern\u0103 \u0219i chiar \u00een diferite variante de culoare.<\/p>\n<p>\u00cen ceea ce prive\u0219te rezisten\u021ba la ap\u0103 de 100 de metri, aceasta este mai mult dec\u00e2t suficient\u0103 pentru utilizarea zilnic\u0103 \u00een toate condi\u021biile meteorologice, iar dac\u0103 o persoan\u0103 are cu adev\u0103rat nevoie de un ceas de scafandru cu certificare corespunz\u0103toare, exist\u0103 colec\u021bia Prospex.<\/p>\n<p>Toate cele patru produse noi se bazeaz\u0103 pe calibrul Seiko 4R36. Mi\u0219carea func\u021bioneaz\u0103 la o frecven\u021b\u0103 de 3 Hz \u0219i are o rezerv\u0103 de putere de 41 de ore.<\/p>","protected":false},"excerpt":{"rendered":"<p>Timp de peste 50 de ani, ceasurile Seiko 5 Sports au fost caracterizate de un nivel constant ridicat de fiabilitate, durabilitate, performan\u021b\u0103, ceea ce le face s\u0103 fie \u00eendr\u0103gite de iubitorii de ceasuri mecanice din \u00eentreaga lume. Ast\u0103zi, cu un nou design, acest ceas foarte iubit a ren\u0103scut. Bine a\u021bi venit \u00een noua colec\u021bie Seiko [&hellip;]<\/p>\n","protected":false},"featured_media":50585,"comment_status":"closed","ping_status":"open","template":"","meta":{"_acf_changed":false},"product_brand":[],"product_cat":[20,588],"product_tag":[],"class_list":{"0":"post-50584","1":"product","2":"type-product","3":"status-publish","4":"has-post-thumbnail","6":"product_cat-ceasuri-barbati","7":"product_cat-seiko","8":"pa_brand-seiko","9":"pa_braslet-otel-inoxidabil","10":"pa_corpus-42-mm","11":"pa_forma-rotund","12":"pa_funcii-data","13":"pa_funcii-ziua-saptamanii","14":"pa_garatia-24-luni","15":"pa_korpus-argintiu","16":"pa_material-otel-inoxidabil","17":"pa_mehanizm-mecanic","18":"pa_mehanizm-mecanism-automatic","19":"pa_remeshok-argintiu","20":"pa_steklo-cristal-mineral","21":"pa_strana-japonia","22":"pa_voda-10-atm","24":"first","25":"instock","26":"purchasable","27":"product-type-simple"},"acf":[],"_links":{"self":[{"href":"https:\/\/ceasuri.md\/ru\/wp-json\/wp\/v2\/product\/50584","targetHints":{"allow":["GET"]}}],"collection":[{"href":"https:\/\/ceasuri.md\/ru\/wp-json\/wp\/v2\/product"}],"about":[{"href":"https:\/\/ceasuri.md\/ru\/wp-json\/wp\/v2\/types\/product"}],"replies":[{"embeddable":true,"href":"https:\/\/ceasuri.md\/ru\/wp-json\/wp\/v2\/comments?post=50584"}],"wp:featuredmedia":[{"embeddable":true,"href":"https:\/\/ceasuri.md\/ru\/wp-json\/wp\/v2\/media\/50585"}],"wp:attachment":[{"href":"https:\/\/ceasuri.md\/ru\/wp-json\/wp\/v2\/media?parent=50584"}],"wp:term":[{"taxonomy":"product_brand","embeddable":true,"href":"https:\/\/ceasuri.md\/ru\/wp-json\/wp\/v2\/product_brand?post=50584"},{"taxonomy":"product_cat","embeddable":true,"href":"https:\/\/ceasuri.md\/ru\/wp-json\/wp\/v2\/product_cat?post=50584"},{"taxonomy":"product_tag","embeddable":true,"href":"https:\/\/ceasuri.md\/ru\/wp-json\/wp\/v2\/product_tag?post=50584"}],"curies":[{"name":"wp","href":"https:\/\/api.w.org\/{rel}","templated":true}]}}