{"id":50560,"date":"2026-04-02T23:32:01","date_gmt":"2026-04-02T20:32:01","guid":{"rendered":"http:\/\/new.ceasuri.md\/shop\/uncategorized\/seiko-presage-ssa459j1\/"},"modified":"2026-04-20T01:24:25","modified_gmt":"2026-04-19T22:24:25","slug":"seiko-presage-ssa459j1","status":"publish","type":"product","link":"https:\/\/ceasuri.md\/ru\/shop\/branduri\/seiko\/seiko-presage-ssa459j1\/","title":{"rendered":"\u0427\u0430\u0441\u044b SEIKO PRESAGE SSA459J1"},"content":{"rendered":"<p>Seiko Presage face parte din linie iconic\u0103 \u0219i pute\u021bi vedea cu u\u0219urin\u021b\u0103 de ce acest model a prins at\u00e2t de bine.<\/p>\n<p>Un cadran ca acesta este o lovitur\u0103 genial\u0103. C\u00e2nd vine vorba de ceasuri, detaliile \u0219i cele mai mici nuan\u021be pot avea un impact uria\u0219, motiv pentru care este at\u00e2t de greu s\u0103 faci un model cu adev\u0103rat inspirat.<\/p>\n<p>Ceea ce a f\u0103cut Seiko a fost s\u0103 ob\u021bin\u0103 detaliile exact cum trebuie. Totul, de la cristalul mineral Hardlex bombat, carcasa de 40,5 mm cu o form\u0103 elegant\u0103 transform\u0103 Cocktail Time \u00eentr-un ceas foarte interesant, la care este o bucurie s\u0103 te ui\u021bi de fiecare dat\u0103 c\u00e2nd verifici ora. Cadranul se joac\u0103 cu lumina \u00eentr-un mod frumos, motiv pentru care acest ceas atrage at\u00e2t de multe complimente.<\/p>\n<p>Sub carcas\u0103 se afl\u0103 ceasul mecanic de \u00eencredere, automat, Seiko Cal. 4R57, care este, de asemenea, vizibil prin geamul de la spatele carcasei \u0219i care prezint\u0103 un indicator central al rezervei de putere \u0219i o ac\u021bionare a datei la ora 6. Bine\u00een\u021beles, acesta este un mecanism Seiko in-house, \u00een conformitate cu istoria bogat\u0103 a m\u0103rcii. Aceste complica\u021bii suplimentare adaug\u0103 un nivel de profunzime designului, pe l\u00e2ng\u0103 faptul c\u0103 sunt foarte practice.<\/p>\n<p>Cu Cocktail Time achizi\u021biona\u021bi un ceas iconic, de \u00eenalt\u0103 calitate, care iese \u00een eviden\u021b\u0103 \u00een toate modurile potrivite \u0219i care v\u0103 face s\u0103 v\u0103 da\u021bi seama c\u0103, de\u0219i succesul poate c\u0103 a fost nea\u0219teptat ini\u021bial, este pe deplin justificat.<\/p>","protected":false},"excerpt":{"rendered":"<p>Seiko Presage face parte din linie iconic\u0103 \u0219i pute\u021bi vedea cu u\u0219urin\u021b\u0103 de ce acest model a prins at\u00e2t de bine. Un cadran ca acesta este o lovitur\u0103 genial\u0103. C\u00e2nd vine vorba de ceasuri, detaliile \u0219i cele mai mici nuan\u021be pot avea un impact uria\u0219, motiv pentru care este at\u00e2t de greu s\u0103 faci un [&hellip;]<\/p>\n","protected":false},"featured_media":50561,"comment_status":"closed","ping_status":"open","template":"","meta":{"_acf_changed":false},"product_brand":[],"product_cat":[20,588],"product_tag":[],"class_list":{"0":"post-50560","1":"product","2":"type-product","3":"status-publish","4":"has-post-thumbnail","6":"product_cat-ceasuri-barbati","7":"product_cat-seiko","8":"pa_brand-seiko","9":"pa_braslet-piele","10":"pa_corpus-40-mm","11":"pa_forma-rotund","12":"pa_funcii-data","13":"pa_funcii-rezerva-de-energie","14":"pa_garatia-24-luni","15":"pa_korpus-argintiu","16":"pa_material-otel-inoxidabil","17":"pa_mehanizm-mecanic","18":"pa_mehanizm-mecanism-automatic","19":"pa_remeshok-maro","20":"pa_steklo-cristal-mineral","21":"pa_strana-japonia","22":"pa_voda-5-atm","24":"first","25":"instock","26":"purchasable","27":"product-type-simple"},"acf":[],"_links":{"self":[{"href":"https:\/\/ceasuri.md\/ru\/wp-json\/wp\/v2\/product\/50560","targetHints":{"allow":["GET"]}}],"collection":[{"href":"https:\/\/ceasuri.md\/ru\/wp-json\/wp\/v2\/product"}],"about":[{"href":"https:\/\/ceasuri.md\/ru\/wp-json\/wp\/v2\/types\/product"}],"replies":[{"embeddable":true,"href":"https:\/\/ceasuri.md\/ru\/wp-json\/wp\/v2\/comments?post=50560"}],"wp:featuredmedia":[{"embeddable":true,"href":"https:\/\/ceasuri.md\/ru\/wp-json\/wp\/v2\/media\/50561"}],"wp:attachment":[{"href":"https:\/\/ceasuri.md\/ru\/wp-json\/wp\/v2\/media?parent=50560"}],"wp:term":[{"taxonomy":"product_brand","embeddable":true,"href":"https:\/\/ceasuri.md\/ru\/wp-json\/wp\/v2\/product_brand?post=50560"},{"taxonomy":"product_cat","embeddable":true,"href":"https:\/\/ceasuri.md\/ru\/wp-json\/wp\/v2\/product_cat?post=50560"},{"taxonomy":"product_tag","embeddable":true,"href":"https:\/\/ceasuri.md\/ru\/wp-json\/wp\/v2\/product_tag?post=50560"}],"curies":[{"name":"wp","href":"https:\/\/api.w.org\/{rel}","templated":true}]}}