{"id":50556,"date":"2026-04-02T23:32:01","date_gmt":"2026-04-02T20:32:01","guid":{"rendered":"http:\/\/new.ceasuri.md\/shop\/uncategorized\/seiko-chronograph-ssb425p1\/"},"modified":"2026-04-07T04:35:24","modified_gmt":"2026-04-07T01:35:24","slug":"seiko-chronograph-ssb425p1","status":"publish","type":"product","link":"https:\/\/ceasuri.md\/ru\/shop\/branduri\/seiko\/seiko-chronograph-ssb425p1\/","title":{"rendered":"Ceas SEIKO CHRONOGRAPH SSB425P1"},"content":{"rendered":"<p>Compania, \u00een prezent este un produc\u0103tor de succes \u0219i popular de ceasuri de m\u00e2n\u0103, are o istorie de aproape un secol \u0219i jum\u0103tate.<\/p>\n<p>La \u00eenceput, compania a fost un mic salon \u00een care t\u00e2n\u0103rul \u0219i ambi\u021biosul Kintaro Hattori repara ceasuri vechi \u0219i vindea accesorii de produc\u021bie str\u0103in\u0103. Dup\u0103 ce a studiat temeinic particularit\u0103\u021bile mecanismelor, fondatorul \u0219i-a lansat propriul model.<\/p>\n<p>Principalul avantaj al Seiko este reprezentat de colec\u021biile diversificate \u0219i de tehnologiile unice utilizate \u00een fabricarea lor. Seiko produce at\u00e2t ceasuri mecanice, c\u00e2t \u0219i ceasuri cu cuar\u021b, \u00een diferite game de pre\u021buri.<\/p>\n<p>Toate ceasurile Seiko, f\u0103r\u0103 excep\u021bie, \u00eendeplinesc patru criterii de baz\u0103 &#8211; precizie, simplitate, durabilitate \u0219i calitate. Pe aceast\u0103 formul\u0103 se bazeaz\u0103 \u00eencrederea consumatorilor \u00een produsele ceasornicarilor japonezi.<\/p>\n<p>Istoria companiei Seiko este un exemplu clar al modului \u00een care, cu o conducere abil\u0103, o perseveren\u021b\u0103 f\u0103r\u0103 precedent \u0219i o c\u0103utare ne\u00eencetat\u0103, crizele \u0219i dezastrele naturale pot fi transformate \u00een lucruri bune.<\/p>","protected":false},"excerpt":{"rendered":"<p>Compania, \u00een prezent este un produc\u0103tor de succes \u0219i popular de ceasuri de m\u00e2n\u0103, are o istorie de aproape un secol \u0219i jum\u0103tate. La \u00eenceput, compania a fost un mic salon \u00een care t\u00e2n\u0103rul \u0219i ambi\u021biosul Kintaro Hattori repara ceasuri vechi \u0219i vindea accesorii de produc\u021bie str\u0103in\u0103. Dup\u0103 ce a studiat temeinic particularit\u0103\u021bile mecanismelor, fondatorul [&hellip;]<\/p>\n","protected":false},"featured_media":50557,"comment_status":"closed","ping_status":"open","template":"","meta":{"_acf_changed":false},"product_brand":[],"product_cat":[20,588],"product_tag":[],"class_list":{"0":"post-50556","1":"product","2":"type-product","3":"status-publish","4":"has-post-thumbnail","6":"product_cat-ceasuri-barbati","7":"product_cat-seiko","8":"pa_brand-seiko","9":"pa_braslet-otel-inoxidabil","10":"pa_corpus-41-mm","11":"pa_forma-rotund","12":"pa_funcii-cronograf","13":"pa_funcii-cronometru","14":"pa_funcii-data","15":"pa_funcii-tahimetru","16":"pa_garatia-24-luni","17":"pa_korpus-argintiu","18":"pa_material-otel-inoxidabil","19":"pa_mehanizm-quartz","20":"pa_remeshok-argintiu","21":"pa_steklo-cristal-mineral","22":"pa_strana-japonia","23":"pa_voda-10-atm","25":"first","26":"instock","27":"purchasable","28":"product-type-simple"},"acf":[],"_links":{"self":[{"href":"https:\/\/ceasuri.md\/ru\/wp-json\/wp\/v2\/product\/50556","targetHints":{"allow":["GET"]}}],"collection":[{"href":"https:\/\/ceasuri.md\/ru\/wp-json\/wp\/v2\/product"}],"about":[{"href":"https:\/\/ceasuri.md\/ru\/wp-json\/wp\/v2\/types\/product"}],"replies":[{"embeddable":true,"href":"https:\/\/ceasuri.md\/ru\/wp-json\/wp\/v2\/comments?post=50556"}],"wp:featuredmedia":[{"embeddable":true,"href":"https:\/\/ceasuri.md\/ru\/wp-json\/wp\/v2\/media\/50557"}],"wp:attachment":[{"href":"https:\/\/ceasuri.md\/ru\/wp-json\/wp\/v2\/media?parent=50556"}],"wp:term":[{"taxonomy":"product_brand","embeddable":true,"href":"https:\/\/ceasuri.md\/ru\/wp-json\/wp\/v2\/product_brand?post=50556"},{"taxonomy":"product_cat","embeddable":true,"href":"https:\/\/ceasuri.md\/ru\/wp-json\/wp\/v2\/product_cat?post=50556"},{"taxonomy":"product_tag","embeddable":true,"href":"https:\/\/ceasuri.md\/ru\/wp-json\/wp\/v2\/product_tag?post=50556"}],"curies":[{"name":"wp","href":"https:\/\/api.w.org\/{rel}","templated":true}]}}