{"id":50540,"date":"2026-04-02T23:31:07","date_gmt":"2026-04-02T20:31:07","guid":{"rendered":"http:\/\/new.ceasuri.md\/shop\/uncategorized\/seiko-astron-ssh135j1\/"},"modified":"2026-04-20T01:24:28","modified_gmt":"2026-04-19T22:24:28","slug":"seiko-astron-ssh135j1","status":"publish","type":"product","link":"https:\/\/ceasuri.md\/ru\/shop\/branduri\/seiko\/seiko-astron-ssh135j1\/","title":{"rendered":"\u0427\u0430\u0441\u044b SEIKO ASTRON SSH135J1"},"content":{"rendered":"<p>Acest ceas reprezint\u0103 un far de fiabilitate \u0219i stil. \u00cembin\u0103 perfect func\u021bionalitatea GPS avansat\u0103, energia solar\u0103 \u0219i elegan\u021ba atemporal\u0103 Seiko. Acesta este companionul suprem pentru aventurierul \u0219i c\u0103l\u0103torul modern.<\/p>\n<p>Pentru \u00eenceput, ceasul dispune de cel mai recent ceas de cas\u0103 Seiko Cal. 5X53. Aceast\u0103 mi\u0219care se conecteaz\u0103 la sateli\u021bii GPS, astfel \u00eenc\u00e2t se adapteaz\u0103 automat la fusul orar local, asigur\u00e2ndu-v\u0103 c\u0103 sunte\u021bi \u00eentotdeauna sincronizat cu lumea, indiferent de loca\u021bia dvs. Alimentarea se face prin intermediul celulelor solare integrate, care pot \u00eenc\u0103rca ceasul p\u00e2n\u0103 la 6 luni cu o \u00eenc\u0103rcare complet\u0103. Desigur, mi\u0219carea are o multitudine de caracteristici, cum ar fi un calendar perpetuu p\u00e2n\u0103 \u00een 2100, indicator de rezerv\u0103 de energie, ora mondial\u0103 (39 de fusuri orare), fusuri orare duble, aliniere automat\u0103 a m\u00e2inilor \u0219i o func\u021bie de economisire a energiei.<\/p>\n<p>S\u0103 pui toate aceste caracteristici \u00eentr-un ceas este un lucru, dar s\u0103-l faci s\u0103 arate bine \u0219i s\u0103 fie confortabil este o alt\u0103 provocare, iar Seiko a reu\u0219it cu siguran\u021b\u0103 s\u0103 o fac\u0103, combin\u00e2nd materiale de top \u0219i un design deosebit. Pentru \u00eenceput, ceasul este fabricat din titan, ceea ce asigur\u0103 faptul c\u0103 ceasul nu este prea greu (105 grame cu toate verigile) \u0219i \u00eei confer\u0103 aspectul tipic de titan. \u00cen plus, aceast\u0103 edi\u021bie special\u0103 vine \u0219i cu o curea de silicon foarte confortabil\u0103.<\/p>\n<p>Carcasa are un diametru de 42,7 mm \u0219i o grosime de 12,2 mm, ambele asigur\u00e2nd o experien\u021b\u0103 de purtare foarte confortabil\u0103, \u00een ciuda faptului c\u0103 \u00eempacheteaz\u0103 at\u00e2t de multe caracteristici. Cadranul superb este, bine\u00een\u021beles, protejat de o sticl\u0103 de safir, care are un strat cu adev\u0103rat Super-clear, care face s\u0103 par\u0103 c\u0103 sticla nu este acolo \u0219i v\u0103 permite o vedere clar\u0103 a minunatei profunzimi a cadranului.<\/p>\n<p>Modelul are un amestec unic de stiluri la un nivel de calitate \u0219i finisare care se simte mai m\u0103re\u021b dec\u00e2t cere eticheta de pre\u021b \u0219i este limitat la doar 1200 de buc\u0103\u021bi \u00een \u00eentreaga lume. Limited Edition 217\/1200.<\/p>","protected":false},"excerpt":{"rendered":"<p>Acest ceas reprezint\u0103 un far de fiabilitate \u0219i stil. \u00cembin\u0103 perfect func\u021bionalitatea GPS avansat\u0103, energia solar\u0103 \u0219i elegan\u021ba atemporal\u0103 Seiko. Acesta este companionul suprem pentru aventurierul \u0219i c\u0103l\u0103torul modern. Pentru \u00eenceput, ceasul dispune de cel mai recent ceas de cas\u0103 Seiko Cal. 5X53. Aceast\u0103 mi\u0219care se conecteaz\u0103 la sateli\u021bii GPS, astfel \u00eenc\u00e2t se adapteaz\u0103 automat [&hellip;]<\/p>\n","protected":false},"featured_media":50541,"comment_status":"closed","ping_status":"open","template":"","meta":{"_acf_changed":false},"product_brand":[],"product_cat":[20,106,205,588],"product_tag":[],"class_list":{"0":"post-50540","1":"product","2":"type-product","3":"status-publish","4":"has-post-thumbnail","6":"product_cat-ceasuri-barbati","7":"product_cat-ceasuri-premium","8":"product_cat-limited-edition","9":"product_cat-seiko","10":"pa_brand-seiko","11":"pa_braslet-silicon","12":"pa_braslet-titan","13":"pa_corpus-42-mm","14":"pa_forma-rotund","15":"pa_funcii-cronograf","16":"pa_funcii-data","17":"pa_funcii-limited-edition","18":"pa_funcii-rezerva-de-energie","19":"pa_funcii-set-cadou","20":"pa_funcii-timp-mondial","21":"pa_funcii-ziua-saptamanii","22":"pa_garatia-24-luni","23":"pa_korpus-argintiu","24":"pa_kvarc-quartz","25":"pa_material-titan","26":"pa_mehanizm-baterie-solara","27":"pa_mehanizm-quartz","28":"pa_remeshok-argintiu","29":"pa_steklo-cristal-safir","30":"pa_strana-japonia","31":"pa_voda-10-atm","33":"first","34":"instock","35":"purchasable","36":"product-type-simple"},"acf":[],"_links":{"self":[{"href":"https:\/\/ceasuri.md\/ru\/wp-json\/wp\/v2\/product\/50540","targetHints":{"allow":["GET"]}}],"collection":[{"href":"https:\/\/ceasuri.md\/ru\/wp-json\/wp\/v2\/product"}],"about":[{"href":"https:\/\/ceasuri.md\/ru\/wp-json\/wp\/v2\/types\/product"}],"replies":[{"embeddable":true,"href":"https:\/\/ceasuri.md\/ru\/wp-json\/wp\/v2\/comments?post=50540"}],"wp:featuredmedia":[{"embeddable":true,"href":"https:\/\/ceasuri.md\/ru\/wp-json\/wp\/v2\/media\/50541"}],"wp:attachment":[{"href":"https:\/\/ceasuri.md\/ru\/wp-json\/wp\/v2\/media?parent=50540"}],"wp:term":[{"taxonomy":"product_brand","embeddable":true,"href":"https:\/\/ceasuri.md\/ru\/wp-json\/wp\/v2\/product_brand?post=50540"},{"taxonomy":"product_cat","embeddable":true,"href":"https:\/\/ceasuri.md\/ru\/wp-json\/wp\/v2\/product_cat?post=50540"},{"taxonomy":"product_tag","embeddable":true,"href":"https:\/\/ceasuri.md\/ru\/wp-json\/wp\/v2\/product_tag?post=50540"}],"curies":[{"name":"wp","href":"https:\/\/api.w.org\/{rel}","templated":true}]}}