{"id":50535,"date":"2026-04-02T23:31:07","date_gmt":"2026-04-02T20:31:07","guid":{"rendered":"http:\/\/new.ceasuri.md\/shop\/uncategorized\/seiko-astron-ssh137j1\/"},"modified":"2026-04-20T01:24:29","modified_gmt":"2026-04-19T22:24:29","slug":"seiko-astron-ssh137j1","status":"publish","type":"product","link":"https:\/\/ceasuri.md\/ru\/shop\/branduri\/seiko\/seiko-astron-ssh137j1\/","title":{"rendered":"\u0427\u0430\u0441\u044b SEIKO ASTRON SSH137J1"},"content":{"rendered":"<p>In 1969, primul ceas Astron a pornit revolutia ceasurilor quartz, punand la dispozitia tuturor acuratetea de cateva &#8222;secunde pe an&#8221;.<\/p>\n<p>Astazi, noul Astron ne prezinta o noua inovatie in domeniul orologer &#8211; un ceas quartz cu acuratetea de o secunda la 100 de ani si ajustarea zonei de fus orar.<\/p>\n<p>In 2014, colectia este completata de un nou calibru, mult mai avansat. Folosind doar energia luminii, se conecteaza la reteaua GPS si indica ora cu precizia ceasului atomic, ajustandu-se la zona de fus orar in care te afli, la simpla apasare a unui buton. Aditional, 8X82 este prevazut cu functia cronograf si alte caracteristici imbunatatite.<\/p>\n<p>Odata pe zi, Seiko Astron receptioneaza automat semnalul orar si, la cerere, se conecteaza la patru sau mai multi dintre satelitii GPS care orbiteaza in jurul pamantului, indicand cu precizie pozitia sa si identificand zona de fus orar si ora exacta.<\/p>\n<p>Ceasul Astron este alimentat cu energie solar\u0103, astfel \u00eenc\u00e2t nu este necesar\u0103 \u00eenlocuirea bateriei, \u0219i are un calendar perpetuu, ceea ce \u00eenseamn\u0103 c\u0103 data va fi \u00eentotdeauna afi\u0219at\u0103 corect p\u00e2n\u0103 \u00een februarie 2100, chiar \u0219i lu\u00e2nd \u00een considerare anul bisect.<\/p>\n<p>De asemenea, este echipat cu modul &#8222;in-flight&#8221; si un buton cu ajutorul caruia se seteaza &#8222;Ora de vara&#8221;. Seiko Astron se conecteaza la satelitii GPS, chiar si din miscare.<\/p>\n<p>Citirea orei n-a fost niciodata mai simpla sau mai in ton cu necesitatile celor care calatoresc. Oriunde va poarta viata, veti fi mereu punctuali multumita noului Seiko Astron.<\/p>","protected":false},"excerpt":{"rendered":"<p>In 1969, primul ceas Astron a pornit revolutia ceasurilor quartz, punand la dispozitia tuturor acuratetea de cateva &#8222;secunde pe an&#8221;. Astazi, noul Astron ne prezinta o noua inovatie in domeniul orologer &#8211; un ceas quartz cu acuratetea de o secunda la 100 de ani si ajustarea zonei de fus orar. In 2014, colectia este completata [&hellip;]<\/p>\n","protected":false},"featured_media":50536,"comment_status":"closed","ping_status":"open","template":"","meta":{"_acf_changed":false},"product_brand":[],"product_cat":[20,106,205,588],"product_tag":[],"class_list":{"0":"post-50535","1":"product","2":"type-product","3":"status-publish","4":"has-post-thumbnail","6":"product_cat-ceasuri-barbati","7":"product_cat-ceasuri-premium","8":"product_cat-limited-edition","9":"product_cat-seiko","10":"pa_brand-seiko","11":"pa_braslet-cauciuc","12":"pa_braslet-titan","13":"pa_corpus-42-mm","14":"pa_forma-rotund","15":"pa_funcii-cronograf","16":"pa_funcii-data","17":"pa_funcii-rezerva-de-energie","18":"pa_funcii-set-cadou","19":"pa_funcii-timp-mondial","20":"pa_funcii-total-black","21":"pa_funcii-ziua-saptamanii","22":"pa_garatia-24-luni","23":"pa_korpus-negru","24":"pa_kvarc-quartz","25":"pa_material-titan","26":"pa_mehanizm-baterie-solara","27":"pa_mehanizm-quartz","28":"pa_remeshok-negru","29":"pa_steklo-cristal-safir","30":"pa_strana-japonia","31":"pa_voda-10-atm","33":"first","34":"instock","35":"purchasable","36":"product-type-simple"},"acf":[],"_links":{"self":[{"href":"https:\/\/ceasuri.md\/ru\/wp-json\/wp\/v2\/product\/50535","targetHints":{"allow":["GET"]}}],"collection":[{"href":"https:\/\/ceasuri.md\/ru\/wp-json\/wp\/v2\/product"}],"about":[{"href":"https:\/\/ceasuri.md\/ru\/wp-json\/wp\/v2\/types\/product"}],"replies":[{"embeddable":true,"href":"https:\/\/ceasuri.md\/ru\/wp-json\/wp\/v2\/comments?post=50535"}],"wp:featuredmedia":[{"embeddable":true,"href":"https:\/\/ceasuri.md\/ru\/wp-json\/wp\/v2\/media\/50536"}],"wp:attachment":[{"href":"https:\/\/ceasuri.md\/ru\/wp-json\/wp\/v2\/media?parent=50535"}],"wp:term":[{"taxonomy":"product_brand","embeddable":true,"href":"https:\/\/ceasuri.md\/ru\/wp-json\/wp\/v2\/product_brand?post=50535"},{"taxonomy":"product_cat","embeddable":true,"href":"https:\/\/ceasuri.md\/ru\/wp-json\/wp\/v2\/product_cat?post=50535"},{"taxonomy":"product_tag","embeddable":true,"href":"https:\/\/ceasuri.md\/ru\/wp-json\/wp\/v2\/product_tag?post=50535"}],"curies":[{"name":"wp","href":"https:\/\/api.w.org\/{rel}","templated":true}]}}