{"id":50531,"date":"2026-04-02T23:31:07","date_gmt":"2026-04-02T20:31:07","guid":{"rendered":"http:\/\/new.ceasuri.md\/shop\/uncategorized\/seiko-astron-ssh139j1\/"},"modified":"2026-04-07T04:35:19","modified_gmt":"2026-04-07T01:35:19","slug":"seiko-astron-ssh139j1","status":"publish","type":"product","link":"https:\/\/ceasuri.md\/ru\/shop\/branduri\/seiko\/seiko-astron-ssh139j1\/","title":{"rendered":"Ceas SEIKO ASTRON SSH139J1"},"content":{"rendered":"<p>Acest model este limitat la doar 1.200 de piese la nivel mondial.<\/p>\n<p>Designul acestui ceas reflect\u0103 inova\u021biile tehnice \u0219i de design constante din colec\u021bia Seiko Astron, ceea ce este evident \u00een culorile luminoase ale ilumin\u0103rii de fundal \u0219i \u00een cadranul unic cu model presat. \u00cen mod convenabil, ceasul este alimentat cu energie solar\u0103 \u0219i este \u00eenc\u0103rcat at\u00e2t de lumina natural\u0103, c\u00e2t \u0219i de cea electric\u0103.<\/p>\n<p>Ceasul are calibrul 5X dezvoltat in-house de Seiko cu func\u021bionalitate \u00eembun\u0103t\u0103\u021bit\u0103 &#8211; fiecare component\u0103 a modulului GPS a fost reproiectat\u0103 pentru a o face mai rapid\u0103 \u0219i mai intuitiv\u0103 ca niciodat\u0103. Conversia de 14 ore de la ora Tokyo la ora New York dureaz\u0103 doar trei secunde, datorit\u0103 unui sistem \u00een care limbile orei, minutelor \u0219i secundelor se mi\u0219c\u0103 independent una de cealalt\u0103.<\/p>\n<p>Aceste func\u021bii faciliteaz\u0103 trecerea la ora de var\u0103 \u0219i permit purt\u0103torului s\u0103 comute instantaneu cadranul principal de la ora de acas\u0103 la ora local\u0103 \u0219i viceversa. Dac\u0103 este necesar\u0103 ajustarea fusului orar, este suficient s\u0103 ap\u0103sa\u021bi un buton, iar acele vor trece rapid la ora local\u0103 exact\u0103.<\/p>\n<p>Disponibil N 0466, 0601 din 1200 de exemplare.<\/p>","protected":false},"excerpt":{"rendered":"<p>Acest model este limitat la doar 1.200 de piese la nivel mondial. Designul acestui ceas reflect\u0103 inova\u021biile tehnice \u0219i de design constante din colec\u021bia Seiko Astron, ceea ce este evident \u00een culorile luminoase ale ilumin\u0103rii de fundal \u0219i \u00een cadranul unic cu model presat. \u00cen mod convenabil, ceasul este alimentat cu energie solar\u0103 \u0219i este [&hellip;]<\/p>\n","protected":false},"featured_media":50532,"comment_status":"closed","ping_status":"open","template":"","meta":{"_acf_changed":false},"product_brand":[],"product_cat":[20,106,205,588],"product_tag":[],"class_list":{"0":"post-50531","1":"product","2":"type-product","3":"status-publish","4":"has-post-thumbnail","6":"product_cat-ceasuri-barbati","7":"product_cat-ceasuri-premium","8":"product_cat-limited-edition","9":"product_cat-seiko","10":"pa_brand-seiko","11":"pa_braslet-cauciuc","12":"pa_braslet-titan","13":"pa_corpus-42-mm","14":"pa_forma-rotund","15":"pa_funcii-cronograf","16":"pa_funcii-data","17":"pa_funcii-limited-edition","18":"pa_funcii-rezerva-de-energie","19":"pa_funcii-set-cadou","20":"pa_funcii-timp-mondial","21":"pa_funcii-ziua-saptamanii","22":"pa_garatia-24-luni","23":"pa_korpus-argintiu","24":"pa_material-titan","25":"pa_mehanizm-baterie-solara","26":"pa_mehanizm-quartz","27":"pa_remeshok-negru","28":"pa_steklo-cristal-safir","29":"pa_strana-japonia","30":"pa_voda-10-atm","32":"first","33":"instock","34":"purchasable","35":"product-type-simple"},"acf":[],"_links":{"self":[{"href":"https:\/\/ceasuri.md\/ru\/wp-json\/wp\/v2\/product\/50531","targetHints":{"allow":["GET"]}}],"collection":[{"href":"https:\/\/ceasuri.md\/ru\/wp-json\/wp\/v2\/product"}],"about":[{"href":"https:\/\/ceasuri.md\/ru\/wp-json\/wp\/v2\/types\/product"}],"replies":[{"embeddable":true,"href":"https:\/\/ceasuri.md\/ru\/wp-json\/wp\/v2\/comments?post=50531"}],"wp:featuredmedia":[{"embeddable":true,"href":"https:\/\/ceasuri.md\/ru\/wp-json\/wp\/v2\/media\/50532"}],"wp:attachment":[{"href":"https:\/\/ceasuri.md\/ru\/wp-json\/wp\/v2\/media?parent=50531"}],"wp:term":[{"taxonomy":"product_brand","embeddable":true,"href":"https:\/\/ceasuri.md\/ru\/wp-json\/wp\/v2\/product_brand?post=50531"},{"taxonomy":"product_cat","embeddable":true,"href":"https:\/\/ceasuri.md\/ru\/wp-json\/wp\/v2\/product_cat?post=50531"},{"taxonomy":"product_tag","embeddable":true,"href":"https:\/\/ceasuri.md\/ru\/wp-json\/wp\/v2\/product_tag?post=50531"}],"curies":[{"name":"wp","href":"https:\/\/api.w.org\/{rel}","templated":true}]}}