{"id":50515,"date":"2026-04-02T23:31:07","date_gmt":"2026-04-02T20:31:07","guid":{"rendered":"http:\/\/new.ceasuri.md\/shop\/uncategorized\/seiko-astron-ssj017j1\/"},"modified":"2026-04-20T01:24:33","modified_gmt":"2026-04-19T22:24:33","slug":"seiko-astron-ssj017j1","status":"publish","type":"product","link":"https:\/\/ceasuri.md\/ru\/shop\/branduri\/seiko\/seiko-astron-ssj017j1\/","title":{"rendered":"\u0427\u0430\u0441\u044b SEIKO ASTRON SSJ017J1"},"content":{"rendered":"<p>Astron GPS Solar este unul dintre cele mai avansate ceasuri de m\u00e2n\u0103 din lume. Acesta se adapteaz\u0103, prin simpla ap\u0103sare a unui buton, la fusul t\u0103u orar prin conectarea la re\u021beaua de sateli\u021bi GPS.<\/p>\n<p>\u00ce\u0219i ia toat\u0103 energia de care are nevoie doar din lumin\u0103 \u0219i totu\u0219i ofer\u0103 precizia de neegalat a unui ceas atomic. Ba chiar se conecteaz\u0103 automat de p\u00e2n\u0103 la dou\u0103 ori pe zi la re\u021beaua de sateli\u021bi pentru a-\u0219i asigura precizia. Este ceasul perfect pentru cei care c\u0103l\u0103toresc la nivel mondial. Cele mai recente modele sunt la fel de avansate ca \u0219i tehnologia din interior.<\/p>\n<p>Ceasul este u\u0219or \u0219i se a\u0219eaz\u0103 confortabil pe \u00eencheietura m\u00e2inii, datorit\u0103 titanului robust \u0219i rezistent la zg\u00e2rieturi folosit at\u00e2t pentru carcas\u0103, c\u00e2t \u0219i pentru br\u0103\u021bar\u0103; acesta este cu 40% mai u\u0219or dec\u00e2t o\u021belul. Perfec\u021biunea sa imaculat\u0103 este de lung\u0103 durat\u0103, deoarece fiecare suprafa\u021b\u0103 are un strat super dur pentru a preveni orice zg\u00e2rieturi, iar ceasul este rezistent la ap\u0103 de 10 bari.<\/p>\n<p>De\u0219i are o greutate redus\u0103, carcasa este construit\u0103 pentru a rezista. Centrul de greutate sc\u0103zut asigur\u0103 faptul c\u0103 ceasul st\u0103 bine a\u0219ezat pe \u00eencheietura m\u00e2inii.<\/p>","protected":false},"excerpt":{"rendered":"<p>Astron GPS Solar este unul dintre cele mai avansate ceasuri de m\u00e2n\u0103 din lume. Acesta se adapteaz\u0103, prin simpla ap\u0103sare a unui buton, la fusul t\u0103u orar prin conectarea la re\u021beaua de sateli\u021bi GPS. \u00ce\u0219i ia toat\u0103 energia de care are nevoie doar din lumin\u0103 \u0219i totu\u0219i ofer\u0103 precizia de neegalat a unui ceas atomic. [&hellip;]<\/p>\n","protected":false},"featured_media":50516,"comment_status":"closed","ping_status":"open","template":"","meta":{"_acf_changed":false},"product_brand":[],"product_cat":[20,106,205,588],"product_tag":[],"class_list":{"0":"post-50515","1":"product","2":"type-product","3":"status-publish","4":"has-post-thumbnail","6":"product_cat-ceasuri-barbati","7":"product_cat-ceasuri-premium","8":"product_cat-limited-edition","9":"product_cat-seiko","10":"pa_brand-seiko","11":"pa_braslet-titan","12":"pa_corpus-41-mm","13":"pa_forma-octogonala","14":"pa_funcii-data","15":"pa_funcii-rezerva-de-energie","16":"pa_garatia-24-luni","17":"pa_korpus-argintiu","18":"pa_kvarc-quartz","19":"pa_material-titan","20":"pa_mehanizm-baterie-solara","21":"pa_mehanizm-quartz","22":"pa_remeshok-argintiu","23":"pa_steklo-cristal-safir","24":"pa_strana-japonia","25":"pa_voda-10-atm","27":"first","28":"instock","29":"purchasable","30":"product-type-simple"},"acf":[],"_links":{"self":[{"href":"https:\/\/ceasuri.md\/ru\/wp-json\/wp\/v2\/product\/50515","targetHints":{"allow":["GET"]}}],"collection":[{"href":"https:\/\/ceasuri.md\/ru\/wp-json\/wp\/v2\/product"}],"about":[{"href":"https:\/\/ceasuri.md\/ru\/wp-json\/wp\/v2\/types\/product"}],"replies":[{"embeddable":true,"href":"https:\/\/ceasuri.md\/ru\/wp-json\/wp\/v2\/comments?post=50515"}],"wp:featuredmedia":[{"embeddable":true,"href":"https:\/\/ceasuri.md\/ru\/wp-json\/wp\/v2\/media\/50516"}],"wp:attachment":[{"href":"https:\/\/ceasuri.md\/ru\/wp-json\/wp\/v2\/media?parent=50515"}],"wp:term":[{"taxonomy":"product_brand","embeddable":true,"href":"https:\/\/ceasuri.md\/ru\/wp-json\/wp\/v2\/product_brand?post=50515"},{"taxonomy":"product_cat","embeddable":true,"href":"https:\/\/ceasuri.md\/ru\/wp-json\/wp\/v2\/product_cat?post=50515"},{"taxonomy":"product_tag","embeddable":true,"href":"https:\/\/ceasuri.md\/ru\/wp-json\/wp\/v2\/product_tag?post=50515"}],"curies":[{"name":"wp","href":"https:\/\/api.w.org\/{rel}","templated":true}]}}