{"id":50511,"date":"2026-04-02T23:31:07","date_gmt":"2026-04-02T20:31:07","guid":{"rendered":"http:\/\/new.ceasuri.md\/shop\/uncategorized\/seiko-presage-ssk009j1\/"},"modified":"2026-04-20T01:24:34","modified_gmt":"2026-04-19T22:24:34","slug":"seiko-presage-ssk009j1","status":"publish","type":"product","link":"https:\/\/ceasuri.md\/ru\/shop\/branduri\/seiko\/seiko-presage-ssk009j1\/","title":{"rendered":"\u0427\u0430\u0441\u044b SEIKO PRESAGE SSK009J1"},"content":{"rendered":"<p>Fiecare Presage, realizat \u00een mod uimitor, reflect\u0103 o mo\u0219tenire extraordinar\u0103 de m\u0103iestrie artistic\u0103 \u00een materie de design \u0219i cronometrare, captur\u00e2nd esen\u021ba stilului clasic \u0219i contemporan japonez.<\/p>\n<p>Confec\u021bionat de mae\u0219trii artizani, fiecare ceas este o oper\u0103 de art\u0103 unic\u0103, de la cadranele rafinate la acele fin lucrate \u0219i la cristalele de safir pentru cea mai mare claritate. Pentru a transmite adev\u0103rata esen\u021b\u0103 a m\u0103iestriei artistice japoneze, Seiko colaboreaz\u0103 cu me\u0219teri \u0219i artizani foarte pricepu\u021bi \u00een domeniul smal\u021bului, por\u021belanului \u0219i lacului din diferite regiuni ale Japoniei, fiecare fiind dedicat perfec\u021biunii disciplinei sale.<\/p>\n<p>Dispun\u00e2nd de cea mai bun\u0103 calitate a orologeriei japoneze, fiecare Presage este echipat cu unul dintre calibrele mecanice interne Seiko.<\/p>\n<p>Noua colec\u021bie Presage Style 60&#8217;s preia caracteristicile cronografului Crown, cu indici fa\u021beta\u021bi \u0219i ace ascu\u021bite. Un design impregnat de o senza\u021bie de bl\u00e2nde\u021be care dezv\u0103luie un aspect vintage al anilor 60.<\/p>\n<p>Spa\u021biul interior al cadranului \u0219i suprafa\u021ba exterioar\u0103 cu indicatoarele orare sunt finisate cu tehnici diferite pentru a \u00eembun\u0103t\u0103\u021bi lizibilitatea \u0219i a crea o atmosfer\u0103 vintage cald\u0103, cu expresii diferite \u00een func\u021bie de unghiul de vedere.<\/p>\n<p>Ceasul are o mi\u0219care automat\u0103 GMT 4R34 \u0219i un geam pentru dat\u0103 la ora 3.<\/p>","protected":false},"excerpt":{"rendered":"<p>Fiecare Presage, realizat \u00een mod uimitor, reflect\u0103 o mo\u0219tenire extraordinar\u0103 de m\u0103iestrie artistic\u0103 \u00een materie de design \u0219i cronometrare, captur\u00e2nd esen\u021ba stilului clasic \u0219i contemporan japonez. Confec\u021bionat de mae\u0219trii artizani, fiecare ceas este o oper\u0103 de art\u0103 unic\u0103, de la cadranele rafinate la acele fin lucrate \u0219i la cristalele de safir pentru cea mai mare [&hellip;]<\/p>\n","protected":false},"featured_media":50512,"comment_status":"closed","ping_status":"open","template":"","meta":{"_acf_changed":false},"product_brand":[],"product_cat":[20,106,588],"product_tag":[],"class_list":{"0":"post-50511","1":"product","2":"type-product","3":"status-publish","4":"has-post-thumbnail","6":"product_cat-ceasuri-barbati","7":"product_cat-ceasuri-premium","8":"product_cat-seiko","9":"pa_brand-seiko","10":"pa_braslet-otel-inoxidabil","11":"pa_corpus-40-mm","12":"pa_forma-rotund","13":"pa_funcii-data","14":"pa_garatia-24-luni","15":"pa_korpus-argintiu","16":"pa_material-otel-inoxidabil","17":"pa_mehanizm-mecanic","18":"pa_mehanizm-mecanism-automatic","19":"pa_remeshok-argintiu","20":"pa_steklo-cristal-mineral","21":"pa_strana-japonia","22":"pa_voda-5-atm","24":"first","25":"instock","26":"purchasable","27":"product-type-simple"},"acf":[],"_links":{"self":[{"href":"https:\/\/ceasuri.md\/ru\/wp-json\/wp\/v2\/product\/50511","targetHints":{"allow":["GET"]}}],"collection":[{"href":"https:\/\/ceasuri.md\/ru\/wp-json\/wp\/v2\/product"}],"about":[{"href":"https:\/\/ceasuri.md\/ru\/wp-json\/wp\/v2\/types\/product"}],"replies":[{"embeddable":true,"href":"https:\/\/ceasuri.md\/ru\/wp-json\/wp\/v2\/comments?post=50511"}],"wp:featuredmedia":[{"embeddable":true,"href":"https:\/\/ceasuri.md\/ru\/wp-json\/wp\/v2\/media\/50512"}],"wp:attachment":[{"href":"https:\/\/ceasuri.md\/ru\/wp-json\/wp\/v2\/media?parent=50511"}],"wp:term":[{"taxonomy":"product_brand","embeddable":true,"href":"https:\/\/ceasuri.md\/ru\/wp-json\/wp\/v2\/product_brand?post=50511"},{"taxonomy":"product_cat","embeddable":true,"href":"https:\/\/ceasuri.md\/ru\/wp-json\/wp\/v2\/product_cat?post=50511"},{"taxonomy":"product_tag","embeddable":true,"href":"https:\/\/ceasuri.md\/ru\/wp-json\/wp\/v2\/product_tag?post=50511"}],"curies":[{"name":"wp","href":"https:\/\/api.w.org\/{rel}","templated":true}]}}