{"id":50448,"date":"2026-04-02T23:30:12","date_gmt":"2026-04-02T20:30:12","guid":{"rendered":"http:\/\/new.ceasuri.md\/shop\/uncategorized\/edox-skydiver-80131-3nc-vi\/"},"modified":"2026-04-20T01:23:52","modified_gmt":"2026-04-19T22:23:52","slug":"edox-skydiver-80131-3nc-vi","status":"publish","type":"product","link":"https:\/\/ceasuri.md\/ru\/shop\/branduri\/edox\/edox-skydiver-80131-3nc-vi\/","title":{"rendered":"\u0427\u0430\u0441\u044b EDOX SKYDIVER 80131-3NC-VI"},"content":{"rendered":"<p>Edox Skydiver 38 Date Automatic \u00ee\u0219i cucere\u0219te proprietarii prin aspectul s\u0103u sportiv \u0219i prin precizia cu care este realizat. Designul ceasului aminte\u0219te de modelele clasice din anii 1960 \u0219i 1970 \u0219i combin\u0103 ce e mai bun din ambele lumi &#8211; stilul \u0219i estetica unui ceas de pilot de \u00eenalt\u0103 precizie \u0219i func\u021bionalitatea impecabil\u0103 a unui ceas de scufundare.<\/p>\n<p>F\u0103c\u00e2nd parte din seria Skydiver, ceasul are un afi\u0219aj al datei \u00een pozi\u021bia clasic\u0103 de la ora 3 \u0219i un luneta rotativ\u0103 unidirec\u021bional\u0103 din o\u021bel cu inser\u021bie ceramic\u0103. Cadranul este protejat de un cristal de safir convex, rezistent la orice zg\u00e2rieturi.<\/p>\n<p>Diametrul carcasei din o\u021bel inoxidabil a ceasului este de 38 mm, ceea ce este destul de potrivit at\u00e2t pentru doamne, c\u00e2t \u0219i pentru iubitorii de carcase mici. Ceasul st\u0103 bine pe m\u00e2n\u0103 datorit\u0103 curelei din piele de \u00eenalt\u0103 calitate. \u00cen plus, exist\u0103 posibilitatea de a alege \u00eentre dou\u0103 curele din piele care pot fi \u00eenlocuite cu u\u0219urin\u021b\u0103 cu ajutorul unui sistem ingenios, dar simplu, astfel \u00eenc\u00e2t oricine se poate ocupa de \u00eenlocuire.<\/p>\n<p>Acele \u0219i indexurile sunt acoperite cu Superluminova, un compus luminescent care garanteaz\u0103 o str\u0103lucire de lung\u0103 durat\u0103.<\/p>\n<p>Ceasul este ac\u021bionat de mi\u0219carea automat\u0103 elve\u021bian\u0103 Edox Caliber 80, bazat\u0103 pe Sellita SW200. Echipat cu 26 de bijuterii, acesta func\u021bioneaz\u0103 la 28.800 de vibra\u021bii pe or\u0103, iar rezerva de putere atunci c\u00e2nd este \u00eenf\u0103\u0219urat este de 38 de ore clasice.<\/p>\n<p>Modelul are un design tipic de ceas de scafandru, a\u0219a c\u0103, bine\u00een\u021beles, cu o luneta neagr\u0103 rotativ\u0103 unidirec\u021bional\u0103. Rezisten\u021ba la ap\u0103 de 300 m este asigurat\u0103 de coroana \u00een\u0219urubat\u0103 \u0219i garanteaz\u0103 durabilitatea \u00een orice contact cu apa, inclusiv \u00een cazul scufund\u0103rilor ad\u00e2nci.<\/p>\n<p>Ceasul poate face fa\u021b\u0103 oric\u0103rei situa\u021bii pe uscat, \u00een aer \u0219i pe mare \u0219i ofer\u0103 o lizibilitate excelent\u0103 chiar \u0219i \u00een cele mai extreme condi\u021bii. Partea din spate a carcasei este gravat\u0103 cu simbolul elve\u021bian al para\u0219utistului, ca o trimitere la modelul original SkyDiver.<\/p>","protected":false},"excerpt":{"rendered":"<p>Edox Skydiver 38 Date Automatic \u00ee\u0219i cucere\u0219te proprietarii prin aspectul s\u0103u sportiv \u0219i prin precizia cu care este realizat. Designul ceasului aminte\u0219te de modelele clasice din anii 1960 \u0219i 1970 \u0219i combin\u0103 ce e mai bun din ambele lumi &#8211; stilul \u0219i estetica unui ceas de pilot de \u00eenalt\u0103 precizie \u0219i func\u021bionalitatea impecabil\u0103 a unui [&hellip;]<\/p>\n","protected":false},"featured_media":50449,"comment_status":"closed","ping_status":"open","template":"","meta":{"_acf_changed":false},"product_brand":[],"product_cat":[20,25,106,107],"product_tag":[],"class_list":{"0":"post-50448","1":"product","2":"type-product","3":"status-publish","4":"has-post-thumbnail","6":"product_cat-ceasuri-barbati","7":"product_cat-ceasuri-dama","8":"product_cat-ceasuri-premium","9":"product_cat-edox","10":"pa_brand-edox","11":"pa_braslet-piele","12":"pa_corpus-38-mm","13":"pa_forma-rotund","14":"pa_funcii-data","15":"pa_funcii-set-cadou","16":"pa_garatia-24-luni","17":"pa_korpus-argintiu","18":"pa_material-ceramica","19":"pa_material-otel-inoxidabil","20":"pa_mehanizm-mecanic","21":"pa_mehanizm-mecanism-automatic","22":"pa_remeshok-rosu","23":"pa_remeshok-verde","24":"pa_steklo-cristal-safir","25":"pa_strana-elvetia","26":"pa_voda-30-atm","28":"first","29":"instock","30":"purchasable","31":"product-type-simple"},"acf":[],"_links":{"self":[{"href":"https:\/\/ceasuri.md\/ru\/wp-json\/wp\/v2\/product\/50448","targetHints":{"allow":["GET"]}}],"collection":[{"href":"https:\/\/ceasuri.md\/ru\/wp-json\/wp\/v2\/product"}],"about":[{"href":"https:\/\/ceasuri.md\/ru\/wp-json\/wp\/v2\/types\/product"}],"replies":[{"embeddable":true,"href":"https:\/\/ceasuri.md\/ru\/wp-json\/wp\/v2\/comments?post=50448"}],"wp:featuredmedia":[{"embeddable":true,"href":"https:\/\/ceasuri.md\/ru\/wp-json\/wp\/v2\/media\/50449"}],"wp:attachment":[{"href":"https:\/\/ceasuri.md\/ru\/wp-json\/wp\/v2\/media?parent=50448"}],"wp:term":[{"taxonomy":"product_brand","embeddable":true,"href":"https:\/\/ceasuri.md\/ru\/wp-json\/wp\/v2\/product_brand?post=50448"},{"taxonomy":"product_cat","embeddable":true,"href":"https:\/\/ceasuri.md\/ru\/wp-json\/wp\/v2\/product_cat?post=50448"},{"taxonomy":"product_tag","embeddable":true,"href":"https:\/\/ceasuri.md\/ru\/wp-json\/wp\/v2\/product_tag?post=50448"}],"curies":[{"name":"wp","href":"https:\/\/api.w.org\/{rel}","templated":true}]}}