{"id":50438,"date":"2026-04-02T23:30:12","date_gmt":"2026-04-02T20:30:12","guid":{"rendered":"http:\/\/new.ceasuri.md\/shop\/uncategorized\/casio-edifice-eqb-1100d-1aer\/"},"modified":"2026-04-16T21:23:15","modified_gmt":"2026-04-16T18:23:15","slug":"casio-edifice-eqb-1100d-1aer","status":"publish","type":"product","link":"https:\/\/ceasuri.md\/ru\/shop\/branduri\/casio\/casio-edifice-eqb-1100d-1aer\/","title":{"rendered":"Ceas CASIO EQB-1100D-1AER Edifice"},"content":{"rendered":"<p>Smartphone Link. Cronograf Super Slim High Spec. Solar powered. \u00cen ciuda faptului c\u0103 este un cronograf cu mai multe m\u00e2ini de \u00eenalt\u0103 performan\u021b\u0103, cu o leg\u0103tur\u0103 cu un smartphone prin Bluetooth\u00ae \u0219i fiind echipat cu Tough Solar, care se \u00eencarc\u0103 chiar \u0219i \u00een condi\u021bii de lumin\u0103 sc\u0103zut\u0103, acest model atinge at\u00e2t o func\u021bionalitate ridicat\u0103, c\u00e2t \u0219i o portabilitate prin intermediul unei carcase sub\u021biri de 8,9 mm. Acesta permite func\u021bii precum ora mondial\u0103, care controleaz\u0103 \u0219i corecteaz\u0103 timpul prin intermediul unei aplica\u021bii dedicate pentru smartphone, capabil\u0103 s\u0103 selecteze orele pentru aproximativ 300 de ora\u0219e, \u0219i o func\u021bie special\u0103 de cronometru care se dovede\u0219te util\u0103 \u00een timpul urm\u0103ririi curselor. Un cristal de safir rezistent la zg\u00e2rieturi, cu un strat anti-reflexie, asigur\u0103 o vizibilitate ridicat\u0103.<\/p>","protected":false},"excerpt":{"rendered":"<p>Smartphone Link. Cronograf Super Slim High Spec. Solar powered. \u00cen ciuda faptului c\u0103 este un cronograf cu mai multe m\u00e2ini de \u00eenalt\u0103 performan\u021b\u0103, cu o leg\u0103tur\u0103 cu un smartphone prin Bluetooth\u00ae \u0219i fiind echipat cu Tough Solar, care se \u00eencarc\u0103 chiar \u0219i \u00een condi\u021bii de lumin\u0103 sc\u0103zut\u0103, acest model atinge at\u00e2t o func\u021bionalitate ridicat\u0103, c\u00e2t [&hellip;]<\/p>\n","protected":false},"featured_media":50439,"comment_status":"closed","ping_status":"open","template":"","meta":{"_acf_changed":false},"product_brand":[],"product_cat":[27,20,536],"product_tag":[],"class_list":{"0":"post-50438","1":"product","2":"type-product","3":"status-publish","4":"has-post-thumbnail","6":"product_cat-casio","7":"product_cat-ceasuri-barbati","8":"product_cat-edifice","9":"pa_brand-casio","10":"pa_brand-edifice","11":"pa_braslet-otel-inoxidabil","12":"pa_corpus-51-mm","13":"pa_forma-rotund","14":"pa_funcii-alarma","15":"pa_funcii-bluetooth-smart","16":"pa_funcii-cronograf","17":"pa_funcii-cronometru","18":"pa_funcii-data","19":"pa_funcii-dual-time","20":"pa_funcii-rezerva-de-energie","21":"pa_funcii-tahimetru","22":"pa_funcii-timp-mondial","23":"pa_garatia-24-luni","24":"pa_korpus-argintiu","25":"pa_kvarc-quartz","26":"pa_material-otel-inoxidabil","27":"pa_mehanizm-baterie-solara","28":"pa_mehanizm-quartz","29":"pa_remeshok-argintiu","30":"pa_steklo-cristal-safir","31":"pa_strana-japonia","32":"pa_voda-10-atm","34":"first","35":"instock","36":"purchasable","37":"product-type-simple"},"acf":[],"_links":{"self":[{"href":"https:\/\/ceasuri.md\/ru\/wp-json\/wp\/v2\/product\/50438","targetHints":{"allow":["GET"]}}],"collection":[{"href":"https:\/\/ceasuri.md\/ru\/wp-json\/wp\/v2\/product"}],"about":[{"href":"https:\/\/ceasuri.md\/ru\/wp-json\/wp\/v2\/types\/product"}],"replies":[{"embeddable":true,"href":"https:\/\/ceasuri.md\/ru\/wp-json\/wp\/v2\/comments?post=50438"}],"wp:featuredmedia":[{"embeddable":true,"href":"https:\/\/ceasuri.md\/ru\/wp-json\/wp\/v2\/media\/50439"}],"wp:attachment":[{"href":"https:\/\/ceasuri.md\/ru\/wp-json\/wp\/v2\/media?parent=50438"}],"wp:term":[{"taxonomy":"product_brand","embeddable":true,"href":"https:\/\/ceasuri.md\/ru\/wp-json\/wp\/v2\/product_brand?post=50438"},{"taxonomy":"product_cat","embeddable":true,"href":"https:\/\/ceasuri.md\/ru\/wp-json\/wp\/v2\/product_cat?post=50438"},{"taxonomy":"product_tag","embeddable":true,"href":"https:\/\/ceasuri.md\/ru\/wp-json\/wp\/v2\/product_tag?post=50438"}],"curies":[{"name":"wp","href":"https:\/\/api.w.org\/{rel}","templated":true}]}}