{"id":50430,"date":"2026-04-02T23:30:12","date_gmt":"2026-04-02T20:30:12","guid":{"rendered":"http:\/\/new.ceasuri.md\/shop\/uncategorized\/casio-g-shock-ga-2100-1a3er\/"},"modified":"2026-04-20T01:23:41","modified_gmt":"2026-04-19T22:23:41","slug":"casio-g-shock-ga-2100-1a3er","status":"publish","type":"product","link":"https:\/\/ceasuri.md\/ru\/shop\/branduri\/casio\/casio-g-shock-ga-2100-1a3er\/","title":{"rendered":"\u0427\u0430\u0441\u044b CASIO G-SHOCK GA-2100-1A3ER"},"content":{"rendered":"<p>Versiunea 2022 \u00een populara carcas\u0103 octogonal\u0103 GA-2100, de culoare neagr\u0103 cu detalii str\u0103lucitoare.<\/p>\n<p>Modelul se remarc\u0103 printre alte prin u\u0219urin\u021b\u0103, compactitate \u0219i grosimea carcasei de numai 11,8 mm. Acest lucru este posibil datorit\u0103 tehnologiei Carbon Core Guard: modulul ceasului este protejat de o carcas\u0103 u\u0219oar\u0103 \u0219i ultrarezistent\u0103 din poliuretan ranforsat cu carbon, \u00een timp ce cadranul este acoperit cu un geam mineral temperat.<\/p>\n<p>Ceasul este finisat \u00eentr-o culoare neagr\u0103 laconic\u0103, \u00een timp ce acele \u0219i indicatoarele contrastante \u00een verde fluorescent str\u0103lucitor asigur\u0103 un ceas extrem de ergonomic.<\/p>\n<p>O alt\u0103 caracteristic\u0103 a ceasului este fixarea actualizat\u0103 a curelei, acum v\u0103 va lua doar c\u00e2teva secunde pentru a o schimba.<\/p>\n<p>Nu trebuie s\u0103 uit\u0103m de standardul de rezisten\u021b\u0103 la ap\u0103 de 200 de metri, func\u021biile de cronometru, ora mondial\u0103, precum \u0219i iluminarea dubl\u0103 str\u0103lucitoare a cadranului \u0219i a afi\u0219ajului.<\/p>","protected":false},"excerpt":{"rendered":"<p>Versiunea 2022 \u00een populara carcas\u0103 octogonal\u0103 GA-2100, de culoare neagr\u0103 cu detalii str\u0103lucitoare. Modelul se remarc\u0103 printre alte prin u\u0219urin\u021b\u0103, compactitate \u0219i grosimea carcasei de numai 11,8 mm. Acest lucru este posibil datorit\u0103 tehnologiei Carbon Core Guard: modulul ceasului este protejat de o carcas\u0103 u\u0219oar\u0103 \u0219i ultrarezistent\u0103 din poliuretan ranforsat cu carbon, \u00een timp ce [&hellip;]<\/p>\n","protected":false},"featured_media":50431,"comment_status":"closed","ping_status":"open","template":"","meta":{"_acf_changed":false},"product_brand":[],"product_cat":[27,20,25,419],"product_tag":[],"class_list":{"0":"post-50430","1":"product","2":"type-product","3":"status-publish","4":"has-post-thumbnail","6":"product_cat-casio","7":"product_cat-ceasuri-barbati","8":"product_cat-ceasuri-dama","9":"product_cat-g-shock","10":"pa_brand-casio","11":"pa_brand-g-shock","12":"pa_braslet-plastic","13":"pa_corpus-45x49mm","14":"pa_forma-octogonala","15":"pa_funcii-alarma","16":"pa_funcii-calendar","17":"pa_funcii-cronometru","18":"pa_funcii-data","19":"pa_funcii-dual-time","20":"pa_funcii-iluminare","21":"pa_funcii-timp-mondial","22":"pa_funcii-total-black","23":"pa_garatia-24-luni","24":"pa_korpus-negru","25":"pa_kvarc-quartz","26":"pa_material-carbon","27":"pa_material-plastic","28":"pa_mehanizm-electronic","29":"pa_mehanizm-quartz","30":"pa_remeshok-negru","31":"pa_steklo-cristal-mineral","32":"pa_strana-japonia","33":"pa_voda-20-atm","35":"first","36":"instock","37":"purchasable","38":"product-type-simple"},"acf":[],"_links":{"self":[{"href":"https:\/\/ceasuri.md\/ru\/wp-json\/wp\/v2\/product\/50430","targetHints":{"allow":["GET"]}}],"collection":[{"href":"https:\/\/ceasuri.md\/ru\/wp-json\/wp\/v2\/product"}],"about":[{"href":"https:\/\/ceasuri.md\/ru\/wp-json\/wp\/v2\/types\/product"}],"replies":[{"embeddable":true,"href":"https:\/\/ceasuri.md\/ru\/wp-json\/wp\/v2\/comments?post=50430"}],"wp:featuredmedia":[{"embeddable":true,"href":"https:\/\/ceasuri.md\/ru\/wp-json\/wp\/v2\/media\/50431"}],"wp:attachment":[{"href":"https:\/\/ceasuri.md\/ru\/wp-json\/wp\/v2\/media?parent=50430"}],"wp:term":[{"taxonomy":"product_brand","embeddable":true,"href":"https:\/\/ceasuri.md\/ru\/wp-json\/wp\/v2\/product_brand?post=50430"},{"taxonomy":"product_cat","embeddable":true,"href":"https:\/\/ceasuri.md\/ru\/wp-json\/wp\/v2\/product_cat?post=50430"},{"taxonomy":"product_tag","embeddable":true,"href":"https:\/\/ceasuri.md\/ru\/wp-json\/wp\/v2\/product_tag?post=50430"}],"curies":[{"name":"wp","href":"https:\/\/api.w.org\/{rel}","templated":true}]}}