{"id":50423,"date":"2026-04-02T23:30:12","date_gmt":"2026-04-02T20:30:12","guid":{"rendered":"http:\/\/new.ceasuri.md\/shop\/uncategorized\/casio-g-shock-gma-s2100bs-7a\/"},"modified":"2026-04-20T01:23:44","modified_gmt":"2026-04-19T22:23:44","slug":"casio-g-shock-gma-s2100bs-7a","status":"publish","type":"product","link":"https:\/\/ceasuri.md\/ru\/shop\/branduri\/casio\/casio-g-shock-gma-s2100bs-7a\/","title":{"rendered":"\u0427\u0430\u0441\u044b CASIO G-SHOCK GMA-S2100BS-7A"},"content":{"rendered":"<p>\u00cenvesele\u0219te-\u021bi zilele de var\u0103 cu colec\u021bia Vivid Summer de la G-SHOCK.<\/p>\n<p>Cu o carcas\u0103 octogonal\u0103 mai sub\u021bire \u0219i mai compact\u0103, ceasul are culori luminoase \u0219i vibrante care creeaz\u0103 un contrast distractiv \u00eentre curea, cadran \u0219i indicatoarele orelor.<\/p>\n<p>Structur\u0103 de protec\u021bie Carbon Core. Carcasa din plastic rezistent la \u0219ocuri cu fibre de carbon este mai durabil\u0103 \u0219i, \u00een acela\u0219i timp, mai u\u0219oar\u0103. Acela\u0219i material protejeaz\u0103 modulul interior de deteriorare \u0219i deformare \u00een timpul impactului.<\/p>\n<p>Retroiluminare dubl\u0103: cadranul \u0219i ecranul LCD sunt iluminate de un LED. Stratul nereflectorizant de acumulare a luminii asigur\u0103 o str\u0103lucire de lung\u0103 durat\u0103 \u00een \u00eentuneric, chiar \u0219i dup\u0103 o scurt\u0103 expunere la lumin\u0103.<\/p>\n<p>Format de timp de 12 \u0219i 24 de ore.<\/p>\n<p>Cronometru cu dou\u0103 citiri de precizie. Cronometru cu num\u0103r\u0103toare invers\u0103 de la 1s la 24h.<\/p>\n<p>Ora mondial\u0103 &#8211; 48 de ora\u0219e.<\/p>\n<p>Zi a s\u0103pt\u0103m\u00e2nii retrograd\u0103.<\/p>\n<p>Rezisten\u021b\u0103 la ap\u0103 200m.<\/p>\n<p>Curea din polimer cu cataram\u0103 clasic\u0103.<\/p>","protected":false},"excerpt":{"rendered":"<p>\u00cenvesele\u0219te-\u021bi zilele de var\u0103 cu colec\u021bia Vivid Summer de la G-SHOCK. Cu o carcas\u0103 octogonal\u0103 mai sub\u021bire \u0219i mai compact\u0103, ceasul are culori luminoase \u0219i vibrante care creeaz\u0103 un contrast distractiv \u00eentre curea, cadran \u0219i indicatoarele orelor. Structur\u0103 de protec\u021bie Carbon Core. Carcasa din plastic rezistent la \u0219ocuri cu fibre de carbon este mai durabil\u0103 [&hellip;]<\/p>\n","protected":false},"featured_media":50424,"comment_status":"closed","ping_status":"open","template":"","meta":{"_acf_changed":false},"product_brand":[],"product_cat":[27,25,419],"product_tag":[],"class_list":{"0":"post-50423","1":"product","2":"type-product","3":"status-publish","4":"has-post-thumbnail","6":"product_cat-casio","7":"product_cat-ceasuri-dama","8":"product_cat-g-shock","9":"pa_brand-casio","10":"pa_brand-g-shock","11":"pa_braslet-cauciuc","12":"pa_corpus-46-mm","13":"pa_forma-octogonala","14":"pa_funcii-alarma","15":"pa_funcii-calendar","16":"pa_funcii-cronometru","17":"pa_funcii-dual-time","18":"pa_funcii-timp-mondial","19":"pa_garatia-24-luni","20":"pa_korpus-alb","21":"pa_kvarc-quartz","22":"pa_material-carbon","23":"pa_material-plastic","24":"pa_mehanizm-electronic","25":"pa_mehanizm-quartz","26":"pa_remeshok-alb","27":"pa_steklo-cristal-mineral","28":"pa_strana-japonia","29":"pa_voda-20-atm","31":"first","32":"instock","33":"purchasable","34":"product-type-simple"},"acf":[],"_links":{"self":[{"href":"https:\/\/ceasuri.md\/ru\/wp-json\/wp\/v2\/product\/50423","targetHints":{"allow":["GET"]}}],"collection":[{"href":"https:\/\/ceasuri.md\/ru\/wp-json\/wp\/v2\/product"}],"about":[{"href":"https:\/\/ceasuri.md\/ru\/wp-json\/wp\/v2\/types\/product"}],"replies":[{"embeddable":true,"href":"https:\/\/ceasuri.md\/ru\/wp-json\/wp\/v2\/comments?post=50423"}],"wp:featuredmedia":[{"embeddable":true,"href":"https:\/\/ceasuri.md\/ru\/wp-json\/wp\/v2\/media\/50424"}],"wp:attachment":[{"href":"https:\/\/ceasuri.md\/ru\/wp-json\/wp\/v2\/media?parent=50423"}],"wp:term":[{"taxonomy":"product_brand","embeddable":true,"href":"https:\/\/ceasuri.md\/ru\/wp-json\/wp\/v2\/product_brand?post=50423"},{"taxonomy":"product_cat","embeddable":true,"href":"https:\/\/ceasuri.md\/ru\/wp-json\/wp\/v2\/product_cat?post=50423"},{"taxonomy":"product_tag","embeddable":true,"href":"https:\/\/ceasuri.md\/ru\/wp-json\/wp\/v2\/product_tag?post=50423"}],"curies":[{"name":"wp","href":"https:\/\/api.w.org\/{rel}","templated":true}]}}