{"id":50417,"date":"2026-04-02T23:30:12","date_gmt":"2026-04-02T20:30:12","guid":{"rendered":"http:\/\/new.ceasuri.md\/shop\/uncategorized\/casio-lineage-lcw-m100dse-2a\/"},"modified":"2026-04-17T14:21:09","modified_gmt":"2026-04-17T11:21:09","slug":"casio-lineage-lcw-m100dse-2a","status":"publish","type":"product","link":"https:\/\/ceasuri.md\/ru\/shop\/branduri\/casio\/casio-lineage-lcw-m100dse-2a\/","title":{"rendered":"Ceas CASIO LINEAGE LCW-M100DSE-2A"},"content":{"rendered":"<p>Un model elegant \u0219i laconic, cu o carcas\u0103 mic\u0103 din o\u021bel, din colec\u021bia Casio Lineage.<\/p>\n<p>Pe l\u00e2ng\u0103 aspectul armonios, modelul are o surs\u0103 inepuizabil\u0103 de energie sub forma unei baterii solare, precum \u0219i o radio-sincronizare a timpului cu ceasuri atomice de pe diferite continente, cadranul albastru \u00eenchis al ceasului de deteriorare protejeaz\u0103 cristalul de safir ultrarezistent.<\/p>\n<p>Rezum\u00e2nd toate cele de mai sus, putem spune cu \u00eencredere c\u0103 acest model este o alegere excelent\u0103 ca un ceas elegant pentru fiecare zi.<\/p>\n<p>V\u0103 reamintim c\u0103 seria Casio Lineage este o serie mic\u0103 de ceasuri unite prin prezen\u021ba func\u021biilor de radiosincronizare \u0219i de baterie solar\u0103.<\/p>\n<p>Modelele din aceast\u0103 serie sunt disponibile cu carcas\u0103 din o\u021bel sau titan.<\/p>","protected":false},"excerpt":{"rendered":"<p>Un model elegant \u0219i laconic, cu o carcas\u0103 mic\u0103 din o\u021bel, din colec\u021bia Casio Lineage. Pe l\u00e2ng\u0103 aspectul armonios, modelul are o surs\u0103 inepuizabil\u0103 de energie sub forma unei baterii solare, precum \u0219i o radio-sincronizare a timpului cu ceasuri atomice de pe diferite continente, cadranul albastru \u00eenchis al ceasului de deteriorare protejeaz\u0103 cristalul de safir [&hellip;]<\/p>\n","protected":false},"featured_media":50418,"comment_status":"closed","ping_status":"open","template":"","meta":{"_acf_changed":false},"product_brand":[],"product_cat":[27,20],"product_tag":[],"class_list":{"0":"post-50417","1":"product","2":"type-product","3":"status-publish","4":"has-post-thumbnail","6":"product_cat-casio","7":"product_cat-ceasuri-barbati","8":"pa_brand-casio","9":"pa_braslet-otel-inoxidabil","10":"pa_corpus-40-mm","11":"pa_forma-rotund","12":"pa_funcii-alarma","13":"pa_funcii-calendar","14":"pa_funcii-cronometru","15":"pa_funcii-dual-time","16":"pa_funcii-rezerva-de-energie","17":"pa_funcii-timp-mondial","18":"pa_garatia-24-luni","19":"pa_korpus-argintiu","20":"pa_kvarc-quartz","21":"pa_material-otel-inoxidabil","22":"pa_mehanizm-baterie-solara","23":"pa_mehanizm-quartz","24":"pa_remeshok-argintiu","25":"pa_steklo-cristal-safir","26":"pa_strana-japonia","27":"pa_voda-5-atm","29":"first","30":"instock","31":"purchasable","32":"product-type-simple"},"acf":[],"_links":{"self":[{"href":"https:\/\/ceasuri.md\/ru\/wp-json\/wp\/v2\/product\/50417","targetHints":{"allow":["GET"]}}],"collection":[{"href":"https:\/\/ceasuri.md\/ru\/wp-json\/wp\/v2\/product"}],"about":[{"href":"https:\/\/ceasuri.md\/ru\/wp-json\/wp\/v2\/types\/product"}],"replies":[{"embeddable":true,"href":"https:\/\/ceasuri.md\/ru\/wp-json\/wp\/v2\/comments?post=50417"}],"wp:featuredmedia":[{"embeddable":true,"href":"https:\/\/ceasuri.md\/ru\/wp-json\/wp\/v2\/media\/50418"}],"wp:attachment":[{"href":"https:\/\/ceasuri.md\/ru\/wp-json\/wp\/v2\/media?parent=50417"}],"wp:term":[{"taxonomy":"product_brand","embeddable":true,"href":"https:\/\/ceasuri.md\/ru\/wp-json\/wp\/v2\/product_brand?post=50417"},{"taxonomy":"product_cat","embeddable":true,"href":"https:\/\/ceasuri.md\/ru\/wp-json\/wp\/v2\/product_cat?post=50417"},{"taxonomy":"product_tag","embeddable":true,"href":"https:\/\/ceasuri.md\/ru\/wp-json\/wp\/v2\/product_tag?post=50417"}],"curies":[{"name":"wp","href":"https:\/\/api.w.org\/{rel}","templated":true}]}}