{"id":50413,"date":"2026-04-02T23:30:12","date_gmt":"2026-04-02T20:30:12","guid":{"rendered":"http:\/\/new.ceasuri.md\/shop\/uncategorized\/casio-g-shock-mtg-b3000d-1aer\/"},"modified":"2026-04-20T01:10:31","modified_gmt":"2026-04-19T22:10:31","slug":"casio-g-shock-mtg-b3000d-1aer","status":"publish","type":"product","link":"https:\/\/ceasuri.md\/ru\/shop\/branduri\/casio\/casio-g-shock-mtg-b3000d-1aer\/","title":{"rendered":"\u0427\u0430\u0441\u044b CASIO G-SHOCK MTG-B3000D-1AER"},"content":{"rendered":"<p>Lansarea de top a celei de-a doua jum\u0103t\u0103\u021bi a anului 2022 de la Casio este noua genera\u021bie a seriei premium G-Shock MTG din o\u021bel, cu o carcas\u0103 din o\u021bel \u0219i un cadran negru contrastant.<\/p>\n<p>Datorit\u0103 structurii sale actualizate, carcasa ceasului MTG-B3000 este cu c\u00e2\u021biva milimetri mai sub\u021bire dec\u00e2t genera\u021biile anterioare ale seriei, cu 12,1 mm. Modulul actualizat al ceasului din interiorul carcasei din o\u021bel este protejat \u00een mod fiabil de o monocoac\u0103 din fibr\u0103 de carbon.<\/p>\n<p>\u00cen mod separat, merit\u0103 remarcat\u0103 solu\u021bia inginereasc\u0103 a capacului din spate al ceasului, acesta fiind dintr-o singur\u0103 bucat\u0103 cu suprapunerile laterale de protec\u021bie ale carcasei. Astfel, carcasa a pierdut stratul de polimer, care se afla la modelele MTG-B1000, dar nu este din metal masiv, ca \u00een cazul modelelor MTG-B2000, partea superioar\u0103 a modulului este acoperit\u0103 cu o lunet\u0103 din o\u021bel, iar \u00een p\u0103r\u021bile laterale \u0219i \u00een spate este protejat\u0103 de o carcas\u0103 metalic\u0103 solid\u0103 de culoare neagr\u0103, care este capacul din spate al ceasului. <\/p>\n<p>Ceasurile din seria premium MTG sunt asamblate numai \u00een Japonia, la unitatea de produc\u021bie de \u00eenalt\u0103 tehnologie CASIO din Yamagata, iar acest model nu face excep\u021bie.<\/p>\n<p>Ceasul folose\u0219te \u00een continuare o\u021belul Core Guard f\u0103r\u0103 cusur din punct de vedere tehnologic, cu protec\u021bie sporit\u0103 \u00eempotriva zg\u00e2rieturilor, un cristal de safir sferic cu strat anti-reflexie \u0219i fibr\u0103 de carbon pentru rezisten\u021b\u0103 absolut\u0103 la lovituri.<\/p>\n<p>Cronometrarea precis\u0103 a timpului se realizeaz\u0103 printr-un sistem hibrid: sincronizare automat\u0103 prin intermediul unui semnal radio cu 6 canale cu ceasuri atomice de pe diferite continente \u0219i prin comunicare Bluetooth cu un smartphone. Complet protejat \u00eempotriva c\u0103derilor, a for\u021bei centrifuge, a suprasarcinii \u0219i a vibra\u021biilor, ceasul este, de asemenea, echipat cu un panou solar \u0219i rezisten\u021b\u0103 la ap\u0103 p\u00e2n\u0103 la 200 de metri.<\/p>","protected":false},"excerpt":{"rendered":"<p>Lansarea de top a celei de-a doua jum\u0103t\u0103\u021bi a anului 2022 de la Casio este noua genera\u021bie a seriei premium G-Shock MTG din o\u021bel, cu o carcas\u0103 din o\u021bel \u0219i un cadran negru contrastant. Datorit\u0103 structurii sale actualizate, carcasa ceasului MTG-B3000 este cu c\u00e2\u021biva milimetri mai sub\u021bire dec\u00e2t genera\u021biile anterioare ale seriei, cu 12,1 mm. [&hellip;]<\/p>\n","protected":false},"featured_media":50414,"comment_status":"closed","ping_status":"open","template":"","meta":{"_acf_changed":false},"product_brand":[],"product_cat":[27,20,106,419],"product_tag":[],"class_list":{"0":"post-50413","1":"product","2":"type-product","3":"status-publish","4":"has-post-thumbnail","6":"product_cat-casio","7":"product_cat-ceasuri-barbati","8":"product_cat-ceasuri-premium","9":"product_cat-g-shock","10":"pa_brand-casio","11":"pa_brand-g-shock","12":"pa_braslet-otel-inoxidabil","13":"pa_corpus-51-mm","14":"pa_forma-rotund","15":"pa_funcii-alarma","16":"pa_funcii-bluetooth-smart","17":"pa_funcii-calendar","18":"pa_funcii-cronometru","19":"pa_funcii-data","20":"pa_funcii-iluminare","21":"pa_funcii-rezerva-de-energie","22":"pa_funcii-timp-mondial","23":"pa_garatia-24-luni","24":"pa_korpus-bicolor","25":"pa_kvarc-quartz","26":"pa_material-carbon","27":"pa_material-otel-inoxidabil","28":"pa_mehanizm-baterie-solara","29":"pa_mehanizm-quartz","30":"pa_remeshok-argintiu","31":"pa_steklo-cristal-safir","32":"pa_strana-japonia","33":"pa_voda-20-atm","35":"first","36":"instock","37":"purchasable","38":"product-type-simple"},"acf":[],"_links":{"self":[{"href":"https:\/\/ceasuri.md\/ru\/wp-json\/wp\/v2\/product\/50413","targetHints":{"allow":["GET"]}}],"collection":[{"href":"https:\/\/ceasuri.md\/ru\/wp-json\/wp\/v2\/product"}],"about":[{"href":"https:\/\/ceasuri.md\/ru\/wp-json\/wp\/v2\/types\/product"}],"replies":[{"embeddable":true,"href":"https:\/\/ceasuri.md\/ru\/wp-json\/wp\/v2\/comments?post=50413"}],"wp:featuredmedia":[{"embeddable":true,"href":"https:\/\/ceasuri.md\/ru\/wp-json\/wp\/v2\/media\/50414"}],"wp:attachment":[{"href":"https:\/\/ceasuri.md\/ru\/wp-json\/wp\/v2\/media?parent=50413"}],"wp:term":[{"taxonomy":"product_brand","embeddable":true,"href":"https:\/\/ceasuri.md\/ru\/wp-json\/wp\/v2\/product_brand?post=50413"},{"taxonomy":"product_cat","embeddable":true,"href":"https:\/\/ceasuri.md\/ru\/wp-json\/wp\/v2\/product_cat?post=50413"},{"taxonomy":"product_tag","embeddable":true,"href":"https:\/\/ceasuri.md\/ru\/wp-json\/wp\/v2\/product_tag?post=50413"}],"curies":[{"name":"wp","href":"https:\/\/api.w.org\/{rel}","templated":true}]}}