{"id":50399,"date":"2026-04-02T23:30:12","date_gmt":"2026-04-02T20:30:12","guid":{"rendered":"http:\/\/new.ceasuri.md\/shop\/uncategorized\/fossil-archival-core-essentials-bracelet-jof00972710\/"},"modified":"2026-04-20T01:24:09","modified_gmt":"2026-04-19T22:24:09","slug":"fossil-archival-core-essentials-bracelet-jof00972710","status":"publish","type":"product","link":"https:\/\/ceasuri.md\/ru\/shop\/accesorii\/accesorii-dama\/bratari\/fossil-archival-core-essentials-bracelet-jof00972710\/","title":{"rendered":"FOSSIL ARCHIVAL CORE ESSENTIALS  BRACELET JOF00972710"},"content":{"rendered":"<p>Bijuteriile brandului ofer\u0103 o varietate infinit\u0103 de modele, at\u00e2t clasice, c\u00e2t \u0219i moderne.<\/p>\n<p>Acesta este probabil motivul pentru care Fossil reu\u0219e\u0219te s\u0103 se adreseze tuturor gusturilor, chiar \u0219i celor mai preten\u021bio\u0219i clien\u021bi.<\/p>\n<p>Datorit\u0103 jocului de contraste, bijuteriile acestui brand vor completa perfect imaginea.<\/p>\n<p>O colec\u021bie separat\u0103 este disponibil\u0103 pentru tineri, ceea ce v\u0103 permite s\u0103 alege\u021bi piese pentru fiecare zi.<\/p>","protected":false},"excerpt":{"rendered":"<p>Bijuteriile brandului ofer\u0103 o varietate infinit\u0103 de modele, at\u00e2t clasice, c\u00e2t \u0219i moderne. Acesta este probabil motivul pentru care Fossil reu\u0219e\u0219te s\u0103 se adreseze tuturor gusturilor, chiar \u0219i celor mai preten\u021bio\u0219i clien\u021bi. Datorit\u0103 jocului de contraste, bijuteriile acestui brand vor completa perfect imaginea. O colec\u021bie separat\u0103 este disponibil\u0103 pentru tineri, ceea ce v\u0103 permite s\u0103 [&hellip;]<\/p>\n","protected":false},"featured_media":50400,"comment_status":"closed","ping_status":"open","template":"","meta":{"_acf_changed":false},"product_brand":[],"product_cat":[577,396],"product_tag":[],"class_list":{"0":"post-50399","1":"product","2":"type-product","3":"status-publish","4":"has-post-thumbnail","6":"product_cat-bratari","7":"product_cat-fossil","8":"pa_brand-fossil","9":"pa_corpus-19-cm","10":"pa_forma-rotund","11":"pa_korpus-auriu","12":"pa_material-otel-inoxidabil","13":"pa_strana-sua","15":"first","16":"instock","17":"purchasable","18":"product-type-simple"},"acf":[],"_links":{"self":[{"href":"https:\/\/ceasuri.md\/ru\/wp-json\/wp\/v2\/product\/50399","targetHints":{"allow":["GET"]}}],"collection":[{"href":"https:\/\/ceasuri.md\/ru\/wp-json\/wp\/v2\/product"}],"about":[{"href":"https:\/\/ceasuri.md\/ru\/wp-json\/wp\/v2\/types\/product"}],"replies":[{"embeddable":true,"href":"https:\/\/ceasuri.md\/ru\/wp-json\/wp\/v2\/comments?post=50399"}],"wp:featuredmedia":[{"embeddable":true,"href":"https:\/\/ceasuri.md\/ru\/wp-json\/wp\/v2\/media\/50400"}],"wp:attachment":[{"href":"https:\/\/ceasuri.md\/ru\/wp-json\/wp\/v2\/media?parent=50399"}],"wp:term":[{"taxonomy":"product_brand","embeddable":true,"href":"https:\/\/ceasuri.md\/ru\/wp-json\/wp\/v2\/product_brand?post=50399"},{"taxonomy":"product_cat","embeddable":true,"href":"https:\/\/ceasuri.md\/ru\/wp-json\/wp\/v2\/product_cat?post=50399"},{"taxonomy":"product_tag","embeddable":true,"href":"https:\/\/ceasuri.md\/ru\/wp-json\/wp\/v2\/product_tag?post=50399"}],"curies":[{"name":"wp","href":"https:\/\/api.w.org\/{rel}","templated":true}]}}