{"id":50304,"date":"2026-04-02T23:29:14","date_gmt":"2026-04-02T20:29:14","guid":{"rendered":"http:\/\/new.ceasuri.md\/shop\/uncategorized\/fossil-blue-gmt-oasis-fs5992\/"},"modified":"2026-04-20T01:23:56","modified_gmt":"2026-04-19T22:23:56","slug":"fossil-blue-gmt-oasis-fs5992","status":"publish","type":"product","link":"https:\/\/ceasuri.md\/ru\/shop\/branduri\/fossil\/fossil-blue-gmt-oasis-fs5992\/","title":{"rendered":"\u0427\u0430\u0441\u044b FOSSIL BLUE GMT OASIS FS5992"},"content":{"rendered":"<p>Cel mai inovator ceas de tip scufundare al nostru este testat p\u00e2n\u0103 la 100 de metri de rezisten\u021b\u0103 la ap\u0103 \u0219i urm\u0103re\u0219te mai multe fusuri orare.<\/p>\n<p>Fossil Blue GMT Fossil are, de asemenea, o lunet\u0103 rotativ\u0103 de 24 de ore, o coroan\u0103 \u00eendr\u0103znea\u021b\u0103 supradimensionat\u0103 \u0219i indici cu lumini\u021b\u0103 pentru o citire u\u0219oar\u0103.<\/p>\n<p>F\u0103cut pentru orice aventur\u0103.<\/p>","protected":false},"excerpt":{"rendered":"<p>Cel mai inovator ceas de tip scufundare al nostru este testat p\u00e2n\u0103 la 100 de metri de rezisten\u021b\u0103 la ap\u0103 \u0219i urm\u0103re\u0219te mai multe fusuri orare. Fossil Blue GMT Fossil are, de asemenea, o lunet\u0103 rotativ\u0103 de 24 de ore, o coroan\u0103 \u00eendr\u0103znea\u021b\u0103 supradimensionat\u0103 \u0219i indici cu lumini\u021b\u0103 pentru o citire u\u0219oar\u0103. F\u0103cut pentru orice [&hellip;]<\/p>\n","protected":false},"featured_media":50305,"comment_status":"closed","ping_status":"open","template":"","meta":{"_acf_changed":false},"product_brand":[],"product_cat":[20,396],"product_tag":[],"class_list":{"0":"post-50304","1":"product","2":"type-product","3":"status-publish","4":"has-post-thumbnail","6":"product_cat-ceasuri-barbati","7":"product_cat-fossil","8":"pa_brand-fossil","9":"pa_braslet-silicon","10":"pa_corpus-46-mm","11":"pa_forma-rotund","12":"pa_funcii-data","13":"pa_funcii-dual-time","14":"pa_funcii-gmt","15":"pa_garatia-24-luni","16":"pa_korpus-argintiu","17":"pa_kvarc-quartz","18":"pa_material-otel-inoxidabil","19":"pa_mehanizm-quartz","20":"pa_remeshok-albastru","21":"pa_steklo-cristal-mineral","22":"pa_strana-sua","23":"pa_voda-10-atm","25":"first","26":"instock","27":"purchasable","28":"product-type-simple"},"acf":[],"_links":{"self":[{"href":"https:\/\/ceasuri.md\/ru\/wp-json\/wp\/v2\/product\/50304","targetHints":{"allow":["GET"]}}],"collection":[{"href":"https:\/\/ceasuri.md\/ru\/wp-json\/wp\/v2\/product"}],"about":[{"href":"https:\/\/ceasuri.md\/ru\/wp-json\/wp\/v2\/types\/product"}],"replies":[{"embeddable":true,"href":"https:\/\/ceasuri.md\/ru\/wp-json\/wp\/v2\/comments?post=50304"}],"wp:featuredmedia":[{"embeddable":true,"href":"https:\/\/ceasuri.md\/ru\/wp-json\/wp\/v2\/media\/50305"}],"wp:attachment":[{"href":"https:\/\/ceasuri.md\/ru\/wp-json\/wp\/v2\/media?parent=50304"}],"wp:term":[{"taxonomy":"product_brand","embeddable":true,"href":"https:\/\/ceasuri.md\/ru\/wp-json\/wp\/v2\/product_brand?post=50304"},{"taxonomy":"product_cat","embeddable":true,"href":"https:\/\/ceasuri.md\/ru\/wp-json\/wp\/v2\/product_cat?post=50304"},{"taxonomy":"product_tag","embeddable":true,"href":"https:\/\/ceasuri.md\/ru\/wp-json\/wp\/v2\/product_tag?post=50304"}],"curies":[{"name":"wp","href":"https:\/\/api.w.org\/{rel}","templated":true}]}}