{"id":50297,"date":"2026-04-02T23:28:15","date_gmt":"2026-04-02T20:28:15","guid":{"rendered":"http:\/\/new.ceasuri.md\/shop\/uncategorized\/diesel-master-chief-dz2182set\/"},"modified":"2026-04-07T04:34:40","modified_gmt":"2026-04-07T01:34:40","slug":"diesel-master-chief-dz2182set","status":"publish","type":"product","link":"https:\/\/ceasuri.md\/ru\/shop\/branduri\/diesel\/diesel-master-chief-dz2182set\/","title":{"rendered":"Ceas DIESEL MASTER CHIEF DZ2182SET"},"content":{"rendered":"<p>Diesel Master Chief, un ceas elegant \u0219i stilat, care cu siguran\u021b\u0103 va face o declara\u021bie la \u00eencheietura m\u00e2inii tale. Acest ceas dispune de un afi\u0219aj analogic al orei cu o mi\u0219care cu cuar\u021b, asigur\u00e2nd o cronometrare precis\u0103.<\/p>\n<p>Carcasa rotund\u0103 din o\u021bel inoxidabil are un diametru de 45 mm \u0219i o \u00een\u0103l\u021bime de 11 mm, ceea ce \u00eel face un accesoriu \u00eendr\u0103zne\u021b \u0219i atr\u0103g\u0103tor. Cadranul argintiu adaug\u0103 o not\u0103 de rafinament.<\/p>\n<p>Banda bicolor\u0103 din o\u021bel inoxidabil completeaz\u0103 perfect carcasa argintie \u0219i cadranul argintiu, cre\u00e2nd un aspect coerent \u0219i modern. Ceasul dispune, de asemenea, de o func\u021bie de afi\u0219are a datei.<\/p>\n<p>Cu o rezisten\u021b\u0103 la ap\u0103 de 10 bari, acest ceas este potrivit pentru purtarea zilnic\u0103 \u0219i poate rezista la stropiri \u0219i la scufund\u0103ri scurte \u00een ap\u0103. \u00cencuietoarea fluture sau pliabil\u0103 asigur\u0103 o fixare sigur\u0103 pe \u00eencheietura m\u00e2inii, astfel \u00eenc\u00e2t pute\u021bi purta acest ceas cu \u00eencredere.<\/p>\n<p>\u00cen general este un ceas versatil \u0219i la mod\u0103, perfect pentru purtarea zilnic\u0103.<\/p>","protected":false},"excerpt":{"rendered":"<p>Diesel Master Chief, un ceas elegant \u0219i stilat, care cu siguran\u021b\u0103 va face o declara\u021bie la \u00eencheietura m\u00e2inii tale. Acest ceas dispune de un afi\u0219aj analogic al orei cu o mi\u0219care cu cuar\u021b, asigur\u00e2nd o cronometrare precis\u0103. Carcasa rotund\u0103 din o\u021bel inoxidabil are un diametru de 45 mm \u0219i o \u00een\u0103l\u021bime de 11 mm, ceea [&hellip;]<\/p>\n","protected":false},"featured_media":50298,"comment_status":"closed","ping_status":"open","template":"","meta":{"_acf_changed":false},"product_brand":[],"product_cat":[20,580],"product_tag":[],"class_list":{"0":"post-50297","1":"product","2":"type-product","3":"status-publish","4":"has-post-thumbnail","6":"product_cat-ceasuri-barbati","7":"product_cat-diesel","8":"pa_brand-diesel","9":"pa_braslet-otel-inoxidabil","10":"pa_corpus-45-mm","11":"pa_forma-rotund","12":"pa_funcii-data","13":"pa_funcii-set-cadou","14":"pa_garatia-24-luni","15":"pa_korpus-argintiu","16":"pa_material-otel-inoxidabil","17":"pa_mehanizm-quartz","18":"pa_remeshok-bicolor","19":"pa_steklo-cristal-mineral","20":"pa_strana-italia","21":"pa_voda-10-atm","23":"first","24":"instock","25":"purchasable","26":"product-type-simple"},"acf":[],"_links":{"self":[{"href":"https:\/\/ceasuri.md\/ru\/wp-json\/wp\/v2\/product\/50297","targetHints":{"allow":["GET"]}}],"collection":[{"href":"https:\/\/ceasuri.md\/ru\/wp-json\/wp\/v2\/product"}],"about":[{"href":"https:\/\/ceasuri.md\/ru\/wp-json\/wp\/v2\/types\/product"}],"replies":[{"embeddable":true,"href":"https:\/\/ceasuri.md\/ru\/wp-json\/wp\/v2\/comments?post=50297"}],"wp:featuredmedia":[{"embeddable":true,"href":"https:\/\/ceasuri.md\/ru\/wp-json\/wp\/v2\/media\/50298"}],"wp:attachment":[{"href":"https:\/\/ceasuri.md\/ru\/wp-json\/wp\/v2\/media?parent=50297"}],"wp:term":[{"taxonomy":"product_brand","embeddable":true,"href":"https:\/\/ceasuri.md\/ru\/wp-json\/wp\/v2\/product_brand?post=50297"},{"taxonomy":"product_cat","embeddable":true,"href":"https:\/\/ceasuri.md\/ru\/wp-json\/wp\/v2\/product_cat?post=50297"},{"taxonomy":"product_tag","embeddable":true,"href":"https:\/\/ceasuri.md\/ru\/wp-json\/wp\/v2\/product_tag?post=50297"}],"curies":[{"name":"wp","href":"https:\/\/api.w.org\/{rel}","templated":true}]}}