{"id":50282,"date":"2026-04-02T23:28:15","date_gmt":"2026-04-02T20:28:15","guid":{"rendered":"http:\/\/new.ceasuri.md\/shop\/uncategorized\/casio-g-shock-dw-5600kh-1\/"},"modified":"2026-04-20T01:18:23","modified_gmt":"2026-04-19T22:18:23","slug":"casio-g-shock-dw-5600kh-1","status":"publish","type":"product","link":"https:\/\/ceasuri.md\/ru\/shop\/branduri\/casio\/casio-g-shock-dw-5600kh-1\/","title":{"rendered":"Ceas CASIO G-SHOCK DW-5600KH-1"},"content":{"rendered":"<p>Modelul este o colaborare \u00eentre brandul G-Shock, skaterul brazilian profesionist Kelvin Hofler \u0219i brandul american de skateboarding Powell Peralta.<\/p>\n<p>Ceasul are un cadran u\u0219or reflectorizant, o carcas\u0103 neagr\u0103 mat\u0103, un imprimeu tematic pe curea la fel ca skateboardul lui Kelvin, detalii ro\u0219ii pe cadran, autograful lui Hofler pe capacul din spate \u0219i logo-ul Powell Peralta pe afi\u0219ajul retroiluminat.<\/p>\n<p>Printre realiz\u0103rile lui Hofler se num\u0103r\u0103 o medalie de argint la street skateboarding masculin la Jocurile Olimpice de var\u0103 din 2020 de la Tokyo.<\/p>\n<p>V\u0103 reamintim c\u0103 silueta carcasei DW-5600 a devenit de mult timp un clasic al ceasurilor \u0219i este una dintre cele mai u\u0219or de recunoscut \u00een lumea ceasurilor de m\u00e2n\u0103. Pe l\u00e2ng\u0103 componenta vestimentar\u0103, nu trebuie s\u0103 uit\u0103m de rezisten\u021ba la ap\u0103 de 200 de metri \u0219i de legendara rezisten\u021b\u0103 la lovituri.<\/p>","protected":false},"excerpt":{"rendered":"<p>Modelul este o colaborare \u00eentre brandul G-Shock, skaterul brazilian profesionist Kelvin Hofler \u0219i brandul american de skateboarding Powell Peralta. Ceasul are un cadran u\u0219or reflectorizant, o carcas\u0103 neagr\u0103 mat\u0103, un imprimeu tematic pe curea la fel ca skateboardul lui Kelvin, detalii ro\u0219ii pe cadran, autograful lui Hofler pe capacul din spate \u0219i logo-ul Powell Peralta [&hellip;]<\/p>\n","protected":false},"featured_media":50283,"comment_status":"closed","ping_status":"open","template":"","meta":{"_acf_changed":false},"product_brand":[],"product_cat":[27,20,419],"product_tag":[],"class_list":{"0":"post-50282","1":"product","2":"type-product","3":"status-publish","4":"has-post-thumbnail","6":"product_cat-casio","7":"product_cat-ceasuri-barbati","8":"product_cat-g-shock","9":"pa_brand-casio","10":"pa_brand-g-shock","11":"pa_braslet-plastic","12":"pa_corpus-43x49mm","13":"pa_forma-octogonala","14":"pa_funcii-alarma","15":"pa_funcii-calendar","16":"pa_funcii-cronometru","17":"pa_funcii-data","18":"pa_funcii-ziua-saptamanii","19":"pa_garatia-24-luni","20":"pa_korpus-negru","21":"pa_korpus-rosu","22":"pa_kvarc-quartz","23":"pa_material-plastic","24":"pa_mehanizm-electronic","25":"pa_remeshok-negru","26":"pa_remeshok-rosu","27":"pa_steklo-cristal-mineral","28":"pa_strana-japonia","29":"pa_voda-20-atm","31":"first","32":"instock","33":"purchasable","34":"product-type-simple"},"acf":[],"_links":{"self":[{"href":"https:\/\/ceasuri.md\/ru\/wp-json\/wp\/v2\/product\/50282","targetHints":{"allow":["GET"]}}],"collection":[{"href":"https:\/\/ceasuri.md\/ru\/wp-json\/wp\/v2\/product"}],"about":[{"href":"https:\/\/ceasuri.md\/ru\/wp-json\/wp\/v2\/types\/product"}],"replies":[{"embeddable":true,"href":"https:\/\/ceasuri.md\/ru\/wp-json\/wp\/v2\/comments?post=50282"}],"wp:featuredmedia":[{"embeddable":true,"href":"https:\/\/ceasuri.md\/ru\/wp-json\/wp\/v2\/media\/50283"}],"wp:attachment":[{"href":"https:\/\/ceasuri.md\/ru\/wp-json\/wp\/v2\/media?parent=50282"}],"wp:term":[{"taxonomy":"product_brand","embeddable":true,"href":"https:\/\/ceasuri.md\/ru\/wp-json\/wp\/v2\/product_brand?post=50282"},{"taxonomy":"product_cat","embeddable":true,"href":"https:\/\/ceasuri.md\/ru\/wp-json\/wp\/v2\/product_cat?post=50282"},{"taxonomy":"product_tag","embeddable":true,"href":"https:\/\/ceasuri.md\/ru\/wp-json\/wp\/v2\/product_tag?post=50282"}],"curies":[{"name":"wp","href":"https:\/\/api.w.org\/{rel}","templated":true}]}}