{"id":50265,"date":"2026-04-02T23:28:15","date_gmt":"2026-04-02T20:28:15","guid":{"rendered":"http:\/\/new.ceasuri.md\/shop\/uncategorized\/casio-edifice-efr-574d-2avuef\/"},"modified":"2026-04-07T04:34:33","modified_gmt":"2026-04-07T01:34:33","slug":"casio-edifice-efr-574d-2avuef","status":"publish","type":"product","link":"https:\/\/ceasuri.md\/ru\/shop\/branduri\/casio\/casio-edifice-efr-574d-2avuef\/","title":{"rendered":"Ceas CASIO EDIFICE EFR-574D-2AVUEF"},"content":{"rendered":"<p>\u00centreaga gam\u0103 Edifice este multifunc\u021bional\u0103, iar toate func\u021biile sunt distribuite \u00eentre modulele independente ale mi\u0219c\u0103rii.<\/p>\n<p>Dac\u0103 aduna\u021bi toate modelele de accesorii, unite \u00eentr-o linie mare, pute\u021bi eviden\u021bia urm\u0103toarele caracteristici &#8211; pentru produc\u021bia de carcase se utilizeaz\u0103 o\u021bel de \u00eenalt\u0103 calitate. Alegerea acestui material se datoreaz\u0103 faptului c\u0103 v\u0103 permite s\u0103 ob\u021bine\u021bi rezisten\u021ba necesar\u0103 \u0219i nu provoac\u0103 reac\u021bii alergice chiar \u0219i \u00een contact constant cu pielea. \u00cen plus, nu reac\u021bioneaz\u0103 cu apa.<\/p>\n<p>Geamul mineral sau de safir asigur\u0103 un nivel adecvat de rezisten\u021b\u0103 la zg\u00e2rieturi. Nu prezint\u0103 pete \u0219i dungi. Re\u021bine\u021bi c\u0103 geamul nu este \u00eencastrat \u00een carcas\u0103, deci este mai bine s\u0103 nu-l expune\u021bi la lovituri.<\/p>\n<p>Un num\u0103r mare de func\u021bii, printre care se num\u0103r\u0103 at\u00e2t cele standard, c\u00e2t \u0219i cele destul de exotice, cum ar fi un termometru.<\/p>\n<p>Ast\u0103zi, multe celebrit\u0103\u021bi folosesc ceasurile Casio Edifice, consider\u00e2ndu-le un accesoriu excelent pentru orice ocazie. Designul lor atractiv \u0219i elegant, multifunc\u021bionalitatea, durabilitatea \u0219i fiabilitatea uimitoare le fac potrivite at\u00e2t pentru sporturi extreme, c\u00e2t \u0219i pentru ocazii sociale.<\/p>","protected":false},"excerpt":{"rendered":"<p>\u00centreaga gam\u0103 Edifice este multifunc\u021bional\u0103, iar toate func\u021biile sunt distribuite \u00eentre modulele independente ale mi\u0219c\u0103rii. Dac\u0103 aduna\u021bi toate modelele de accesorii, unite \u00eentr-o linie mare, pute\u021bi eviden\u021bia urm\u0103toarele caracteristici &#8211; pentru produc\u021bia de carcase se utilizeaz\u0103 o\u021bel de \u00eenalt\u0103 calitate. Alegerea acestui material se datoreaz\u0103 faptului c\u0103 v\u0103 permite s\u0103 ob\u021bine\u021bi rezisten\u021ba necesar\u0103 \u0219i nu [&hellip;]<\/p>\n","protected":false},"featured_media":50266,"comment_status":"closed","ping_status":"open","template":"","meta":{"_acf_changed":false},"product_brand":[],"product_cat":[27,20,536],"product_tag":[],"class_list":{"0":"post-50265","1":"product","2":"type-product","3":"status-publish","4":"has-post-thumbnail","6":"product_cat-casio","7":"product_cat-ceasuri-barbati","8":"product_cat-edifice","9":"pa_brand-casio","10":"pa_brand-edifice","11":"pa_braslet-otel-inoxidabil","12":"pa_corpus-42-mm","13":"pa_forma-rotund","14":"pa_funcii-cronograf","15":"pa_funcii-data","16":"pa_funcii-tahimetru","17":"pa_funcii-ziua-saptamanii","18":"pa_garatia-24-luni","19":"pa_korpus-argintiu","20":"pa_material-otel-inoxidabil","21":"pa_mehanizm-quartz","22":"pa_remeshok-argintiu","23":"pa_steklo-cristal-mineral","24":"pa_strana-japonia","25":"pa_voda-10-atm","27":"first","28":"instock","29":"purchasable","30":"product-type-simple"},"acf":[],"_links":{"self":[{"href":"https:\/\/ceasuri.md\/ru\/wp-json\/wp\/v2\/product\/50265","targetHints":{"allow":["GET"]}}],"collection":[{"href":"https:\/\/ceasuri.md\/ru\/wp-json\/wp\/v2\/product"}],"about":[{"href":"https:\/\/ceasuri.md\/ru\/wp-json\/wp\/v2\/types\/product"}],"replies":[{"embeddable":true,"href":"https:\/\/ceasuri.md\/ru\/wp-json\/wp\/v2\/comments?post=50265"}],"wp:featuredmedia":[{"embeddable":true,"href":"https:\/\/ceasuri.md\/ru\/wp-json\/wp\/v2\/media\/50266"}],"wp:attachment":[{"href":"https:\/\/ceasuri.md\/ru\/wp-json\/wp\/v2\/media?parent=50265"}],"wp:term":[{"taxonomy":"product_brand","embeddable":true,"href":"https:\/\/ceasuri.md\/ru\/wp-json\/wp\/v2\/product_brand?post=50265"},{"taxonomy":"product_cat","embeddable":true,"href":"https:\/\/ceasuri.md\/ru\/wp-json\/wp\/v2\/product_cat?post=50265"},{"taxonomy":"product_tag","embeddable":true,"href":"https:\/\/ceasuri.md\/ru\/wp-json\/wp\/v2\/product_tag?post=50265"}],"curies":[{"name":"wp","href":"https:\/\/api.w.org\/{rel}","templated":true}]}}