{"id":50258,"date":"2026-04-02T23:28:15","date_gmt":"2026-04-02T20:28:15","guid":{"rendered":"http:\/\/new.ceasuri.md\/shop\/uncategorized\/casio-g-shock-ga-2100sb-1a\/"},"modified":"2026-04-20T01:18:30","modified_gmt":"2026-04-19T22:18:30","slug":"casio-g-shock-ga-2100sb-1a","status":"publish","type":"product","link":"https:\/\/ceasuri.md\/ru\/shop\/branduri\/casio\/casio-g-shock-ga-2100sb-1a\/","title":{"rendered":"\u0427\u0430\u0441\u044b CASIO G-SHOCK GA-2100SB-1A"},"content":{"rendered":"<p>Acest model este o apari\u021bie nou\u0103, care aduce un luciu metalic cadranului, datorit\u0103 unei tehnici speciale de vaporizare.<\/p>\n<p>Durabilitatea ridicat\u0103 a carcasei este asigurat\u0103 de noua construc\u021bie Carbon Core Guard. Aceasta este realizat\u0103 din plastic, \u00eent\u0103rit\u0103 \u0219i consolidat\u0103 cu fibre de carbon, special\u0103 fiind \u0219i construc\u021bia butoanelor, protej\u00e2nd modelul de p\u0103trunderea murd\u0103riei. Combina\u021bia men\u021bionat\u0103 mai sus permite crearea unei unit\u0103\u021bi mai compacte \u0219i mai u\u0219oare.<\/p>\n<p>Ceasul are un cadran combinat, analogic \u0219i digital, care afi\u0219eaz\u0103 data, ziua s\u0103pt\u0103m\u00e2nii, cronometrul, alarma \u0219i alte func\u021bii pe care le ve\u021bi folosi \u00een timpul sportului \u0219i al timpului liber.<\/p>\n<p>Carcasa din plastic armat cu fibr\u0103 de carbon a ceasului este completat\u0103 de o curea din cauciuc care se remarc\u0103 prin durabilitate. Materialele folosite au contribuit la reducerea greut\u0103\u021bii ceasului la doar 51 de grame.<\/p>\n<p>Cadranul este protejat de o sticl\u0103 mineral\u0103. Pentru o citire u\u0219oar\u0103 \u00een condi\u021bii de iluminare slab\u0103, ceasul este dotat cu iluminare dubl\u0103 cu LED-uri, care lumineaz\u0103 at\u00e2t partea analogic\u0103, c\u00e2t \u0219i afi\u0219ajul digital atunci c\u00e2nd este ap\u0103sat butonul.<\/p>\n<p>Un subcadran care indic\u0103 ziua curent\u0103 este situat \u00een pozi\u021bia de la ora 9, \u00een timp ce afi\u0219ajul digital arat\u0103 nu numai modul selectat, ci \u0219i datele. Diametrul carcasei de 45,4 mm face ca acesta s\u0103 fie unul dintre ceasurile mai mari. Rezisten\u021ba la ap\u0103 a acestui model este de 200 m, astfel \u00eenc\u00e2t pute\u021bi \u00eenota cu ceasul f\u0103r\u0103 probleme.<\/p>\n<p>Seria de modele Casio G-Shock ofer\u0103 un ceas potrivit pentru to\u021bi cei care caut\u0103 o combina\u021bie \u00eentre un ceas durabil, sportiv, cu un design atractiv, combinat cu o gam\u0103 bogat\u0103 de func\u021bii. Toate modelele din aceast\u0103 gam\u0103 popular\u0103 la nivel mondial sunt mai rezistente la lovituri \u0219i impacturi dec\u00e2t ceasurile conven\u021bionale. De asemenea, acestea demonstreaz\u0103 o rezisten\u021b\u0103 sporit\u0103 la c\u00e2mpurile magnetice.<\/p>","protected":false},"excerpt":{"rendered":"<p>Acest model este o apari\u021bie nou\u0103, care aduce un luciu metalic cadranului, datorit\u0103 unei tehnici speciale de vaporizare. Durabilitatea ridicat\u0103 a carcasei este asigurat\u0103 de noua construc\u021bie Carbon Core Guard. Aceasta este realizat\u0103 din plastic, \u00eent\u0103rit\u0103 \u0219i consolidat\u0103 cu fibre de carbon, special\u0103 fiind \u0219i construc\u021bia butoanelor, protej\u00e2nd modelul de p\u0103trunderea murd\u0103riei. Combina\u021bia men\u021bionat\u0103 mai [&hellip;]<\/p>\n","protected":false},"featured_media":50259,"comment_status":"closed","ping_status":"open","template":"","meta":{"_acf_changed":false},"product_brand":[],"product_cat":[27,20,25,419],"product_tag":[],"class_list":{"0":"post-50258","1":"product","2":"type-product","3":"status-publish","4":"has-post-thumbnail","6":"product_cat-casio","7":"product_cat-ceasuri-barbati","8":"product_cat-ceasuri-dama","9":"product_cat-g-shock","10":"pa_brand-casio","11":"pa_brand-g-shock","12":"pa_braslet-plastic","13":"pa_corpus-45x49mm","14":"pa_forma-octogonala","15":"pa_funcii-alarma","16":"pa_funcii-calendar","17":"pa_funcii-cronograf","18":"pa_funcii-data","19":"pa_funcii-dual-time","20":"pa_funcii-iluminare","21":"pa_funcii-timp-mondial","22":"pa_funcii-ziua-saptamanii","23":"pa_garatia-24-luni","24":"pa_korpus-negru","25":"pa_kvarc-quartz","26":"pa_material-carbon","27":"pa_material-plastic","28":"pa_mehanizm-electronic","29":"pa_mehanizm-quartz","30":"pa_remeshok-negru","31":"pa_steklo-cristal-mineral","32":"pa_strana-japonia","33":"pa_voda-20-atm","35":"first","36":"instock","37":"purchasable","38":"product-type-simple"},"acf":[],"_links":{"self":[{"href":"https:\/\/ceasuri.md\/ru\/wp-json\/wp\/v2\/product\/50258","targetHints":{"allow":["GET"]}}],"collection":[{"href":"https:\/\/ceasuri.md\/ru\/wp-json\/wp\/v2\/product"}],"about":[{"href":"https:\/\/ceasuri.md\/ru\/wp-json\/wp\/v2\/types\/product"}],"replies":[{"embeddable":true,"href":"https:\/\/ceasuri.md\/ru\/wp-json\/wp\/v2\/comments?post=50258"}],"wp:featuredmedia":[{"embeddable":true,"href":"https:\/\/ceasuri.md\/ru\/wp-json\/wp\/v2\/media\/50259"}],"wp:attachment":[{"href":"https:\/\/ceasuri.md\/ru\/wp-json\/wp\/v2\/media?parent=50258"}],"wp:term":[{"taxonomy":"product_brand","embeddable":true,"href":"https:\/\/ceasuri.md\/ru\/wp-json\/wp\/v2\/product_brand?post=50258"},{"taxonomy":"product_cat","embeddable":true,"href":"https:\/\/ceasuri.md\/ru\/wp-json\/wp\/v2\/product_cat?post=50258"},{"taxonomy":"product_tag","embeddable":true,"href":"https:\/\/ceasuri.md\/ru\/wp-json\/wp\/v2\/product_tag?post=50258"}],"curies":[{"name":"wp","href":"https:\/\/api.w.org\/{rel}","templated":true}]}}