{"id":50254,"date":"2026-04-02T23:28:15","date_gmt":"2026-04-02T20:28:15","guid":{"rendered":"http:\/\/new.ceasuri.md\/shop\/uncategorized\/casio-g-shock-ga-b2100-3a\/"},"modified":"2026-04-20T01:18:42","modified_gmt":"2026-04-19T22:18:42","slug":"casio-g-shock-ga-b2100-3a","status":"publish","type":"product","link":"https:\/\/ceasuri.md\/ru\/shop\/branduri\/casio\/casio-g-shock-ga-b2100-3a\/","title":{"rendered":"\u0427\u0430\u0441\u044b CASIO G-SHOCK GA-B2100-3A"},"content":{"rendered":"<p>Mult a\u0219teptata actualizare a uneia dintre cele mai populare carcase G-Shock din ultimii ani. Modelul elegant cu carcas\u0103 octogonal\u0103 de culoare kaki din seria GA-B2100 p\u0103streaz\u0103 aspectul predecesorilor s\u0103i din seria GA-2100, dar prime\u0219te un modul mai avansat din punct de vedere tehnologic, cu sincronizare bluetooth cu un smartphone \u0219i un panou solar la bord.<\/p>\n<p>Altfel, modelul se deosebe\u0219te \u00een continuare de alte prin u\u0219urin\u021ba, compactitatea \u0219i grosimea carcasei de numai 11,9 mm, care a fost posibil\u0103 datorit\u0103 tehnologiei Carbon Core Guard: modulul ceasului este protejat de o carcas\u0103 din poliuretan armat cu carbon u\u0219or \u0219i ultrarezistent, iar cadranul este acoperit cu sticl\u0103 mineral\u0103 temperat\u0103.<\/p>\n<p>Ceasul are un design minimalist, iar acele contrastante, pe cadranul negru cu afi\u0219aj cu inversare, asigur\u0103 o ergonomie ridicat\u0103 la utilizarea ceasului.<\/p>\n<p>O alt\u0103 caracteristic\u0103 a ceasului este fixarea convenabil\u0103 a curelei, acum v\u0103 va lua doar c\u00e2teva secunde pentru a schimba cureaua.<\/p>\n<p>Nu trebuie s\u0103 uit\u0103m de standardul de rezisten\u021b\u0103 la ap\u0103 pentru de 200 de metri, func\u021biile de cronometru, ora mondial\u0103, precum \u0219i iluminarea dubl\u0103 luminoas\u0103 a cadranului \u0219i a afi\u0219ajului.<\/p>","protected":false},"excerpt":{"rendered":"<p>Mult a\u0219teptata actualizare a uneia dintre cele mai populare carcase G-Shock din ultimii ani. Modelul elegant cu carcas\u0103 octogonal\u0103 de culoare kaki din seria GA-B2100 p\u0103streaz\u0103 aspectul predecesorilor s\u0103i din seria GA-2100, dar prime\u0219te un modul mai avansat din punct de vedere tehnologic, cu sincronizare bluetooth cu un smartphone \u0219i un panou solar la bord. [&hellip;]<\/p>\n","protected":false},"featured_media":50255,"comment_status":"closed","ping_status":"open","template":"","meta":{"_acf_changed":false},"product_brand":[],"product_cat":[27,20,419],"product_tag":[],"class_list":{"0":"post-50254","1":"product","2":"type-product","3":"status-publish","4":"has-post-thumbnail","6":"product_cat-casio","7":"product_cat-ceasuri-barbati","8":"product_cat-g-shock","9":"pa_brand-casio","10":"pa_brand-g-shock","11":"pa_braslet-plastic","12":"pa_corpus-45x49mm","13":"pa_forma-octogonala","14":"pa_funcii-alarma","15":"pa_funcii-bluetooth-smart","16":"pa_funcii-calendar","17":"pa_funcii-cronometru","18":"pa_funcii-data","19":"pa_funcii-dual-time","20":"pa_funcii-iluminare","21":"pa_funcii-rezerva-de-energie","22":"pa_funcii-timp-mondial","23":"pa_garatia-24-luni","24":"pa_korpus-verde","25":"pa_kvarc-quartz","26":"pa_material-carbon","27":"pa_material-plastic","28":"pa_mehanizm-baterie-solara","29":"pa_mehanizm-quartz","30":"pa_remeshok-verde","31":"pa_steklo-cristal-mineral","32":"pa_strana-japonia","33":"pa_voda-20-atm","35":"first","36":"instock","37":"purchasable","38":"product-type-simple"},"acf":[],"_links":{"self":[{"href":"https:\/\/ceasuri.md\/ru\/wp-json\/wp\/v2\/product\/50254","targetHints":{"allow":["GET"]}}],"collection":[{"href":"https:\/\/ceasuri.md\/ru\/wp-json\/wp\/v2\/product"}],"about":[{"href":"https:\/\/ceasuri.md\/ru\/wp-json\/wp\/v2\/types\/product"}],"replies":[{"embeddable":true,"href":"https:\/\/ceasuri.md\/ru\/wp-json\/wp\/v2\/comments?post=50254"}],"wp:featuredmedia":[{"embeddable":true,"href":"https:\/\/ceasuri.md\/ru\/wp-json\/wp\/v2\/media\/50255"}],"wp:attachment":[{"href":"https:\/\/ceasuri.md\/ru\/wp-json\/wp\/v2\/media?parent=50254"}],"wp:term":[{"taxonomy":"product_brand","embeddable":true,"href":"https:\/\/ceasuri.md\/ru\/wp-json\/wp\/v2\/product_brand?post=50254"},{"taxonomy":"product_cat","embeddable":true,"href":"https:\/\/ceasuri.md\/ru\/wp-json\/wp\/v2\/product_cat?post=50254"},{"taxonomy":"product_tag","embeddable":true,"href":"https:\/\/ceasuri.md\/ru\/wp-json\/wp\/v2\/product_tag?post=50254"}],"curies":[{"name":"wp","href":"https:\/\/api.w.org\/{rel}","templated":true}]}}