{"id":50250,"date":"2026-04-02T23:28:15","date_gmt":"2026-04-02T20:28:15","guid":{"rendered":"http:\/\/new.ceasuri.md\/shop\/uncategorized\/casio-g-shock-gba-900uu-3aer\/"},"modified":"2026-04-20T01:18:44","modified_gmt":"2026-04-19T22:18:44","slug":"casio-g-shock-gba-900uu-3aer","status":"publish","type":"product","link":"https:\/\/ceasuri.md\/ru\/shop\/branduri\/casio\/casio-g-shock-gba-900uu-3aer\/","title":{"rendered":"\u0427\u0430\u0441\u044b CASIO G-SHOCK GBA-900UU-3AER"},"content":{"rendered":"<p>Proasp\u0103t lansat \u00een 2022 este un model G-Shock actualizat, cu un caracter sportiv, din seria analogic\u0103-digital\u0103 GBA-900.<\/p>\n<p>Pe l\u00e2ng\u0103 aspectul s\u0103u actualizat, acest model de culoare kaki dispune de o func\u021bie de pedometru \u0219i este capabil s\u0103 v\u0103 urm\u0103reasc\u0103 activitatea zilnic\u0103, iar cu ajutorul tehnologiei Bluetooth\u00ae, ceasul este capabil s\u0103 se sincronizeze cu smartphone-ul dvs. \u0219i s\u0103 afi\u0219eze \u00een plus to\u021bi parametrii activit\u0103\u021bii dvs. zilnice \u00een aplica\u021bia pentru smartphone \u00een cel mai convenabil \u0219i vizual mod posibil. Ceasul este, de asemenea, capabil s\u0103 afi\u0219eze notific\u0103ri ale apelurilor \u0219i mesajelor primite.<\/p>\n<p>Ceasul dispune de un cronometru multifunc\u021bional care poate fi utilizat pentru antrenamentul pe intervale. Temporizatorul \u0219i intervalele de semnale sonore pot fi acum setate \u00een mod convenabil prin intermediul aplica\u021biei G-Shock Move de pe smartphone \u0219i pot fi rulate pe ceas \u00een timpul antrenamentului.<\/p>\n<p>Pedometrul m\u0103soar\u0103, de asemenea, performan\u021ba de alergare: distan\u021ba, ritmul \u0219i caloriile arse. Un buton DISP separat pe partea st\u00e2ng\u0103 a carcasei v\u0103 permite s\u0103 comuta\u021bi rapid \u00eentre modurile de afi\u0219are a informa\u021biilor pe ecranele ceasului.<\/p>\n<p>Ceasul este potrivit at\u00e2t pentru purtarea de zi cu zi, fiind un accesoriu luminos \u0219i elegant, c\u00e2t \u0219i poate deveni un dispozitiv utilitar pentru antrenamentele zilnice.<\/p>","protected":false},"excerpt":{"rendered":"<p>Proasp\u0103t lansat \u00een 2022 este un model G-Shock actualizat, cu un caracter sportiv, din seria analogic\u0103-digital\u0103 GBA-900. Pe l\u00e2ng\u0103 aspectul s\u0103u actualizat, acest model de culoare kaki dispune de o func\u021bie de pedometru \u0219i este capabil s\u0103 v\u0103 urm\u0103reasc\u0103 activitatea zilnic\u0103, iar cu ajutorul tehnologiei Bluetooth\u00ae, ceasul este capabil s\u0103 se sincronizeze cu smartphone-ul dvs. [&hellip;]<\/p>\n","protected":false},"featured_media":50251,"comment_status":"closed","ping_status":"open","template":"","meta":{"_acf_changed":false},"product_brand":[],"product_cat":[27,20,419],"product_tag":[],"class_list":{"0":"post-50250","1":"product","2":"type-product","3":"status-publish","4":"has-post-thumbnail","6":"product_cat-casio","7":"product_cat-ceasuri-barbati","8":"product_cat-g-shock","9":"pa_brand-casio","10":"pa_brand-g-shock","11":"pa_braslet-plastic","12":"pa_corpus-49-mm","13":"pa_forma-rotund","14":"pa_funcii-accelerometru","15":"pa_funcii-bluetooth-smart","16":"pa_funcii-calendar","17":"pa_funcii-cronometru","18":"pa_funcii-dual-time","19":"pa_funcii-iluminare","20":"pa_funcii-pedometru","21":"pa_funcii-timp-mondial","22":"pa_garatia-24-luni","23":"pa_korpus-verde","24":"pa_kvarc-quartz","25":"pa_material-plastic","26":"pa_mehanizm-electronic","27":"pa_mehanizm-quartz","28":"pa_remeshok-verde","29":"pa_steklo-cristal-mineral","30":"pa_strana-japonia","31":"pa_voda-20-atm","33":"first","34":"instock","35":"purchasable","36":"product-type-simple"},"acf":[],"_links":{"self":[{"href":"https:\/\/ceasuri.md\/ru\/wp-json\/wp\/v2\/product\/50250","targetHints":{"allow":["GET"]}}],"collection":[{"href":"https:\/\/ceasuri.md\/ru\/wp-json\/wp\/v2\/product"}],"about":[{"href":"https:\/\/ceasuri.md\/ru\/wp-json\/wp\/v2\/types\/product"}],"replies":[{"embeddable":true,"href":"https:\/\/ceasuri.md\/ru\/wp-json\/wp\/v2\/comments?post=50250"}],"wp:featuredmedia":[{"embeddable":true,"href":"https:\/\/ceasuri.md\/ru\/wp-json\/wp\/v2\/media\/50251"}],"wp:attachment":[{"href":"https:\/\/ceasuri.md\/ru\/wp-json\/wp\/v2\/media?parent=50250"}],"wp:term":[{"taxonomy":"product_brand","embeddable":true,"href":"https:\/\/ceasuri.md\/ru\/wp-json\/wp\/v2\/product_brand?post=50250"},{"taxonomy":"product_cat","embeddable":true,"href":"https:\/\/ceasuri.md\/ru\/wp-json\/wp\/v2\/product_cat?post=50250"},{"taxonomy":"product_tag","embeddable":true,"href":"https:\/\/ceasuri.md\/ru\/wp-json\/wp\/v2\/product_tag?post=50250"}],"curies":[{"name":"wp","href":"https:\/\/api.w.org\/{rel}","templated":true}]}}